{"id":9777,"date":"2015-07-10T14:14:20","date_gmt":"2015-07-10T12:14:20","guid":{"rendered":"https:\/\/3ciencias.com\/i-congreso-internacional-online-economia-empresa-sociedad\/inscripcion\/inscripcion\/"},"modified":"2015-07-10T14:14:20","modified_gmt":"2015-07-10T12:14:20","slug":"inscripcion","status":"publish","type":"page","link":"https:\/\/3ciencias.com\/en\/i-congreso-internacional-online-economia-empresa-sociedad\/inscripcion\/inscripcion\/","title":{"rendered":"Formulario de inscripci\u00f3n"},"content":{"rendered":"<p><!-- Begin MailChimp Signup Form --><\/p>\n<div id=\"mc_embed_signup\">\n<form id=\"mc-embedded-subscribe-form\" class=\"validate\" action=\"\/\/3ciencias.us5.list-manage.com\/subscribe\/post?u=07f439699d688c5ecccbb71c7&amp;id=e85668e206\" method=\"post\" name=\"mc-embedded-subscribe-form\" novalidate=\"\" target=\"_blank\">\n<div id=\"mc_embed_signup_scroll\">\n<h2>Datos del participante<\/h2>\n<div class=\"indicates-required\" style=\"text-align: right;\"><span class=\"asterisk\">*<\/span> Campos obligatorios<\/div>\n<div class=\"mc-field-group\"><label for=\"mce-EMAIL\">Correo electr\u00f3nico <span class=\"asterisk\">*<\/span><br \/>\n<\/label><br \/>\n<input id=\"mce-EMAIL\" class=\"required email\" name=\"EMAIL\" type=\"email\" value=\"\" \/><\/div>\n<div class=\"mc-field-group\"><label for=\"mce-MMERGE19\">Nombre completo <span class=\"asterisk\">*<\/span><br \/>\n<\/label><br \/>\n<input id=\"mce-MMERGE19\" class=\"required\" name=\"MMERGE19\" type=\"text\" value=\"\" \/><\/div>\n<div class=\"mc-field-group\"><label for=\"mce-MMERGE1\">DNI\/N\u00famero de identidad <span class=\"asterisk\">*<\/span><br \/>\n<\/label><br \/>\n<input id=\"mce-MMERGE1\" class=\"required\" name=\"MMERGE1\" type=\"text\" value=\"\" \/><\/div>\n<div class=\"mc-field-group\"><label for=\"mce-MMERGE4\">Direcci\u00f3n <\/label><br \/>\n<input id=\"mce-MMERGE4\" class=\"\" name=\"MMERGE4\" type=\"text\" value=\"\" \/><\/div>\n<div class=\"mc-field-group\"><label for=\"mce-MMERGE5\">Ciudad <span class=\"asterisk\">*<\/span><br \/>\n<\/label><br \/>\n<input id=\"mce-MMERGE5\" class=\"required\" name=\"MMERGE5\" type=\"text\" value=\"\" \/><\/div>\n<div class=\"mc-field-group\"><label for=\"mce-MMERGE6\">Pa\u00eds <span class=\"asterisk\">*<\/span><br \/>\n<\/label><br \/>\n<input id=\"mce-MMERGE6\" class=\"required\" name=\"MMERGE6\" type=\"text\" value=\"\" \/><\/div>\n<div class=\"mc-field-group\"><label for=\"mce-MMERGE2\">C\u00f3digo Postal <span class=\"asterisk\">*<\/span><br \/>\n<\/label><br \/>\n<input id=\"mce-MMERGE2\" class=\"required\" name=\"MMERGE2\" type=\"text\" value=\"\" \/><\/div>\n<div class=\"mc-field-group\"><label for=\"mce-MMERGE3\">Tel\u00e9fono de contacto <span class=\"asterisk\">*<\/span><br \/>\n<\/label><br \/>\n<input id=\"mce-MMERGE3\" class=\"required\" name=\"MMERGE3\" type=\"text\" value=\"\" \/><\/div>\n<div class=\"mc-field-group\"><label for=\"mce-MMERGE9\">Lugar de trabajo <span class=\"asterisk\">*<\/span><br \/>\n<\/label><br \/>\n<input id=\"mce-MMERGE9\" class=\"required\" name=\"MMERGE9\" type=\"text\" value=\"\" \/><\/div>\n<div class=\"mc-field-group\"><label for=\"mce-MMERGE10\">Profesi\u00f3n <span class=\"asterisk\">*<\/span><br \/>\n<\/label><br \/>\n<input id=\"mce-MMERGE10\" class=\"required\" name=\"MMERGE10\" type=\"text\" value=\"\" \/><\/div>\n<div class=\"mc-field-group\"><label for=\"mce-MMERGE11\">T\u00edtulo de la comunicaci\u00f3n <span class=\"asterisk\">*<\/span><br \/>\n<\/label><br \/>\n<input id=\"mce-MMERGE11\" class=\"required\" name=\"MMERGE11\" type=\"text\" value=\"\" \/><\/div>\n<\/div>\n<p>&nbsp;<\/p>\n<div><strong>Datos de facturaci\u00f3n<\/strong><\/div>\n<p>&nbsp;<\/p>\n<div>\n<div class=\"mc-field-group input-group\"><input id=\"mce-group[16805]-16805-0\" name=\"group[16805][1]\" type=\"checkbox\" value=\"Persona inscrita\" \/>Persona inscrita<br \/>\n<input id=\"mce-group[16805]-16805-1\" name=\"group[16805][2]\" type=\"checkbox\" value=\"Otra persona\/entidad\" \/>Otra persona\/entidad<\/div>\n<p>&nbsp;<\/p>\n<div class=\"mc-field-group input-group\"><strong>IMPORTANTE<\/strong>. Los siguientes campos solo se cumplimentan en caso de haber elegido la opci\u00f3n &#8220;Facturar a nombre de otra persona\/instituci\u00f3n&#8221;.<\/div>\n<div class=\"mc-field-group\"><\/div>\n<div class=\"mc-field-group\"><label for=\"mce-MMERGE12\">Empresa\/Instituci\u00f3n <\/label><br \/>\n<input id=\"mce-MMERGE12\" class=\"\" name=\"MMERGE12\" type=\"text\" value=\"\" \/><\/div>\n<div class=\"mc-field-group\"><label for=\"mce-MMERGE7\">Correo electr\u00f3nico para env\u00edo de factura <\/label><br \/>\n<input id=\"mce-MMERGE7\" class=\"\" name=\"MMERGE7\" type=\"text\" value=\"\" \/><\/div>\n<div class=\"mc-field-group\"><label for=\"mce-MMERGE8\">CIF\/DNI <\/label><br \/>\n<input id=\"mce-MMERGE8\" class=\"\" name=\"MMERGE8\" type=\"text\" value=\"\" \/><\/div>\n<div class=\"mc-field-group\"><label for=\"mce-MMERGE15\">Ciudad <\/label><br \/>\n<input id=\"mce-MMERGE15\" class=\"\" name=\"MMERGE15\" type=\"text\" value=\"\" \/><\/div>\n<div class=\"mc-field-group\"><label for=\"mce-MMERGE16\">Pa\u00eds <\/label><br \/>\n<input id=\"mce-MMERGE16\" class=\"\" name=\"MMERGE16\" type=\"text\" value=\"\" \/><\/div>\n<div class=\"mc-field-group\"><label for=\"mce-MMERGE13\">C\u00f3digo Postal <\/label><br \/>\n<input id=\"mce-MMERGE13\" class=\"\" name=\"MMERGE13\" type=\"text\" value=\"\" \/><\/div>\n<div class=\"mc-field-group input-group\"><\/div>\n<div id=\"mce-responses\" class=\"clear\"><\/div>\n<div style=\"position: absolute; left: -5000px;\"><input tabindex=\"-1\" name=\"b_07f439699d688c5ecccbb71c7_e85668e206\" type=\"text\" value=\"\" \/><\/div>\n<\/div>\n<div class=\"mc-field-group input-group\">\n<h2>Comprobante del Pago (Seleccionar). Transferencia bancaria a \u00c1rea de Innovaci\u00f3n y Desarrollo<\/h2>\n<p>Entidad bancaria: ING Direct<br \/>\nDirecci\u00f3n oficina central: Calle Severo Ochoa 2, 28232 Las Rozas (Madrid)<br \/>\nTitular: \u00c1rea de Innovaci\u00f3n y Desarrollo, S.L.<br \/>\nCuenta bancar\u00eda: ES61 1465 0100 97 1900299933<br \/>\nSWIFT: INGDESMM<\/p>\n<h2>IMPORTANTE<\/h2>\n<p>*Es imprescindible cumplimentar todos los datos de este formulario. Los DATOS PERSONALES DE CONTACTO, son obligatorios. Esta solicitud de inscripci\u00f3n se considerar\u00e1 v\u00e1lida una vez que la Secretar\u00eda T\u00e9cnica le confirme la misma a la direcci\u00f3n de correo electr\u00f3nico que nos ha se\u00f1alado en este formulario.<\/p>\n<\/div>\n<div id=\"mce-responses\" class=\"clear\"><\/div>\n<p><!-- real people should not fill this in and expect good things - do not remove this or risk form bot signups--><\/p>\n<div style=\"position: absolute; left: -5000px;\"><input tabindex=\"-1\" name=\"b_c74dfb8e1e954bbfe9ecd5e32_5d4b6a07e6\" type=\"text\" value=\"\" \/><\/div>\n<p>Haciendo clic en &#8220;Enviar&#8221; est\u00e1 aceptando la <a href=\"https:\/\/3ciencias.com\/politica-de-proteccion-de-datos-de-registro-de-usuarios\/\" target=\"_blank\">Pol\u00edtica de protecci\u00f3n de datos<\/a><\/p>\n<div class=\"clear\"><input id=\"mc-embedded-subscribe\" class=\"button\" name=\"subscribe\" type=\"submit\" value=\"Enviar\" \/><\/div>\n<\/form>\n<\/div>\n<p><!--End mc_embed_signup--><\/p>\n","protected":false},"excerpt":{"rendered":"<p>Datos del participante * Campos obligatorios Correo electr\u00f3nico * Nombre completo * DNI\/N\u00famero de identidad * Direcci\u00f3n Ciudad * Pa\u00eds * C\u00f3digo Postal * Tel\u00e9fono de contacto * Lugar de trabajo * Profesi\u00f3n * T\u00edtulo de la comunicaci\u00f3n * &nbsp; &hellip; <a href=\"https:\/\/3ciencias.com\/en\/i-congreso-internacional-online-economia-empresa-sociedad\/inscripcion\/inscripcion\/\">leer m\u00e1s <span class=\"meta-nav\">&rarr;<\/span><\/a><\/p>\n","protected":false},"author":1,"featured_media":0,"parent":9417,"menu_order":0,"comment_status":"open","ping_status":"open","template":"tp-congreso.php","meta":{"_bbp_topic_count":0,"_bbp_reply_count":0,"_bbp_total_topic_count":0,"_bbp_total_reply_count":0,"_bbp_voice_count":0,"_bbp_anonymous_reply_count":0,"_bbp_topic_count_hidden":0,"_bbp_reply_count_hidden":0,"_bbp_forum_subforum_count":0,"_mi_skip_tracking":false,"_monsterinsights_sitenote_active":false,"_monsterinsights_sitenote_note":"","_monsterinsights_sitenote_category":0,"footnotes":""},"acf":[],"_links":{"self":[{"href":"https:\/\/3ciencias.com\/en\/wp-json\/wp\/v2\/pages\/9777"}],"collection":[{"href":"https:\/\/3ciencias.com\/en\/wp-json\/wp\/v2\/pages"}],"about":[{"href":"https:\/\/3ciencias.com\/en\/wp-json\/wp\/v2\/types\/page"}],"author":[{"embeddable":true,"href":"https:\/\/3ciencias.com\/en\/wp-json\/wp\/v2\/users\/1"}],"replies":[{"embeddable":true,"href":"https:\/\/3ciencias.com\/en\/wp-json\/wp\/v2\/comments?post=9777"}],"version-history":[{"count":0,"href":"https:\/\/3ciencias.com\/en\/wp-json\/wp\/v2\/pages\/9777\/revisions"}],"up":[{"embeddable":true,"href":"https:\/\/3ciencias.com\/en\/wp-json\/wp\/v2\/pages\/9417"}],"wp:attachment":[{"href":"https:\/\/3ciencias.com\/en\/wp-json\/wp\/v2\/media?parent=9777"}],"curies":[{"name":"wp","href":"https:\/\/api.w.org\/{rel}","templated":true}]}}