{"id":9776,"date":"2015-07-10T14:19:29","date_gmt":"2015-07-10T12:19:29","guid":{"rendered":"https:\/\/3ciencias.com\/i-congreso-internacional-online-economia-empresa-sociedad\/normativa-sobre-congreso\/"},"modified":"2015-07-10T14:19:29","modified_gmt":"2015-07-10T12:19:29","slug":"normativa-sobre-congreso","status":"publish","type":"page","link":"https:\/\/3ciencias.com\/en\/i-congreso-internacional-online-economia-empresa-sociedad\/normativa-sobre-congreso\/","title":{"rendered":"Normativa sobre el congreso"},"content":{"rendered":"<p style=\"text-align: justify;\">Toda persona interesada debe mandar inicialmente el <strong>resumen<\/strong> al correo <a href=\"mailto:info@3ciencias.com\">info@3ciencias.com<\/a> hasta el<strong> 15 de marzo<\/strong>.<\/p>\n<p style=\"text-align: justify;\">El <strong>20 de marzo <\/strong>se comunicar\u00e1 el <strong>veridicto de la evaluaci\u00f3n del comit\u00e9 cient\u00edfico<\/strong> mediante un correo electr\u00f3nico.<\/p>\n<p style=\"text-align: justify;\">Desde el momento que se abre el Congreso, cada autor puede cumplimentar <strong>la inscripci\u00f3n correspondiente<\/strong> (y podr\u00e1 hacerlo hasta el 31 de marzo)<strong>, y una vez haya sido notificado de que su trabajo ha sido aceptado, realizar el pago de participaci\u00f3n<\/strong> a trav\u00e9s de <strong>transferencia bancaria<\/strong>, remitiendo el correspondiente justificante de pago al correo <a href=\"mailto:info@3ciencias.com\">info@3ciencias.com<\/a>.<\/p>\n<p style=\"text-align: justify;\">Los inscritos deben presentar <strong>la comunicaci\u00f3n completa<\/strong>, que consiste en un texto (en forma de art\u00edculo cient\u00edfico) cuya \u00e1rea tem\u00e1tica ha de estar relacionada con los diferentes aspectos de <strong>la Econom\u00eda y empresa<\/strong>. En el mismo, ha de aparecer el <strong>resumen presentado anteriormente<\/strong>, y se ha de enviar junto al<strong> p\u00f3ster con la presentaci\u00f3n correspondiente<\/strong>. Todos ellos presentar\u00e1n las <strong>caracter\u00edsticas establecidas <\/strong>en la <strong>normativa <\/strong>respecto a la<strong> <a href=\"https:\/\/3ciencias.com\/en\/presentacion-de-contenidos\/\">presentaci\u00f3n de trabajos cient\u00edficos<\/a> <\/strong>para el evento, y\u00a0 siempre dentro de los <strong>plazos establecidos en el <a href=\"https:\/\/3ciencias.com\/en\/calendario-del-congreso-economia\/\" target=\"_blank\">calendario previsto<\/a><\/strong> para el presente congreso.<img decoding=\"async\" loading=\"lazy\" class=\"alignright wp-image-7272 size-medium\" src=\"https:\/\/3ciencias.com\/wp-content\/uploads\/2012\/02\/office-1209640_1920-300x200.jpg\" alt=\"office-1209640_1920\" width=\"300\" height=\"200\" srcset=\"https:\/\/3ciencias.com\/wp-content\/uploads\/2012\/02\/office-1209640_1920-300x200.jpg 300w, https:\/\/3ciencias.com\/wp-content\/uploads\/2012\/02\/office-1209640_1920-768x512.jpg 768w, https:\/\/3ciencias.com\/wp-content\/uploads\/2012\/02\/office-1209640_1920-1024x683.jpg 1024w, https:\/\/3ciencias.com\/wp-content\/uploads\/2012\/02\/office-1209640_1920-450x300.jpg 450w, https:\/\/3ciencias.com\/wp-content\/uploads\/2012\/02\/office-1209640_1920.jpg 1920w\" sizes=\"(max-width: 300px) 100vw, 300px\" \/><\/p>\n<p style=\"text-align: justify;\">Los <strong>res\u00famenes<\/strong> que hayan sido aceptados, tras la evaluaci\u00f3n por parte de dobles pares ciegos, <strong>se publicar\u00e1n en un libro de actas del Congreso, <\/strong>con su correspondiente<strong> ISBN y DOI<\/strong>.<\/p>\n<p style=\"text-align: justify;\">Tras la realizaci\u00f3n del Congreso, se <strong>publicar\u00e1n<\/strong> tambi\u00e9n algunos <strong>trabajos<\/strong> en <strong><a href=\"https:\/\/3ciencias.com\/en\/revistas\/categoria\/empresa-en-2\/\" target=\"_blank\">3C empresa<\/a>. <\/strong>En el momento de la inscripci\u00f3n, los autores pueden seleccionar la participaci\u00f3n en el evento solamente (con la comunicaci\u00f3n, p\u00f3ster, publicaci\u00f3n del libro de abstracts y presentaci\u00f3n online), o, adem\u00e1s de lo anterior, tambi\u00e9n se puede seleccionar la posterior publicaci\u00f3n del trabajo en la mencionada revista.<strong><br \/>\n<\/strong><\/p>\n<p style=\"text-align: justify;\"><strong>Los participantes deber\u00e1n estar de acuerdo con ceder los derechos de publicaci\u00f3n de los art\u00edculos y los res\u00famenes a \u00c1REA DE INNOVACI\u00d3N Y DESARROLLO, S.L.<\/strong><\/p>\n<p style=\"text-align: justify;\"><strong>MUY IMPORTANTE:<\/strong><\/p>\n<ul>\n<li style=\"text-align: justify;\"><strong>No se admitir\u00e1n comunicaciones<\/strong> que hayan sido <strong>presentadas<\/strong> <strong>en otros congresos o revistas<\/strong>.<\/li>\n<li style=\"text-align: justify;\">Deber\u00e1n <strong>seguir las directrices y la normativa<\/strong> del el congreso.<\/li>\n<li style=\"text-align: justify;\">Solo se admitir\u00e1n <strong>trabajos<\/strong> que hayan sido <strong>recibidos durante los plazos<\/strong> de recepci\u00f3n<strong> establecidos<\/strong>.<\/li>\n<li style=\"text-align: justify;\">Los elementos que costituyen el comunicado deber\u00e1n <strong>seguir el formato de plantillas de redacci\u00f3n especialmente creadas para el congreso<\/strong>. As\u00ed pues, los trabajos deben remitirse en formato <strong>OTD<\/strong> o <strong>DOC<\/strong> en el caso del <strong>resumen<\/strong> y el <strong>texto completo<\/strong>, y en formato<strong> PPT<\/strong> para el <strong>p\u00f3ster<\/strong>; no se admite ning\u00fan otro tipo de formato en cada caso.<\/li>\n<\/ul>\n","protected":false},"excerpt":{"rendered":"<p>Toda persona interesada debe mandar inicialmente el resumen al correo info@3ciencias.com hasta el 15 de marzo. El 20 de marzo se comunicar\u00e1 el veridicto de la evaluaci\u00f3n del comit\u00e9 cient\u00edfico mediante un correo electr\u00f3nico. Desde el momento que se abre &hellip; <a href=\"https:\/\/3ciencias.com\/en\/i-congreso-internacional-online-economia-empresa-sociedad\/normativa-sobre-congreso\/\">leer m\u00e1s <span class=\"meta-nav\">&rarr;<\/span><\/a><\/p>\n","protected":false},"author":1,"featured_media":0,"parent":9082,"menu_order":0,"comment_status":"open","ping_status":"closed","template":"tp-congreso.php","meta":{"_bbp_topic_count":0,"_bbp_reply_count":0,"_bbp_total_topic_count":0,"_bbp_total_reply_count":0,"_bbp_voice_count":0,"_bbp_anonymous_reply_count":0,"_bbp_topic_count_hidden":0,"_bbp_reply_count_hidden":0,"_bbp_forum_subforum_count":0,"_mi_skip_tracking":false,"_monsterinsights_sitenote_active":false,"_monsterinsights_sitenote_note":"","_monsterinsights_sitenote_category":0,"footnotes":""},"acf":[],"_links":{"self":[{"href":"https:\/\/3ciencias.com\/en\/wp-json\/wp\/v2\/pages\/9776"}],"collection":[{"href":"https:\/\/3ciencias.com\/en\/wp-json\/wp\/v2\/pages"}],"about":[{"href":"https:\/\/3ciencias.com\/en\/wp-json\/wp\/v2\/types\/page"}],"author":[{"embeddable":true,"href":"https:\/\/3ciencias.com\/en\/wp-json\/wp\/v2\/users\/1"}],"replies":[{"embeddable":true,"href":"https:\/\/3ciencias.com\/en\/wp-json\/wp\/v2\/comments?post=9776"}],"version-history":[{"count":0,"href":"https:\/\/3ciencias.com\/en\/wp-json\/wp\/v2\/pages\/9776\/revisions"}],"up":[{"embeddable":true,"href":"https:\/\/3ciencias.com\/en\/wp-json\/wp\/v2\/pages\/9082"}],"wp:attachment":[{"href":"https:\/\/3ciencias.com\/en\/wp-json\/wp\/v2\/media?parent=9776"}],"curies":[{"name":"wp","href":"https:\/\/api.w.org\/{rel}","templated":true}]}}