{"id":9775,"date":"2015-07-10T14:20:08","date_gmt":"2015-07-10T12:20:08","guid":{"rendered":"https:\/\/3ciencias.com\/presentacion-de-contenidos\/"},"modified":"2015-07-10T14:20:08","modified_gmt":"2015-07-10T12:20:08","slug":"presentacion-de-contenidos","status":"publish","type":"page","link":"https:\/\/3ciencias.com\/en\/i-congreso-internacional-online-economia-empresa-sociedad\/normativa-sobre-congreso\/presentacion-de-contenidos\/","title":{"rendered":"Presentaci\u00f3n de trabajos"},"content":{"rendered":"<p style=\"text-align: justify;\"><strong>&#8211; Caracter\u00edsticas del abstract<\/strong><\/p>\n<p style=\"text-align: justify;\">Se ha de presenta un <strong>resumen o abstract<\/strong> correspondiente al trabajo cient\u00edfico realizado. En el mismo ha de constar:<\/p>\n<ul>\n<li style=\"text-align: justify;\"><strong>T\u00edtulo<\/strong> en castellano e ingl\u00e9s del trabajo.<\/li>\n<li style=\"text-align: justify;\"><strong>Nombre del autor\/es<\/strong> del trabajo junto su descripci\u00f3n profesional y direcci\u00f3n e-mail (acorde con la plantilla).<\/li>\n<li style=\"text-align: justify;\"><strong>Resumen del art\u00edculo<\/strong>, tanto en espa\u00f1ol como en ingl\u00e9s.<\/li>\n<li style=\"text-align: justify;\"><strong>Palabras clave<\/strong>, tanto en espa\u00f1ol como en ingl\u00e9s.<\/li>\n<li style=\"text-align: justify;\"><strong>Referencias bibliogr\u00e1ficas<\/strong> empleadas para la realizaci\u00f3n del art\u00edculo, siguiendo <strong>la normativa APA<\/strong>.<\/li>\n<li style=\"text-align: justify;\">El resumen no exceder\u00e1 de <strong>150\u00a0palabras<\/strong>.<\/li>\n<\/ul>\n<p><strong>Nota:<\/strong> Seguir <a href=\"\/?p=8164\">Plantilla de resumen<\/a> como referencia.<\/p>\n<p><strong>&#8211; Caracter\u00edsticas del texto completo<br \/>\n<\/strong><\/p>\n<ul>\n<li style=\"text-align: justify;\">Los <strong>trabajos completos<\/strong>, que ser\u00e1n in\u00e9ditos, tendr\u00e1n una <strong>extensi\u00f3n m\u00e1xima de 8.000 palabras<\/strong>, incluyendo notas a pie de p\u00e1gina y bibliograf\u00eda, aunque se apreciar\u00e1n extensiones m\u00e1s breves.<\/li>\n<li style=\"text-align: justify;\">El<strong> t\u00edtulo del mismo<\/strong> deber\u00e1 estar expresado tanto en castellano como en ingl\u00e9s.<\/li>\n<li style=\"text-align: justify;\">Los trabajos deber\u00e1n estar escritos <strong>en castellano<\/strong>.<\/li>\n<li style=\"text-align: justify;\">Cada trabajo deber\u00e1 ir precedido de un <strong>peque\u00f1o resumen<\/strong> (que tambi\u00e9n ser\u00e1 presentado independientemente), en <strong>castellano e ingl\u00e9s<\/strong>, y de <strong>cinco palabras clave en ambos idiomas<\/strong>. Adem\u00e1s se incorporar\u00e1 la clasificaci\u00f3n del trabajo conforme a los descriptores utilizados por el Journal Economic Literature.<\/li>\n<li style=\"text-align: justify;\">Se valorar\u00e1 la inclusi\u00f3n de cuadros y gr\u00e1ficos que apoyen las tesis desarrolladas en el trabajo.<\/li>\n<li style=\"text-align: justify;\">Deber\u00e1 aparecer el <strong>nombre del autor\/es en la primera hoja<\/strong>, junto a su titulaci\u00f3n acad\u00e9mica oficial y la universidad, instituci\u00f3n o empresa en la que presten sus servicios.<\/li>\n<li style=\"text-align: justify;\">Las referencias ir\u00e1n al final del art\u00edculo bajo el ep\u00edgrafe Referencias bibliogr\u00e1ficas, siguiendo la <strong>normativa sobre referencias bibliogr\u00e1ficas y citas textuales APA<\/strong>.<\/li>\n<li style=\"text-align: justify;\">No deber\u00e1 utilizarse un n\u00famero excesivo de referencias bibliogr\u00e1ficas.<\/li>\n<li style=\"text-align: justify;\">No se admitir\u00e1n trabajos con errores ortogr\u00e1ficos. Los contenidos de los escritos deben ser cuidadosamente le\u00eddos y revisados antes de su env\u00edo, tanto por el autor como por otra persona cr\u00edtica.<\/li>\n<li style=\"text-align: justify;\">Los originales estar\u00e1n editados electr\u00f3nicamente en <strong>formato &#8220;Word&#8221; o compatible y a color<\/strong>.<\/li>\n<li style=\"text-align: justify;\">Las im\u00e1genes de la publicaci\u00f3n se enviar\u00e1n en formato jpg.<\/li>\n<li style=\"text-align: justify;\">Se debe evitar utilizar un lenguaje de corte excesivamente especializado, en beneficio de una m\u00e1s<strong> f\u00e1cil comprensi\u00f3n de las ideas expuestas<\/strong> y en la medida de lo posible, evitar el abuso en la utilizaci\u00f3n de lenguaje muy especializado.<\/li>\n<li style=\"text-align: justify;\">Los autores deber\u00e1n ceder los derechos de publicaci\u00f3n de los trabajos presentados a \u00c1REA DE INNOVACI\u00d3N Y DESARROLLO, S.L.<\/li>\n<\/ul>\n<p style=\"text-align: justify;\"><strong>Nota:<\/strong> Seguir <a href=\"https:\/\/3ciencias.com\/?attachment_id=5371\">Plantilla de trabajo cient\u00edfico<\/a> como referencia<\/p>\n<p style=\"text-align: justify;\"><strong>Caracter\u00edsticas del p\u00f3ster<\/strong><\/p>\n<p style=\"text-align: justify;\">Seg\u00fan los puntos desarrollados en el art\u00edculo, estos se han de presentar en el p\u00f3ster de forma simplificada, donde se presenten <strong>las ideas claves de cada una de las partes<\/strong>.<\/p>\n<p style=\"text-align: justify;\">En el p\u00f3ster debe constar:<\/p>\n<ul>\n<li style=\"text-align: justify;\">T\u00edtulo<\/li>\n<li style=\"text-align: justify;\">Autores y peque\u00f1a biograf\u00eda<\/li>\n<li style=\"text-align: justify;\">Introducci\u00f3n<\/li>\n<li style=\"text-align: justify;\">Desarrollo<\/li>\n<li style=\"text-align: justify;\">Conclusiones<\/li>\n<li style=\"text-align: justify;\">Referencias<\/li>\n<\/ul>\n<p style=\"text-align: justify;\">El despliegue de p\u00f3ster ser\u00e1 en vertical, en formato Microsoft PowerPoint o compatible, y con un tama\u00f1o de 80 cm de ancho por 100 cm de alto. El p\u00f3ster ha de estar constituido por una sola hoja.<\/p>\n<p style=\"text-align: justify;\">El p\u00f3ster ha de presentar una estructura acorde con la plantilla propuesta, en el que se presenten todos los puntos que constituyen el art\u00edculo de forma simplificada, mostrando las ideas claves.<\/p>\n<p>Se ha de utilizar una tipograf\u00eda Arial con un tama\u00f1o que resulte visible a proporci\u00f3n del tama\u00f1o del p\u00f3ster (se recomienda Arial 32)<\/p>\n<p><strong>Nota:<\/strong> Seguir <a href=\"https:\/\/3ciencias.com\/?attachment_id=5373\">Plantilla de p\u00f3ster<\/a> como referencia<\/p>\n","protected":false},"excerpt":{"rendered":"<p>&#8211; Caracter\u00edsticas del abstract Se ha de presenta un resumen o abstract correspondiente al trabajo cient\u00edfico realizado. En el mismo ha de constar: T\u00edtulo en castellano e ingl\u00e9s del trabajo. Nombre del autor\/es del trabajo junto su descripci\u00f3n profesional y &hellip; <a href=\"https:\/\/3ciencias.com\/en\/i-congreso-internacional-online-economia-empresa-sociedad\/normativa-sobre-congreso\/presentacion-de-contenidos\/\">leer m\u00e1s <span class=\"meta-nav\">&rarr;<\/span><\/a><\/p>\n","protected":false},"author":1,"featured_media":0,"parent":9776,"menu_order":0,"comment_status":"open","ping_status":"open","template":"tp-congreso.php","meta":{"_bbp_topic_count":0,"_bbp_reply_count":0,"_bbp_total_topic_count":0,"_bbp_total_reply_count":0,"_bbp_voice_count":0,"_bbp_anonymous_reply_count":0,"_bbp_topic_count_hidden":0,"_bbp_reply_count_hidden":0,"_bbp_forum_subforum_count":0,"_mi_skip_tracking":false,"_monsterinsights_sitenote_active":false,"_monsterinsights_sitenote_note":"","_monsterinsights_sitenote_category":0,"footnotes":""},"acf":[],"_links":{"self":[{"href":"https:\/\/3ciencias.com\/en\/wp-json\/wp\/v2\/pages\/9775"}],"collection":[{"href":"https:\/\/3ciencias.com\/en\/wp-json\/wp\/v2\/pages"}],"about":[{"href":"https:\/\/3ciencias.com\/en\/wp-json\/wp\/v2\/types\/page"}],"author":[{"embeddable":true,"href":"https:\/\/3ciencias.com\/en\/wp-json\/wp\/v2\/users\/1"}],"replies":[{"embeddable":true,"href":"https:\/\/3ciencias.com\/en\/wp-json\/wp\/v2\/comments?post=9775"}],"version-history":[{"count":0,"href":"https:\/\/3ciencias.com\/en\/wp-json\/wp\/v2\/pages\/9775\/revisions"}],"up":[{"embeddable":true,"href":"https:\/\/3ciencias.com\/en\/wp-json\/wp\/v2\/pages\/9776"}],"wp:attachment":[{"href":"https:\/\/3ciencias.com\/en\/wp-json\/wp\/v2\/media?parent=9775"}],"curies":[{"name":"wp","href":"https:\/\/api.w.org\/{rel}","templated":true}]}}