{"id":9774,"date":"2015-07-10T14:29:06","date_gmt":"2015-07-10T12:29:06","guid":{"rendered":"https:\/\/3ciencias.com\/fechas-importantes\/"},"modified":"2015-07-10T14:29:06","modified_gmt":"2015-07-10T12:29:06","slug":"fechas-importantes","status":"publish","type":"page","link":"https:\/\/3ciencias.com\/en\/i-congreso-internacional-online-economia-empresa-sociedad\/normativa-sobre-congreso\/fechas-importantes\/","title":{"rendered":"Fechas importantes para participaci\u00f3n al Congreso"},"content":{"rendered":"<h1 style=\"text-align: center;\">\u00a0<span style=\"color: #797877;\">Fechas a considerar para la participaci\u00f3n y env\u00edo de comunicaciones al I Congreso Internacional online del Uso de las TIC en la sociedad, la educaci\u00f3n y la empresa<\/span><\/h1>\n<p style=\"text-align: justify;\">Estas son las fechas que se marcan para el desarrollo previo hasta la celebraci\u00f3n del evento virtual del Congreso internacional sobre las TICs, desarrollado por <strong>3Ciencias. <\/strong>Si tienes alguna duda, consulta las <a href=\"https:\/\/3ciencias.com\/en\/i-congreso-internacional-online-del-empleo-de-las-tic-en-la-sociedad-la-educacion-y-la-empresa\/preguntas-frecuentes\/\">Preguntas Frecuentes<\/a> o escribe un e-mail al correo <a href=\"mailto:info@3ciencias.com\">info@3ciencias.com<\/a>.<\/p>\n<table>\n<tbody>\n<tr>\n<td>Env\u00edo de res\u00famenes (<a href=\"\/?p=5370\" target=\"_blank\">abstracts<\/a>):<\/td>\n<td style=\"text-align: center;\"><strong>Hasta el 4 de abril de 2016 (Ampliado) <\/strong><\/td>\n<\/tr>\n<tr>\n<td>Comunicaci\u00f3n de aceptaci\u00f3n a los autores v\u00eda e-mail:<\/td>\n<td style=\"text-align: center;\"><strong>06 de abril de 2016*<br \/>\n<\/strong><\/td>\n<\/tr>\n<tr>\n<td>Modificaciones:<\/td>\n<td style=\"text-align: center;\"><strong>Hasta el 11 de abril de 2016 <\/strong><\/td>\n<\/tr>\n<tr>\n<td>Periodo de <a href=\"https:\/\/3ciencias.com\/en\/i-congreso-internacional-online-economia-empresa-sociedad\/inscripcion\/\" target=\"_blank\">inscripci\u00f3n<\/a>:<\/td>\n<td style=\"text-align: center;\"><strong>Hasta el 15 de abril de 2016<\/strong><\/td>\n<\/tr>\n<tr>\n<td>Env\u00edo de comunicaciones completas (<a href=\"\/?p=5373\">p\u00f3ster<\/a> y <a href=\"\/?p=5371\">trabajo cient\u00edfico<\/a>):<\/td>\n<td style=\"text-align: center;\">Hasta el 18 de mayo de 2016<\/td>\n<\/tr>\n<tr>\n<td>CELEBRACI\u00d3N DEL CONGRESO:<\/td>\n<td style=\"text-align: center;\">Del 23 hasta el 27 de mayo de 2016<\/td>\n<\/tr>\n<\/tbody>\n<\/table>\n<p style=\"text-align: justify;\"><strong>*Los abstracts ya recibidos ser\u00e1n evaluados y notificar\u00e1n su aceptaci\u00f3n o rechazo el 14 de marzo, seg\u00fan marcaba el antiguo calendario.<\/strong><\/p>\n<p><a href=\"https:\/\/3ciencias.com\/i-congreso-internacional-online-del-empleo-de-las-tic-en-la-sociedad-la-educacion-y-la-empresa\/calendario-congreso-tic\/http:\/\/\" target=\"_blank\"><img decoding=\"async\" loading=\"lazy\" class=\"aligncenter wp-image-6090 size-medium\" title=\"fechas abstract congreso tic \" src=\"https:\/\/3ciencias.com\/wp-content\/uploads\/2015\/07\/calendario-congreso-tic-3ciencias-300x225.jpg\" alt=\"fechas abstract congreso tic \" width=\"300\" height=\"225\" srcset=\"https:\/\/3ciencias.com\/wp-content\/uploads\/2015\/07\/calendario-congreso-tic-3ciencias-300x225.jpg 300w, https:\/\/3ciencias.com\/wp-content\/uploads\/2015\/07\/calendario-congreso-tic-3ciencias-768x576.jpg 768w, https:\/\/3ciencias.com\/wp-content\/uploads\/2015\/07\/calendario-congreso-tic-3ciencias-1024x768.jpg 1024w, https:\/\/3ciencias.com\/wp-content\/uploads\/2015\/07\/calendario-congreso-tic-3ciencias-400x300.jpg 400w, https:\/\/3ciencias.com\/wp-content\/uploads\/2015\/07\/calendario-congreso-tic-3ciencias.jpg 1280w\" sizes=\"(max-width: 300px) 100vw, 300px\" \/><\/a><\/p>\n","protected":false},"excerpt":{"rendered":"<p>\u00a0Fechas a considerar para la participaci\u00f3n y env\u00edo de comunicaciones al I Congreso Internacional online del Uso de las TIC en la sociedad, la educaci\u00f3n y la empresa Estas son las fechas que se marcan para el desarrollo previo hasta &hellip; <a href=\"https:\/\/3ciencias.com\/en\/i-congreso-internacional-online-economia-empresa-sociedad\/normativa-sobre-congreso\/fechas-importantes\/\">leer m\u00e1s <span class=\"meta-nav\">&rarr;<\/span><\/a><\/p>\n","protected":false},"author":1,"featured_media":0,"parent":9776,"menu_order":0,"comment_status":"open","ping_status":"open","template":"tp-congreso.php","meta":{"_bbp_topic_count":0,"_bbp_reply_count":0,"_bbp_total_topic_count":0,"_bbp_total_reply_count":0,"_bbp_voice_count":0,"_bbp_anonymous_reply_count":0,"_bbp_topic_count_hidden":0,"_bbp_reply_count_hidden":0,"_bbp_forum_subforum_count":0,"_mi_skip_tracking":false,"_monsterinsights_sitenote_active":false,"_monsterinsights_sitenote_note":"","_monsterinsights_sitenote_category":0,"footnotes":""},"acf":[],"_links":{"self":[{"href":"https:\/\/3ciencias.com\/en\/wp-json\/wp\/v2\/pages\/9774"}],"collection":[{"href":"https:\/\/3ciencias.com\/en\/wp-json\/wp\/v2\/pages"}],"about":[{"href":"https:\/\/3ciencias.com\/en\/wp-json\/wp\/v2\/types\/page"}],"author":[{"embeddable":true,"href":"https:\/\/3ciencias.com\/en\/wp-json\/wp\/v2\/users\/1"}],"replies":[{"embeddable":true,"href":"https:\/\/3ciencias.com\/en\/wp-json\/wp\/v2\/comments?post=9774"}],"version-history":[{"count":0,"href":"https:\/\/3ciencias.com\/en\/wp-json\/wp\/v2\/pages\/9774\/revisions"}],"up":[{"embeddable":true,"href":"https:\/\/3ciencias.com\/en\/wp-json\/wp\/v2\/pages\/9776"}],"wp:attachment":[{"href":"https:\/\/3ciencias.com\/en\/wp-json\/wp\/v2\/media?parent=9774"}],"curies":[{"name":"wp","href":"https:\/\/api.w.org\/{rel}","templated":true}]}}