{"id":9772,"date":"2015-07-10T14:30:16","date_gmt":"2015-07-10T12:30:16","guid":{"rendered":"https:\/\/3ciencias.com\/i-congreso-internacional-online-del-empleo-de-las-tic-en-la-sociedad-la-educacion-y-la-empresa\/preguntas-frecuentes\/"},"modified":"2015-07-10T14:30:16","modified_gmt":"2015-07-10T12:30:16","slug":"preguntas-frecuentes","status":"publish","type":"page","link":"https:\/\/3ciencias.com\/en\/i-congreso-internacional-online-del-empleo-de-las-tic-en-la-sociedad-la-educacion-y-la-empresa\/preguntas-frecuentes\/","title":{"rendered":"Preguntas frecuentes para el congreso TIC"},"content":{"rendered":"<div class=\"wpb-content-wrapper\"><p>[vc_row][vc_column][vc_column_text]<\/p>\n<h2>ORGANIZACI\u00d3N<\/h2>\n<p>[\/vc_column_text][vc_toggle title=&#8221;\u00bfQu\u00e9 es el I Congreso Internacional online del Uso de las TIC en la sociedad, la educaci\u00f3n y la empresa?&#8221; el_id=&#8221;1447851594180-57f01871-932a&#8221;]<\/p>\n<p style=\"text-align: justify;\">Este congreso consiste en un evento de <strong>\u00e1mbito internacional no presencial<\/strong>, puesto que se llevar\u00e1 a cabo de manera <strong>totalmente online a trav\u00e9s de Internet<\/strong>. Dicho evento ser\u00e1 <strong>abierto a todo el mundo<\/strong> que quiera conocer las \u00faltimas novedades respecto a las <strong>TIC y su aplicaci\u00f3n en diferentes \u00e1mbitos<\/strong>, as\u00ed como las conclusiones extra\u00eddas respecto al <strong>impacto<\/strong> que estas producen en los mismos.<\/p>\n<p>[\/vc_toggle][vc_toggle title=&#8221;\u00bfEn qu\u00e9 se caracteriza este I Congreso Internacional online del Uso de las TIC en la sociedad, la educaci\u00f3n y la empresa?&#8221; el_id=&#8221;1447851835210-1f0ba4a3-2ed5&#8243;]<\/p>\n<p style=\"text-align: justify;\">Este congreso se caracteriza por reunir dentro de un entorno virtual diferentes comunicados, <strong>centrados en la aplicaci\u00f3n de las nuevas tecnolog\u00edas destinadas a la transmisi\u00f3n de informaci\u00f3n y a las comunicaciones en diferentes \u00e1mbitos<\/strong>, as\u00ed los cambios y consecuencias de esto supone.<\/p>\n<p style=\"text-align: justify;\">Todo el contenido estar\u00e1 abierto y disponible para todo el mundo que lo desee.<\/p>\n<p>[\/vc_toggle][vc_toggle title=&#8221;\u00bfQui\u00e9n organiza el congreso?&#8221; el_id=&#8221;1447851935520-39d67c65-592f&#8221;]<\/p>\n<p style=\"text-align: justify;\">Este evento est\u00e1 organizado por <strong>la editorial online 3Ciencias<\/strong> en colaboraci\u00f3n con <strong>diferentes universidades espa\u00f1olas y latinoamericanas<\/strong>.<\/p>\n<p style=\"text-align: justify;\"><em>Secretar\u00eda del congreso<\/em><\/p>\n<p style=\"text-align: justify;\">Todos los tr\u00e1mites del congreso se llevar\u00e1n a cabo desde las oficinas de la <strong>editorial cient\u00edfica 3Ciencias<\/strong>. Para cualquier gesti\u00f3n, diriguirse a la direcci\u00f3n e-mail <a href=\"mailto:info@3ciencias.com\">info@3ciencias.com<\/a>, a la atenci\u00f3n de Isabel Castillo.<\/p>\n<p>[\/vc_toggle][vc_column_text]<\/p>\n<h2><strong>INSCRIPCI\u00d3N Y PARTICIPACI\u00d3N EN EL CONGRESO<\/strong><\/h2>\n<p>[\/vc_column_text][vc_toggle title=&#8221;\u00bfCu\u00e1ndo y d\u00f3nde se celebra?&#8221; el_id=&#8221;1447852084735-e0dc6e5d-3d8e&#8221;]<\/p>\n<p style=\"text-align: justify;\">El <strong>I Congreso Internacional online del Uso de las TIC en la sociedad, la educaci\u00f3n y la empresa<\/strong> se celebrar\u00e1 virtualmente a trav\u00e9s del enlace <a href=\"https:\/\/3ciencias.com\/en\/conferences\/\">3ciencias.com\/congreso\/<\/a>, a partir del<strong> 23 de mayo de 2016 y estar\u00e1 en abierto hasta el 27 de mayo de 2016<\/strong>.<\/p>\n<p>[\/vc_toggle][vc_toggle title=&#8221;\u00bfA qui\u00e9n va dirigido?&#8221; el_id=&#8221;1447852204993-50eb6951-a35d&#8221;]<\/p>\n<p style=\"text-align: justify;\">Este congreso va dirigido a <strong>todo personal investigador y\/o docente<\/strong>, as\u00ed como <strong>alumnos universitarios o especialistas<\/strong> cuyo centro de estudio o inter\u00e9s est\u00e9n relacionados, directa o indirectamente, en el <strong>desarrollo y aplicaci\u00f3n en diferentes \u00e1mbitos de las tecnolog\u00edas TIC<\/strong>, as\u00ed como su impacto causados en la sociedad.<\/p>\n<p>[\/vc_toggle][vc_toggle title=&#8221;\u00bfC\u00f3mo puedo participar en el congreso?&#8221; el_id=&#8221;1447852302930-6e18ff03-b263&#8243;]<\/p>\n<p style=\"text-align: justify;\">Se entiende como participaci\u00f3n en este congreso al <strong>env\u00edo de trabajos cient\u00edficos para ser presentados dentro del evento online<\/strong>, los cuales ser\u00e1n previamente <strong>evaluados por un grupo de expertos para validar su calidad cient\u00edfica<\/strong>.<\/p>\n<p style=\"text-align: justify;\">Para <strong>participar en el congreso<\/strong> es imprescindible realizar <strong>el env\u00edo de un resumen previo,<\/strong> en el que se explique de forma clara y concisa el contenido de la comunicaci\u00f3n a presentar, al correo <a href=\"mailto:info@3ciencias.com\">info@3ciencias.com<\/a>.<\/p>\n<p>En el caso de que este<strong> resumen haya sido aceptado,<\/strong> lo cual se comunicar\u00e1 el <strong>14 de marzo<\/strong>, el correspondiente autor\/a principal<strong> ha cumplimentar la inscripci\u00f3n correspondiente<\/strong> y <strong>realizar el pago de participaci\u00f3n<\/strong> a trav\u00e9s de <strong>transferencia bancaria<\/strong>, mandando el justificante al correo <a href=\"mailto:info@3ciencias.com\">info@3ciencias.com<\/a>.<\/p>\n<p>Consultar <a href=\"https:\/\/3ciencias.com\/congreso\/normativa-sobre-congreso\/\">Normativa sobre congreso<\/a> para m\u00e1s informaci\u00f3n.[\/vc_toggle][vc_toggle title=&#8221;\u00bfCu\u00e1l es el plazo para el env\u00edo de res\u00famenes\/abstracts?&#8221; el_id=&#8221;1447852372192-16640f04-eac6&#8243;]<\/p>\n<p style=\"text-align: justify;\">Los res\u00famenes podr\u00e1n ser enviados desde el <strong>1 de diciembre de 2015 hasta el 7 de marzo de 2016 <\/strong>al correo <a href=\"mailto:info@3ciencias.com\">info@3ciencias.com<\/a>.<\/p>\n<p style=\"text-align: justify;\">Los <strong>res\u00famenes<\/strong> que resultes <strong>aceptados<\/strong>, tras una <strong>evaluaci\u00f3n de pares de doble ciego<\/strong>, ser\u00e1n comunicados a sus respectivos <strong>autores<\/strong> (aquellos que aparezcan como <strong>principales<\/strong>), mediante <strong>correo electr\u00f3nico. <\/strong>Este comunicado se producir\u00e1 el<strong> 14 de marzo<\/strong>.<\/p>\n<p style=\"text-align: justify;\">Esto supondr\u00e1 que los <strong>autores pricipales<\/strong> deber\u00e1n llevar a cabo la correspondiente <a href=\"https:\/\/3ciencias.com\/en\/i-congreso-internacional-online-economia-empresa-sociedad\/inscripcion\/\">inscripci\u00f3n<\/a>.<\/p>\n<p>[\/vc_toggle][vc_toggle title=&#8221;\u00bfCu\u00e1nto tiempo estar\u00e1 abierto la inscripci\u00f3n al Congreso?&#8221; el_id=&#8221;1447852493399-1b292794-6962&#8243;]El periodo de inscripci\u00f3n comenzar\u00e1 el d\u00eda <strong>1 de diciembre de 2015 y finalizar\u00e1 el 1 de abril de 2016<\/strong>.[\/vc_toggle][vc_toggle title=&#8221;\u00bfC\u00f3mo puedo inscribirme para el env\u00edo de trabajos cient\u00edficos?&#8221; el_id=&#8221;1447852611001-33845329-3371&#8243;]<\/p>\n<p style=\"text-align: justify;\">La<strong> inscripci\u00f3n al congreso<\/strong> se realizar\u00e1 dentro del periodo de inscripci\u00f3n establecido y se realizar\u00e1 rellenando el <a href=\"https:\/\/3ciencias.com\/en\/i-congreso-internacional-online-economia-empresa-sociedad\/inscripcion\/\">formulario de inscripci\u00f3n<\/a>.<\/p>\n<p style=\"text-align: justify;\">Una vez hecha la inscripci\u00f3n, debe de hacer el correspondiente <strong>pago de participaci\u00f3n<\/strong> a trav\u00e9s de la siguiente cuenta bancaria:<\/p>\n<p style=\"text-align: justify;\"><em><strong>Entidad bancaria: ING Direct<\/strong><\/em><br \/>\n<em><strong>Direcci\u00f3n oficina central: Calle Severo Ochoa 2, 28232 Las Rozas (Madrid)<\/strong><\/em><br \/>\n<em><strong>Titular: \u00c1rea de Innovaci\u00f3n y Desarrollo, S.L.<\/strong><\/em><br \/>\n<em><strong>Cuenta bancar\u00eda: ES61 1465 0100 97 1900299933<\/strong><\/em><br \/>\n<em><strong>SWIFT: INGDESMM<\/strong><\/em><\/p>\n<p style=\"text-align: justify;\">Se debe enviar el <strong>correspondiente justificante de pago<\/strong> a la direcci\u00f3n electr\u00f3nica <a href=\"mailto:info@3ciencias.com\">info@3ciencias.com<\/a>, indicando en el concepto \u201cInscripci\u00f3n al Congreso TIC\u201d.<\/p>\n<p>[\/vc_toggle][vc_toggle title=&#8221;\u00bfC\u00f3mo s\u00e9 que estoy inscrito?&#8221; el_id=&#8221;1447852668378-257cd728-fc0d&#8221;]<\/p>\n<p style=\"text-align: justify;\">Una vez que se haya inscrito y haya mandado el justificante de pago siguiendo las instrucciones anteriormente descritas, <strong>recibir\u00e1 un correo electr\u00f3nico notific\u00e1ndole que ha sido inscrito en el Congreso<\/strong>.<\/p>\n<p>[\/vc_toggle][vc_toggle title=&#8221;Estoy interesado\/-a en visualizar trabajos cient\u00edficos publicados en el congreso pero no enviar trabajos cient\u00edficos al mismo, \u00bfdebo inscribirme?&#8221; el_id=&#8221;1447852840397-eface038-d505&#8243;]<\/p>\n<p style=\"text-align: justify;\">No, el congreso se presenta como un <strong>evento online abierto<\/strong>, con lo que todos sus contenidos ser\u00e1n <strong>totalmente accesibles<\/strong>.<\/p>\n<p style=\"text-align: justify;\"><strong>La inscripci\u00f3n es \u00fanicamente para todo aquel que est\u00e9 interesado en participar mediante la presentaci\u00f3n de sus trabajos cient\u00edficos.<\/strong><\/p>\n<p>[\/vc_toggle][vc_toggle title=&#8221;\u00bfCu\u00e1l es el coste de inscripci\u00f3n?&#8221; el_id=&#8221;1447852896216-a30fc8f1-0ac6&#8243;]<\/p>\n<p style=\"text-align: justify;\">El coste de inscripci\u00f3n es de <strong>60,50 \u20ac<\/strong><strong> por participaci\u00f3n<\/strong>, lo que corresponde a la presentaci\u00f3n de una comunicaci\u00f3n como principal autor.<\/p>\n<p style=\"text-align: justify;\">Se aplicar\u00e1 un 5% de descuento a todo miembro que certifique previamente que pertenece a una de las universidades que participan en la organizaci\u00f3n del presente evento virtual.<\/p>\n<p style=\"text-align: justify;\">En caso de que no se pueda asumir los gastos de participaci\u00f3n, se ruega que se ponga en contacto con la organizaci\u00f3n para el estudio de la abstenci\u00f3n del mismo a trav\u00e9s del e-mail <a href=\"mailto:i.castillo@3ciencias.com\">i.castillo@3ciencias.com<\/a>.<\/p>\n<p>[\/vc_toggle][vc_toggle title=&#8221;Comunicaci\u00f3n con los participantes&#8221; el_id=&#8221;1447852963949-300a40a8-3337&#8243;]<\/p>\n<p style=\"text-align: justify;\">La <strong>forma de contacto con los congresistas<\/strong> ser\u00e1 a trav\u00e9s del <strong>correo electr\u00f3nico<\/strong>. Para ello, se har\u00e1 empleo de la direcci\u00f3n electr\u00f3nica que haya sido facilitada mediante sus respectivas inscripciones.<\/p>\n<p>[\/vc_toggle][vc_toggle title=&#8221;Finalizado el Congreso \u00bfrecibir\u00e9 un certificado de participaci\u00f3n?&#8221; el_id=&#8221;1447853034179-e3bb552d-c74f&#8221;]<\/p>\n<p style=\"text-align: justify;\">S\u00ed, una vez se publique todos los trabajos y se d\u00e9 por finalizado el mismo, cada uno de los participantes recibir\u00e1n <strong>un certificado de participaci\u00f3n<\/strong> donde se especificar\u00e1 su <strong>aportaci\u00f3n<\/strong> en el evento, el <strong>t\u00edtulo de su trabajo<\/strong>, la <strong>evaluaci\u00f3n y resultado<\/strong> de este, as\u00ed como que el mismo ha sido presentado dentro del congreso.<\/p>\n<p>[\/vc_toggle][vc_column_text]<\/p>\n<h2>ENV\u00cdO DE TRABAJOS CIENT\u00cdFICOS<\/h2>\n<p>[\/vc_column_text][vc_toggle title=&#8221;\u00bfQu\u00e9 se considera como \u201cCOMUNICACI\u00d3N\u201d en este congreso?&#8221; el_id=&#8221;1447853141181-4903aac0-71c3&#8243;]<\/p>\n<p style=\"text-align: justify;\">Un <strong>comunicado<\/strong> ser\u00e1 entendido como los trabajos cient\u00edficos, que se presentar\u00e1n en el presente congreso en tres modalidades. Estos corresponden a un <strong>resumen<\/strong>, donde se recogen las ideas principales del trabajo en s\u00ed, la <strong>comunicaci\u00f3n completa<\/strong> <strong>escrita <\/strong>y el <strong>p\u00f3ster<\/strong>.<\/p>\n<p style=\"text-align: justify;\">Consultar <a href=\"https:\/\/3ciencias.com\/congreso\/normativa-sobre-congreso\/presentacion-de-contenidos\/\">Presentaci\u00f3n de trabajos cient\u00edficos<\/a>.<\/p>\n<p style=\"text-align: justify;\"><strong>A tener en cuenta:<\/strong> NO SE ADMITIR\u00c1N COMUNICADOS QUE NO SE PRESENTEN SIGUIENDO LOS CORRESPONDIENTES FORMATOS Y QUE NO SEAN IN\u00c9DITOS.<\/p>\n<p>[\/vc_toggle][vc_toggle title=&#8221;\u00bfPor cu\u00e1ntos autores puede estar constituido un comunicado?&#8221; el_id=&#8221;1447853497906-5ffcba96-f0fe&#8221;]<\/p>\n<p style=\"text-align: justify;\">Un comunicado puede estar constituido por un <strong>m\u00e1ximo de 4 autores<\/strong>. Cada autor puede presentar o constituir como coautor<strong> de m\u00e1s de un comunicado<\/strong>.<\/p>\n<p style=\"text-align: justify;\">El <strong>PRIMER AUTOR<\/strong> del comunicado ser\u00e1 el <strong>encargado de enviar el comunicado<\/strong>, mientras que el <strong>resto de coautores<\/strong> deber\u00e1n hacer la <strong>inscripci\u00f3n<\/strong> y mandar un correo a la direcci\u00f3n electr\u00f3nica <a href=\"mailto:i.castillo@3ciencias.com\">i.castillo@3ciencias.com<\/a> <strong>notificando que es coautor del comunicado<\/strong> en cuesti\u00f3n indicando su t\u00edtulo completo.<\/p>\n<p>[\/vc_toggle][vc_toggle title=&#8221;\u00bfQu\u00e9 idioma se emplear\u00e1 en los trabajos cient\u00edficos?&#8221; el_id=&#8221;1447853574530-ab4d0277-05fa&#8221;]<\/p>\n<p style=\"text-align: justify;\">Los comunicados deben estar escritos en idioma <strong>espa\u00f1ol<\/strong> (en el caso del<strong> resumen y las palabras clave<\/strong> han de presentarse <strong>tanto en espa\u00f1ol como en ingl\u00e9s<\/strong>).<\/p>\n<p>[\/vc_toggle][vc_toggle title=&#8221;\u00bfCu\u00e1l es el procedimiento de env\u00edo de trabajos cient\u00edficos?&#8221; el_id=&#8221;1447853736860-80cff7b5-c196&#8243;]<\/p>\n<p style=\"text-align: justify;\">Todos los participantes interesados en presentar comunicaci\u00f3n deben enviar <strong>previamente el resumen<\/strong> correspondiente a la comunicaci\u00f3n al correo <a href=\"mailto:info@3ciencias.com\">info@3ciencias.com<\/a> dentro del <a href=\"https:\/\/3ciencias.com\/congreso\/calendario\/\">plazo establecido<\/a> y siguiendo su correspondiente <a href=\"https:\/\/3ciencias.com\/?attachment_id=5370\">plantilla<\/a>.<\/p>\n<p style=\"text-align: justify;\">Si el <strong>resumen resulta aceptado<\/strong>, el principal autor del mismo deber\u00e1 de<strong> <a href=\"https:\/\/3ciencias.com\/en\/i-congreso-internacional-online-economia-empresa-sociedad\/inscripcion\/\">inscribirse<\/a><\/strong> y <strong>abonar la cuota correspondiente<\/strong> previamente.<\/p>\n<p style=\"text-align: justify;\">Una vez se haya confirmado la inscripci\u00f3n, <strong>se proceder\u00e1 al env\u00edo de la comunicaci\u00f3n completa<\/strong>, constituida por <strong>la ponencia completa<\/strong> junto al correspondiente <strong>p\u00f3ster<\/strong>, todo ello con su <a href=\"https:\/\/3ciencias.com\/congreso\/normativa-sobre-congreso\/presentacion-de-contenidos\/\">formato correspondiente<\/a>, como archivo adjunto al correo electr\u00f3nico <a href=\"mailto:info@3ciencias.com\">info@3ciencias.com<\/a>.<\/p>\n<p style=\"text-align: justify;\">Una vez que <strong>este sea aprobado<\/strong>, se notificar\u00e1 al autor mediante correo electr\u00f3nico y este proceder\u00e1 al <strong>env\u00edo del resumen y del p\u00f3ster<\/strong>, en sus correspondientes formatos.<\/p>\n<p style=\"text-align: justify;\"><strong>IMPORTANTE: No se admitir\u00e1n comunicaciones que hayan sido presentadas previamente a otros congresos o revistas.<\/strong><\/p>\n<p>[\/vc_toggle][vc_column_text]<\/p>\n<h2>EVALUACI\u00d3N<\/h2>\n<p>[\/vc_column_text][vc_toggle title=&#8221;\u00bfC\u00f3mo se evaluar\u00e1n las comunicaciones?&#8221; el_id=&#8221;1447853816500-90db5833-492a&#8221;]<\/p>\n<p style=\"text-align: justify;\">Para el presente evento se cuenta con un <strong>Comit\u00e9 Cient\u00edfico<\/strong>, que examinar\u00e1 todos los elementos que constituyen las comunicaciones presentadas, siguiendo los criterios descritos en puntos anteriores.<\/p>\n<p style=\"text-align: justify;\">Todas las aportaciones recibidas ser\u00e1n sometidas <strong>a revisi\u00f3n ciega por parte del Comit\u00e9 Cient\u00edfico del Congreso<\/strong>.<\/p>\n<p>[\/vc_toggle][vc_toggle title=&#8221;\u00bfQui\u00e9n compone el Comit\u00e9 Cient\u00edfico?&#8221; el_id=&#8221;1447854015568-85024ea6-1c8a&#8221;]<\/p>\n<p style=\"text-align: justify;\">Los miembros que componen el <strong>Comit\u00e9 Cient\u00edfico<\/strong> son, en su mayor\u00eda, docentes o\/y <strong>profesionales con una amplia experiencia en investigaci\u00f3n y desarrollo de las TIC<\/strong>.<\/p>\n<p style=\"text-align: justify;\">Las funciones a desempe\u00f1ar por el Comit\u00e9 Cient\u00edfico son las de <strong>evaluar los comunicados enviados<\/strong>, basando sus criterios de evaluaci\u00f3n en la evidencia cient\u00edfica actual dentro del campo de las TIC, con la finalidad de <strong>aprobar o rechazar los trabajos en funci\u00f3n de estos criterios de calidad<\/strong>.<\/p>\n<p style=\"text-align: justify;\"><strong>IMPORTANTE:<\/strong><\/p>\n<p style=\"text-align: justify;\"><strong>Si por parte de la Organizaci\u00f3n se tuviese conocimiento incuestionable de la apropiaci\u00f3n intelectual o copia de un trabajo ya publicado, se proceder\u00e1 a la eliminaci\u00f3n de este trabajo y a la expulsi\u00f3n al autor o a los autores del Congreso, con lo que no podr\u00e1 obtener el certificado de participaci\u00f3n.<\/strong><\/p>\n<p style=\"text-align: justify;\"><strong>Esta medida se puede tomar antes, durante y despu\u00e9s de la celebraci\u00f3n del congreso<\/strong>.<\/p>\n<p>[\/vc_toggle][vc_toggle title=&#8221;\u00bfC\u00f3mo s\u00e9 si mi trabajo es aceptado o no?&#8221; el_id=&#8221;1447854242981-3a7c57cf-6612&#8243;]Una vez evaluado el resumen previo por el Comit\u00e9 Cient\u00edfico, <strong>cada participante recibir\u00e1 un correo electr\u00f3nico en el que ser\u00e1 comunicado tanto la aceptaci\u00f3n como el rechazo<\/strong> del mismo. Su <strong>aceptaci\u00f3n<\/strong> supondr\u00e1 la <strong>inscripci\u00f3n<\/strong> y el <strong>pago de la cota de participaci\u00f3n<\/strong> por parte del autor principal.[\/vc_toggle][vc_toggle title=&#8221;Una vez enviado el trabajo si no es aceptado por el Comit\u00e9 Cient\u00edfico. \u00bfPuede realizar alg\u00fan cambio y remitirlo de nuevo?&#8221; el_id=&#8221;1447854343938-f57da0e6-5d95&#8243;]S\u00ed, pero solo podr\u00e1 hacerlo una sola vez y <strong>siguiendo las recomendaciones sugeridas por el Comit\u00e9 Cient\u00edfico<\/strong>. Despu\u00e9s de una segunda revisi\u00f3n, el resultado del comit\u00e9 cient\u00edfico ser\u00e1 inapelable.<\/p>\n<p style=\"text-align: justify;\">Los resultados de las <strong>evaluaciones ser\u00e1n comunicadas a trav\u00e9s del correo electr\u00f3nico<\/strong> a todos los autores el <strong>14 de marzo<\/strong>.<\/p>\n<p style=\"text-align: justify;\">En el caso de que el <strong>comunicado necesite modificaciones, los autores contar\u00e1n con un plazo de 15 d\u00edas<\/strong> desde la notificaci\u00f3n para el <strong>reenv\u00edo de la comunicaci\u00f3n<\/strong>.<\/p>\n<p>[\/vc_toggle][vc_column_text]<\/p>\n<h2>PUBLICACI\u00d3N DE COMUNICACIONES<\/h2>\n<p>[\/vc_column_text][vc_toggle title=&#8221;\u00bfLas comunicaciones presentadas al Congreso ser\u00e1n publicadas?&#8221; el_id=&#8221;1447854426142-3d7fda65-92a2&#8243;]Los diferentes componentes que constituyen a las comunicaciones ser\u00e1n publicadas siguiendo los siguientes pautas:<\/p>\n<ul>\n<li style=\"text-align: justify;\">Todos los <strong>res\u00famenes aceptados<\/strong> ser\u00e1n publicados en un <strong>libro de actas con su correspondiente ISBN<\/strong>, que se publicar\u00e1 en la web durante la <strong>celebraci\u00f3n del Congreso<\/strong>.<\/li>\n<li style=\"text-align: justify;\">Los <strong>p\u00f3sters<\/strong> ser\u00e1n publicados en la web durante <strong>la celebraci\u00f3n del Congreso<\/strong>, como parte de las ponencias.<\/li>\n<li style=\"text-align: justify;\">De entre las <strong>comunicaciones <\/strong><strong>escritas se har\u00e1 una selecci\u00f3n de las mejores para su publicaci\u00f3n<\/strong> en una edici\u00f3n especial de la revista 3C TIC, con el previo pago de 60,50 \u20ac por publicaci\u00f3n.<\/li>\n<\/ul>\n<p>[\/vc_toggle][vc_toggle title=&#8221;\u00bfDe qui\u00e9n es propiedad del trabajo?&#8221; el_id=&#8221;1447853240560-2c2524ba-3a2f&#8221;]<\/p>\n<p style=\"text-align: justify;\">La<strong> autor\u00eda del trabajo es del participante<\/strong>, reserv\u00e1ndose \u00c1rea de Innovaci\u00f3n y Desarrollo, S.L. los<strong> derechos de su difusi\u00f3n<\/strong> a trav\u00e9s de los medios habituales de la editorial, haciendo <strong>siempre referencia al autor o autores del trabajo<\/strong> en cuesti\u00f3n.<\/p>\n<p>[\/vc_toggle][\/vc_column][\/vc_row]<\/p>\n<\/div>","protected":false},"excerpt":{"rendered":"<p>[vc_row][vc_column][vc_column_text] ORGANIZACI\u00d3N [\/vc_column_text][vc_toggle title=&#8221;\u00bfQu\u00e9 es el I Congreso Internacional online del Uso de las TIC en la sociedad, la educaci\u00f3n y la empresa?&#8221; el_id=&#8221;1447851594180-57f01871-932a&#8221;] Este congreso consiste en un evento de \u00e1mbito internacional no presencial, puesto que se llevar\u00e1 a &hellip; <a href=\"https:\/\/3ciencias.com\/en\/i-congreso-internacional-online-del-empleo-de-las-tic-en-la-sociedad-la-educacion-y-la-empresa\/preguntas-frecuentes\/\">leer m\u00e1s <span class=\"meta-nav\">&rarr;<\/span><\/a><\/p>\n","protected":false},"author":1,"featured_media":0,"parent":9733,"menu_order":0,"comment_status":"open","ping_status":"open","template":"tp-congreso.php","meta":{"_bbp_topic_count":0,"_bbp_reply_count":0,"_bbp_total_topic_count":0,"_bbp_total_reply_count":0,"_bbp_voice_count":0,"_bbp_anonymous_reply_count":0,"_bbp_topic_count_hidden":0,"_bbp_reply_count_hidden":0,"_bbp_forum_subforum_count":0,"_mi_skip_tracking":false,"_monsterinsights_sitenote_active":false,"_monsterinsights_sitenote_note":"","_monsterinsights_sitenote_category":0,"footnotes":""},"acf":[],"_links":{"self":[{"href":"https:\/\/3ciencias.com\/en\/wp-json\/wp\/v2\/pages\/9772"}],"collection":[{"href":"https:\/\/3ciencias.com\/en\/wp-json\/wp\/v2\/pages"}],"about":[{"href":"https:\/\/3ciencias.com\/en\/wp-json\/wp\/v2\/types\/page"}],"author":[{"embeddable":true,"href":"https:\/\/3ciencias.com\/en\/wp-json\/wp\/v2\/users\/1"}],"replies":[{"embeddable":true,"href":"https:\/\/3ciencias.com\/en\/wp-json\/wp\/v2\/comments?post=9772"}],"version-history":[{"count":0,"href":"https:\/\/3ciencias.com\/en\/wp-json\/wp\/v2\/pages\/9772\/revisions"}],"up":[{"embeddable":true,"href":"https:\/\/3ciencias.com\/en\/wp-json\/wp\/v2\/pages\/9733"}],"wp:attachment":[{"href":"https:\/\/3ciencias.com\/en\/wp-json\/wp\/v2\/media?parent=9772"}],"curies":[{"name":"wp","href":"https:\/\/api.w.org\/{rel}","templated":true}]}}