{"id":9771,"date":"2015-07-10T14:30:40","date_gmt":"2015-07-10T12:30:40","guid":{"rendered":"https:\/\/3ciencias.com\/i-congreso-internacional-online-del-empleo-de-las-tic-en-la-sociedad-la-educacion-y-la-empresa\/contacto\/"},"modified":"2020-07-28T11:53:38","modified_gmt":"2020-07-28T09:53:38","slug":"contacto-2","status":"publish","type":"page","link":"https:\/\/3ciencias.com\/en\/contacto-2\/","title":{"rendered":"Contacto"},"content":{"rendered":"<p><strong>Editorial cient\u00edfica online 3Ciencias<\/strong><\/p>\n<p><em><strong>\u00c1rea de Innovaci\u00f3n y Desarrollo<\/strong><\/em><\/p>\n<p>Correo eletr\u00f3nico: <a href=\"mailto:info@3ciencias.com\">info@3ciencias.com<\/a><\/p>\n","protected":false},"excerpt":{"rendered":"<p>Editorial cient\u00edfica online 3Ciencias \u00c1rea de Innovaci\u00f3n y Desarrollo Correo eletr\u00f3nico: info@3ciencias.com<\/p>\n","protected":false},"author":2,"featured_media":0,"parent":0,"menu_order":0,"comment_status":"closed","ping_status":"open","template":"","meta":{"_bbp_topic_count":0,"_bbp_reply_count":0,"_bbp_total_topic_count":0,"_bbp_total_reply_count":0,"_bbp_voice_count":0,"_bbp_anonymous_reply_count":0,"_bbp_topic_count_hidden":0,"_bbp_reply_count_hidden":0,"_bbp_forum_subforum_count":0,"_mi_skip_tracking":false,"_monsterinsights_sitenote_active":false,"_monsterinsights_sitenote_note":"","_monsterinsights_sitenote_category":0,"footnotes":""},"acf":[],"_links":{"self":[{"href":"https:\/\/3ciencias.com\/en\/wp-json\/wp\/v2\/pages\/9771"}],"collection":[{"href":"https:\/\/3ciencias.com\/en\/wp-json\/wp\/v2\/pages"}],"about":[{"href":"https:\/\/3ciencias.com\/en\/wp-json\/wp\/v2\/types\/page"}],"author":[{"embeddable":true,"href":"https:\/\/3ciencias.com\/en\/wp-json\/wp\/v2\/users\/2"}],"replies":[{"embeddable":true,"href":"https:\/\/3ciencias.com\/en\/wp-json\/wp\/v2\/comments?post=9771"}],"version-history":[{"count":0,"href":"https:\/\/3ciencias.com\/en\/wp-json\/wp\/v2\/pages\/9771\/revisions"}],"wp:attachment":[{"href":"https:\/\/3ciencias.com\/en\/wp-json\/wp\/v2\/media?parent=9771"}],"curies":[{"name":"wp","href":"https:\/\/api.w.org\/{rel}","templated":true}]}}