{"id":9729,"date":"2015-11-05T13:36:14","date_gmt":"2015-11-05T12:36:14","guid":{"rendered":"https:\/\/3ciencias.com\/comite-organizador\/"},"modified":"2015-11-05T13:36:14","modified_gmt":"2015-11-05T12:36:14","slug":"comite-organizador","status":"publish","type":"page","link":"https:\/\/3ciencias.com\/en\/i-congreso-internacional-online-del-empleo-de-las-tic-en-la-sociedad-la-educacion-y-la-empresa\/i-congreso-internacional-online-del-uso-las-tic-la-sociedad-la-educacion-la-empresa\/comites\/comite-organizador\/","title":{"rendered":"Comit\u00e9 Organizador"},"content":{"rendered":"<p><em><strong>Presidenta<\/strong><\/em><\/p>\n<ul>\n<li>Mar\u00eda Vilaplana Aparicio. Universidad de Alicante<\/li>\n<\/ul>\n<p><em><strong>Coordinadora y Secretar\u00eda General<\/strong><\/em><\/p>\n<ul>\n<li>Isabel Castillo Olmedo. 3Ciencias<\/li>\n<\/ul>\n<p><em><strong>Componentes de la organizaci\u00f3n<br \/>\n<\/strong><\/em><\/p>\n<ul>\n<li>Ana Isabel P\u00e9rez Molina. Universidad Polit\u00e9cnica de Valencia<\/li>\n<li>Mar Iglesias-Garc\u00eda. Universidad de Alicante<\/li>\n<li>V\u00edctor Gisbert Soler. Universidad Polit\u00e9cnica de Valencia<\/li>\n<li>Elena P\u00e9rez Bernabeu. Universidad Polit\u00e9cnica de Valencia<\/li>\n<li>David Ju\u00e1rez Var\u00f3n. Universidad Polit\u00e9cnica de Valencia<\/li>\n<li>Francisco Llopis Va\u00f1o. Universidad de Alicante<\/li>\n<li>Francisco Javier C\u00e1rcel Carrasco. Universidad Polit\u00e9cnica de Valencia<\/li>\n<\/ul>\n","protected":false},"excerpt":{"rendered":"<p>Presidenta Mar\u00eda Vilaplana Aparicio. Universidad de Alicante Coordinadora y Secretar\u00eda General Isabel Castillo Olmedo. 3Ciencias Componentes de la organizaci\u00f3n Ana Isabel P\u00e9rez Molina. Universidad Polit\u00e9cnica de Valencia Mar Iglesias-Garc\u00eda. Universidad de Alicante V\u00edctor Gisbert Soler. Universidad Polit\u00e9cnica de Valencia Elena &hellip; <a href=\"https:\/\/3ciencias.com\/en\/i-congreso-internacional-online-del-empleo-de-las-tic-en-la-sociedad-la-educacion-y-la-empresa\/i-congreso-internacional-online-del-uso-las-tic-la-sociedad-la-educacion-la-empresa\/comites\/comite-organizador\/\">leer m\u00e1s <span class=\"meta-nav\">&rarr;<\/span><\/a><\/p>\n","protected":false},"author":2,"featured_media":0,"parent":9778,"menu_order":0,"comment_status":"open","ping_status":"open","template":"tp-congreso.php","meta":{"_bbp_topic_count":0,"_bbp_reply_count":0,"_bbp_total_topic_count":0,"_bbp_total_reply_count":0,"_bbp_voice_count":0,"_bbp_anonymous_reply_count":0,"_bbp_topic_count_hidden":0,"_bbp_reply_count_hidden":0,"_bbp_forum_subforum_count":0,"_mi_skip_tracking":false,"_monsterinsights_sitenote_active":false,"_monsterinsights_sitenote_note":"","_monsterinsights_sitenote_category":0,"footnotes":""},"acf":[],"_links":{"self":[{"href":"https:\/\/3ciencias.com\/en\/wp-json\/wp\/v2\/pages\/9729"}],"collection":[{"href":"https:\/\/3ciencias.com\/en\/wp-json\/wp\/v2\/pages"}],"about":[{"href":"https:\/\/3ciencias.com\/en\/wp-json\/wp\/v2\/types\/page"}],"author":[{"embeddable":true,"href":"https:\/\/3ciencias.com\/en\/wp-json\/wp\/v2\/users\/2"}],"replies":[{"embeddable":true,"href":"https:\/\/3ciencias.com\/en\/wp-json\/wp\/v2\/comments?post=9729"}],"version-history":[{"count":0,"href":"https:\/\/3ciencias.com\/en\/wp-json\/wp\/v2\/pages\/9729\/revisions"}],"up":[{"embeddable":true,"href":"https:\/\/3ciencias.com\/en\/wp-json\/wp\/v2\/pages\/9778"}],"wp:attachment":[{"href":"https:\/\/3ciencias.com\/en\/wp-json\/wp\/v2\/media?parent=9729"}],"curies":[{"name":"wp","href":"https:\/\/api.w.org\/{rel}","templated":true}]}}