{"id":9728,"date":"2015-11-05T14:03:52","date_gmt":"2015-11-05T13:03:52","guid":{"rendered":"https:\/\/3ciencias.com\/comite-cientifico\/"},"modified":"2015-11-05T14:03:52","modified_gmt":"2015-11-05T13:03:52","slug":"comite-cientifico","status":"publish","type":"page","link":"https:\/\/3ciencias.com\/en\/i-congreso-internacional-online-del-empleo-de-las-tic-en-la-sociedad-la-educacion-y-la-empresa\/i-congreso-internacional-online-del-uso-las-tic-la-sociedad-la-educacion-la-empresa\/comites\/comite-cientifico\/","title":{"rendered":"Comit\u00e9 Cient\u00edfico"},"content":{"rendered":"<h2 style=\"text-align: center;\">Presentamos el equipo que constituye el Comit\u00e9 Cient\u00edfico del Congreso sobre las TIC<\/h2>\n<p style=\"text-align: justify;\">Presentamos el equipo profesional y especializados en la aplicaci\u00f3n TIC en diferentes \u00e1mbitos, los cuales cooperan en la realizaci\u00f3n y ayudan a garantizar la calidad del<strong> I Congreso Internacional online del Uso de las TIC en la sociedad, la educaci\u00f3n y la empresa<\/strong>.<\/p>\n<ul>\n<li><a href=\"https:\/\/3ciencias.com\/en\/raul-ruben-fernandez-aedo\/\">Ra\u00fal Rub\u00e9n Fern\u00e1ndez Aedo<\/a>. Universidad de Ciego de \u00c1vila &#8211; UNICA (Cuba)<\/li>\n<li><a href=\"https:\/\/3ciencias.com\/en\/viviana-duro-novoa\/\">Viviana Dur\u00f3 Novoa<\/a>. Universidad de La Habana (Cuba)<\/li>\n<li>Julio Barroso Osuna. Universidad de Sevilla (Espa\u00f1a)<\/li>\n<li><a href=\"https:\/\/3ciencias.com\/en\/manolo-llorca-alcon\/\">Manolo Llorca Alc\u00f3n<\/a>. Universidad Polit\u00e9cnica de Valencia (Espa\u00f1a)<\/li>\n<li><a href=\"https:\/\/3ciencias.com\/en\/miguel-navarro-rodriguez\/\">Miguel Navarro Rodr\u00edguez<\/a>. Universidad Pedag\u00f3gica de Durango (M\u00e9xico)<\/li>\n<li><a href=\"https:\/\/3ciencias.com\/en\/marcela-georgina-gomez-zermeno\/\">Marcela Georgina G\u00f3mez Zerme\u00f1o<\/a>. Escuela de Educaci\u00f3n, Humanidades y Ciencias Sociales. Tecnol\u00f3gico de Monterrey (M\u00e9xico)<\/li>\n<li>Julio Barroso Osuna. Universidad de Sevilla (Espa\u00f1a)<\/li>\n<li><a href=\"https:\/\/3ciencias.com\/en\/juan-manuel-trujillo-torres\/\">Juan Manuel Trujillo Torres<\/a>. Universidad de Granada (Espa\u00f1a)<\/li>\n<li><a href=\"https:\/\/3ciencias.com\/en\/ma-del-pilar-montijano-cabrera\/\">Pilar Montijano Cabrera<\/a>. Universidad de M\u00e1laga (Espa\u00f1a)<\/li>\n<li>Mar\u00eda Teresa Ribeiro Pessoa. Universidade de Coimbra (Portugal)<\/li>\n<li>Enrique S\u00e1nchez Rivas. Universidad de M\u00e1laga (Espa\u00f1a)<\/li>\n<li><a href=\"https:\/\/3ciencias.com\/en\/dr-jose-manuel-garcia-moreno\/\">Jos\u00e9 Manuel Garc\u00eda Moreno<\/a>. Universidad de Granada (Espa\u00f1a)<\/li>\n<li><a href=\"https:\/\/3ciencias.com\/en\/santiago-alonso-garcia\/\">Santiago Alonso Garc\u00eda<\/a>. Universidad Nacional de Educaci\u00f3n UNAE (Ecuador)<\/li>\n<li><a href=\"https:\/\/3ciencias.com\/en\/ma-pilar-caceres-reche\/\">Pilar C\u00e1ceres Reche<\/a>. Universidad de Granada (Espa\u00f1a)<\/li>\n<li><a href=\"https:\/\/3ciencias.com\/en\/inmaculada-aznar-diaz\/\">Inmaculada Aznar D\u00edaz<\/a>. Universidad de Granada (Espa\u00f1a)<\/li>\n<li><a href=\"https:\/\/3ciencias.com\/en\/dr-francisco-javier-hinojo-lucena\/\">Francisco Javier Hinojo Lucena<\/a>. Universidad de Granada (Espa\u00f1a)<\/li>\n<li><a href=\"https:\/\/3ciencias.com\/en\/francisco-raso-sanchez\/\">Francisco Raso S\u00e1nchez<\/a>. Universidad de Granada (Espa\u00f1a)<\/li>\n<li><a href=\"https:\/\/3ciencias.com\/en\/manuela-raposo-rivas\/\">Manuela Raposo Rivas<\/a>. Universidad de Vigo (Espa\u00f1a)<\/li>\n<li><a href=\"https:\/\/3ciencias.com\/en\/maria-angustias-hinojo-lucena\/\">Maria Angustias Hinojo Lucena<\/a>. Universidad de Granada (Espa\u00f1a)<\/li>\n<li><a href=\"https:\/\/3ciencias.com\/en\/veronica-marin-diaz\/\">Dra. Ver\u00f3nica Mar\u00edn D\u00edaz<\/a>. Universidad de C\u00f3rdoba (Espa\u00f1a)<\/li>\n<li><a href=\"https:\/\/3ciencias.com\/en\/victor-gisbert-soler\/\">V\u00edctor Gisbert Soler<\/a>. Universidad Polit\u00e9cnica de Valencia (Espa\u00f1a)<\/li>\n<li><a href=\"https:\/\/3ciencias.com\/en\/jose-luis-serrano-sanchez\/\">Jos\u00e9 Lu\u00eds Serrano S\u00e1nchez<\/a>. Universidad de Murcia (Espa\u00f1a)<\/li>\n<li>Dra. Raquel Trillo-Lado. Universidad de Zaragoza (Espa\u00f1a)<\/li>\n<li><a href=\"https:\/\/3ciencias.com\/en\/victor-hugo-aravena-diaz\/\">Mg. Victor Aravena<\/a>. Universidad Frontera (Chile)<\/li>\n<li><a href=\"https:\/\/3ciencias.com\/en\/francisco-javier-carcel-carrasco\/\">Francisco Javier C\u00e1rcel Carrasco<\/a>. Universidad Polit\u00e9cnica de Valencia (Espa\u00f1a)<\/li>\n<li><a href=\"https:\/\/3ciencias.com\/en\/ana-isabel-perez-molina\/\">Ana Isabel P\u00e9rez Molina<\/a>. Universidad Polit\u00e9cnica de Valencia (Espa\u00f1a)<\/li>\n<li><a href=\"https:\/\/3ciencias.com\/en\/david-juarez-varon\/\">David Ju\u00e1rez Var\u00f3n<\/a>. Universidad Polit\u00e9cnica de Valencia (Espa\u00f1a)<\/li>\n<li><a href=\"https:\/\/3ciencias.com\/en\/francisco-llopis-vano\/\">Francisco Llopis Va\u00f1\u00f3<\/a>. Universidad de Alicante (Espa\u00f1a)<\/li>\n<li><a href=\"https:\/\/3ciencias.com\/en\/elena-perez-bernabeu\/\">Elena P\u00e9rez Bernabeu<\/a>. Universidad Polit\u00e9cnica de Valencia (Espa\u00f1a)<\/li>\n<li><a href=\"https:\/\/3ciencias.com\/en\/julio-ruiz-palmero\/\">Julio Ruiz-Palmero<\/a>. Universidad de M\u00e1laga (Espa\u00f1a)<\/li>\n<li><a href=\"https:\/\/3ciencias.com\/en\/jose-sanchez-rodriguez\/\">Jos\u00e9 S\u00e1nchez Rodr\u00edguez<\/a>. Universidad de M\u00e1laga (Espa\u00f1a)<\/li>\n<\/ul>\n","protected":false},"excerpt":{"rendered":"<p>Presentamos el equipo que constituye el Comit\u00e9 Cient\u00edfico del Congreso sobre las TIC Presentamos el equipo profesional y especializados en la aplicaci\u00f3n TIC en diferentes \u00e1mbitos, los cuales cooperan en la realizaci\u00f3n y ayudan a garantizar la calidad del I &hellip; <a href=\"https:\/\/3ciencias.com\/en\/i-congreso-internacional-online-del-empleo-de-las-tic-en-la-sociedad-la-educacion-y-la-empresa\/i-congreso-internacional-online-del-uso-las-tic-la-sociedad-la-educacion-la-empresa\/comites\/comite-cientifico\/\">leer m\u00e1s <span class=\"meta-nav\">&rarr;<\/span><\/a><\/p>\n","protected":false},"author":2,"featured_media":0,"parent":9778,"menu_order":0,"comment_status":"open","ping_status":"open","template":"tp-congreso.php","meta":{"_bbp_topic_count":0,"_bbp_reply_count":0,"_bbp_total_topic_count":0,"_bbp_total_reply_count":0,"_bbp_voice_count":0,"_bbp_anonymous_reply_count":0,"_bbp_topic_count_hidden":0,"_bbp_reply_count_hidden":0,"_bbp_forum_subforum_count":0,"_mi_skip_tracking":false,"_monsterinsights_sitenote_active":false,"_monsterinsights_sitenote_note":"","_monsterinsights_sitenote_category":0,"footnotes":""},"acf":[],"_links":{"self":[{"href":"https:\/\/3ciencias.com\/en\/wp-json\/wp\/v2\/pages\/9728"}],"collection":[{"href":"https:\/\/3ciencias.com\/en\/wp-json\/wp\/v2\/pages"}],"about":[{"href":"https:\/\/3ciencias.com\/en\/wp-json\/wp\/v2\/types\/page"}],"author":[{"embeddable":true,"href":"https:\/\/3ciencias.com\/en\/wp-json\/wp\/v2\/users\/2"}],"replies":[{"embeddable":true,"href":"https:\/\/3ciencias.com\/en\/wp-json\/wp\/v2\/comments?post=9728"}],"version-history":[{"count":0,"href":"https:\/\/3ciencias.com\/en\/wp-json\/wp\/v2\/pages\/9728\/revisions"}],"up":[{"embeddable":true,"href":"https:\/\/3ciencias.com\/en\/wp-json\/wp\/v2\/pages\/9778"}],"wp:attachment":[{"href":"https:\/\/3ciencias.com\/en\/wp-json\/wp\/v2\/media?parent=9728"}],"curies":[{"name":"wp","href":"https:\/\/api.w.org\/{rel}","templated":true}]}}