{"id":9727,"date":"2015-11-05T14:20:37","date_gmt":"2015-11-05T13:20:37","guid":{"rendered":"https:\/\/3ciencias.com\/raul-ruben-fernandez-aedo\/"},"modified":"2015-11-05T14:20:37","modified_gmt":"2015-11-05T13:20:37","slug":"raul-ruben-fernandez-aedo","status":"publish","type":"page","link":"https:\/\/3ciencias.com\/en\/i-congreso-internacional-online-del-empleo-de-las-tic-en-la-sociedad-la-educacion-y-la-empresa\/raul-ruben-fernandez-aedo\/","title":{"rendered":"Ra\u00fal Rub\u00e9n Fern\u00e1ndez Aedo"},"content":{"rendered":"<ul>\n<li>T\u00edtulo: Licenciado en educaci\u00f3n, especialidad Matem\u00e1tica. 1981<\/li>\n<li>Categor\u00eda Docente: Profesor Titular.<\/li>\n<li>Grado cient\u00edfico:\n<ul>\n<li>M\u00e1ster en Computaci\u00f3n Aplicada. Cuba. 2000<\/li>\n<li>Doctor en Aportaciones Humanistas y Sociales. Granada. Espa\u00f1a. 2005<\/li>\n<li>Doctor en Ciencias Pedag\u00f3gicas. Cuba. 2006<\/li>\n<\/ul>\n<\/li>\n<\/ul>\n<p style=\"text-align: justify;\">Ha realizado diferentes estudios entre los que aparece una especialidad en microcomputadoras en la Rep\u00fablica de Hungr\u00eda, especialidad en Computaci\u00f3n en Cuba y un diplomado en computaci\u00f3n en Cuba. Ha recibido m\u00e1s de 80 cursos de postgrados en diversas tem\u00e1ticas entre las que destacan lenguajes de programaci\u00f3n, bases de datos, ingenier\u00eda de software, did\u00e1ctica general, inteligencia artificial, Inform\u00e1tica y Tecnolog\u00eda Educativa y Educaci\u00f3n a Distancia, etc. Ha impartido docencia en diferentes ense\u00f1anzas (Secundaria Obrero-Campesino, Facultad Obrera-Campesina, Escuela de Formaci\u00f3n de Maestros y Educaci\u00f3n Superior) de Metodolog\u00eda de la ense\u00f1anza de las Matem\u00e1ticas, Matem\u00e1tica, Computaci\u00f3n, Programaci\u00f3n, Inteligencia Artificial, Redes de Computadoras, Bases de Datos, An\u00e1lisis y Dise\u00f1o de Sistemas, Inform\u00e1tica Educativa, Tecnolog\u00eda Educativa, Bases de Datos, paqueter\u00eda Office, etc., en Cuba y el extranjero para pre y postgrado. Ha participado en m\u00faltiples eventos nacionales e internacionales adem\u00e1s de poseer m\u00e1s de 30 publicaciones cient\u00edficas en revistas nacionales e internacionales y varios libros. Ha tutorado varias tesis de diploma, maestr\u00eda y doctorados con resultados excelentes. Ha participado en 8 proyectos de investigaciones concluidas con introducci\u00f3n de logros y actualmente se encuentra en dos proyectos sobre inform\u00e1tica educativa y educaci\u00f3n a distancia. Es miembro de la comisi\u00f3n nacional de cuba de Tecnolog\u00eda Educativa, Experto Nacional de la Junta de acreditaci\u00f3n de Cuba, miembro del Consejo Cient\u00edfico de la Universidad de Ciego de \u00c1vila. Posee conocimientos de idioma ingl\u00e9s y portugu\u00e9s. M\u00e1s de 35 a\u00f1os ininterrumpidos en la educaci\u00f3n. Actualmente se desempe\u00f1a en el Departamento de Gesti\u00f3n de la Informaci\u00f3n y el Conocimiento como jefe del grupo de Tecnolog\u00eda Educativa, es coordinador de la Maestr\u00eda de Inform\u00e1tica Aplicada acreditada de excelencia y director de la Revista Universidad y Ciencia de la Universidad de Ciego de \u00c1vila, Cuba.<\/p>\n","protected":false},"excerpt":{"rendered":"<p>T\u00edtulo: Licenciado en educaci\u00f3n, especialidad Matem\u00e1tica. 1981 Categor\u00eda Docente: Profesor Titular. Grado cient\u00edfico: M\u00e1ster en Computaci\u00f3n Aplicada. Cuba. 2000 Doctor en Aportaciones Humanistas y Sociales. Granada. Espa\u00f1a. 2005 Doctor en Ciencias Pedag\u00f3gicas. Cuba. 2006 Ha realizado diferentes estudios entre los &hellip; <a href=\"https:\/\/3ciencias.com\/en\/i-congreso-internacional-online-del-empleo-de-las-tic-en-la-sociedad-la-educacion-y-la-empresa\/raul-ruben-fernandez-aedo\/\">leer m\u00e1s <span class=\"meta-nav\">&rarr;<\/span><\/a><\/p>\n","protected":false},"author":2,"featured_media":0,"parent":9733,"menu_order":0,"comment_status":"open","ping_status":"open","template":"tp-congreso.php","meta":{"_bbp_topic_count":0,"_bbp_reply_count":0,"_bbp_total_topic_count":0,"_bbp_total_reply_count":0,"_bbp_voice_count":0,"_bbp_anonymous_reply_count":0,"_bbp_topic_count_hidden":0,"_bbp_reply_count_hidden":0,"_bbp_forum_subforum_count":0,"_mi_skip_tracking":false,"_monsterinsights_sitenote_active":false,"_monsterinsights_sitenote_note":"","_monsterinsights_sitenote_category":0,"footnotes":""},"acf":[],"_links":{"self":[{"href":"https:\/\/3ciencias.com\/en\/wp-json\/wp\/v2\/pages\/9727"}],"collection":[{"href":"https:\/\/3ciencias.com\/en\/wp-json\/wp\/v2\/pages"}],"about":[{"href":"https:\/\/3ciencias.com\/en\/wp-json\/wp\/v2\/types\/page"}],"author":[{"embeddable":true,"href":"https:\/\/3ciencias.com\/en\/wp-json\/wp\/v2\/users\/2"}],"replies":[{"embeddable":true,"href":"https:\/\/3ciencias.com\/en\/wp-json\/wp\/v2\/comments?post=9727"}],"version-history":[{"count":0,"href":"https:\/\/3ciencias.com\/en\/wp-json\/wp\/v2\/pages\/9727\/revisions"}],"up":[{"embeddable":true,"href":"https:\/\/3ciencias.com\/en\/wp-json\/wp\/v2\/pages\/9733"}],"wp:attachment":[{"href":"https:\/\/3ciencias.com\/en\/wp-json\/wp\/v2\/media?parent=9727"}],"curies":[{"name":"wp","href":"https:\/\/api.w.org\/{rel}","templated":true}]}}