{"id":9726,"date":"2015-11-05T15:42:43","date_gmt":"2015-11-05T14:42:43","guid":{"rendered":"https:\/\/3ciencias.com\/manuela-raposo-rivas\/"},"modified":"2015-11-05T15:42:43","modified_gmt":"2015-11-05T14:42:43","slug":"manuela-raposo-rivas","status":"publish","type":"page","link":"https:\/\/3ciencias.com\/en\/manuela-raposo-rivas\/","title":{"rendered":"Manuela Raposo Rivas"},"content":{"rendered":"<p style=\"text-align: justify;\"><span lang=\"ES-TRAD\">Profesora Titular de Universidad de la Universidad de Vigo (Espa\u00f1a).\u00a0Doctora en Psicopedagog\u00eda (Universidad de Vigo), licenciada en Pedagog\u00eda (Universidad de Santiago de Compostela). Su tem\u00e1tica de docencia e investigaci\u00f3n est\u00e1 relacionada con las tecnolog\u00edas de la informaci\u00f3n y la comunicaci\u00f3n como recursos para el aprendizaje, el Practicum en la formaci\u00f3n de futuros profesionales de la educaci\u00f3n, junto con la innovaci\u00f3n y calidad en educaci\u00f3n.\u00a0 Sobre ellas, tiene publicaciones y participaci\u00f3n en diferentes proyectos de investigaci\u00f3n y redes de investigadores. Fue miembro del grupo de trabajo sobre Formaci\u00f3n de Profesores y Espacio Europeo de Educaci\u00f3n Superior en la Agencia para la Calidad del Sistema Universitario de Galicia (ACSUG, 2004-2006). Pertenece a Comit\u00e9s de diferentes revistas indexadas en el \u00e1mbito de la Educaci\u00f3n Superior y las TIC.<\/span><\/p>\n","protected":false},"excerpt":{"rendered":"<p>Profesora Titular de Universidad de la Universidad de Vigo (Espa\u00f1a).\u00a0Doctora en Psicopedagog\u00eda (Universidad de Vigo), licenciada en Pedagog\u00eda (Universidad de Santiago de Compostela). Su tem\u00e1tica de docencia e investigaci\u00f3n est\u00e1 relacionada con las tecnolog\u00edas de la informaci\u00f3n y la comunicaci\u00f3n &hellip; <a href=\"https:\/\/3ciencias.com\/en\/manuela-raposo-rivas\/\">leer m\u00e1s <span class=\"meta-nav\">&rarr;<\/span><\/a><\/p>\n","protected":false},"author":2,"featured_media":0,"parent":0,"menu_order":0,"comment_status":"open","ping_status":"open","template":"tp-congreso.php","meta":{"_bbp_topic_count":0,"_bbp_reply_count":0,"_bbp_total_topic_count":0,"_bbp_total_reply_count":0,"_bbp_voice_count":0,"_bbp_anonymous_reply_count":0,"_bbp_topic_count_hidden":0,"_bbp_reply_count_hidden":0,"_bbp_forum_subforum_count":0,"_mi_skip_tracking":false,"_monsterinsights_sitenote_active":false,"_monsterinsights_sitenote_note":"","_monsterinsights_sitenote_category":0,"footnotes":""},"acf":[],"_links":{"self":[{"href":"https:\/\/3ciencias.com\/en\/wp-json\/wp\/v2\/pages\/9726"}],"collection":[{"href":"https:\/\/3ciencias.com\/en\/wp-json\/wp\/v2\/pages"}],"about":[{"href":"https:\/\/3ciencias.com\/en\/wp-json\/wp\/v2\/types\/page"}],"author":[{"embeddable":true,"href":"https:\/\/3ciencias.com\/en\/wp-json\/wp\/v2\/users\/2"}],"replies":[{"embeddable":true,"href":"https:\/\/3ciencias.com\/en\/wp-json\/wp\/v2\/comments?post=9726"}],"version-history":[{"count":0,"href":"https:\/\/3ciencias.com\/en\/wp-json\/wp\/v2\/pages\/9726\/revisions"}],"wp:attachment":[{"href":"https:\/\/3ciencias.com\/en\/wp-json\/wp\/v2\/media?parent=9726"}],"curies":[{"name":"wp","href":"https:\/\/api.w.org\/{rel}","templated":true}]}}