{"id":9725,"date":"2015-11-05T16:09:35","date_gmt":"2015-11-05T15:09:35","guid":{"rendered":"https:\/\/3ciencias.com\/dr-jose-manuel-garcia-moreno\/"},"modified":"2015-11-05T16:09:35","modified_gmt":"2015-11-05T15:09:35","slug":"dr-jose-manuel-garcia-moreno","status":"publish","type":"page","link":"https:\/\/3ciencias.com\/en\/dr-jose-manuel-garcia-moreno\/","title":{"rendered":"Dr. Jos\u00e9 Manuel Garc\u00eda Moreno"},"content":{"rendered":"<p style=\"text-align: justify;\">Doctor en Sociolog\u00eda por la Universidad de Granada. M\u00e1ster en M\u00e1rketing y Gesti\u00f3n Comercial por ESIC. M\u00e1ster en Estudios de Opini\u00f3n por el Colegio Andaluz de Doctores y Licenciados en Ciencias Pol\u00edticas y Sociolog\u00eda. Primer Premio Nacional de Terminaci\u00f3n de Estudios en Sociolog\u00eda 2001 por el Ministerio de Educaci\u00f3n. Premio Extraordinario de Licenciatura en Sociolog\u00eda por la Facultad de Ciencias Pol\u00edticas y Sociolog\u00eda de la Universidad de Granada en 2001.<\/p>\n<p style=\"text-align: justify;\">Es Profesor Universitario de Sociolog\u00eda en la Universidad de Granada desde el a\u00f1o 2007. Cuenta con 12 a\u00f1os de experiencia como profesional en la investigaci\u00f3n social, de mercado y en asesor\u00eda pol\u00edtica. Socio Fundador y Director General de la empresa de estudios de mercado y opini\u00f3n social Societae Estudios Sociol\u00f3gicos desde el a\u00f1o 2003 hasta 2011. Ha participado, bien como investigador colaborador o como director e investigador principal en m\u00e1s de 50 proyectos y contratos de investigaci\u00f3n tanto con la administraci\u00f3n p\u00fablica como con el \u00e1mbito privado. Sus campos de especializaci\u00f3n son la Sociolog\u00eda Pol\u00edtica y Electoral, la Sociolog\u00eda del Trabajo, Sociolog\u00eda de la Juventud y las T\u00e9cnicas de Investigaci\u00f3n.<\/p>\n<p style=\"text-align: justify;\">Miembro del Grupo de Investigaci\u00f3n <em>Los Problemas Sociales en Andaluc\u00eda<\/em>. Profesor <em>del Master Universitario Problemas Sociales: Direcci\u00f3n y Gesti\u00f3n de Programas Sociales<\/em> de la Universidad de Granada. Profesor del <em>Master Universitario La Intervenci\u00f3n Social en las Sociedades del Conocimiento<\/em> de la Universidad Internacional de la Rioja. Profesor del <em>Posgrado Formaci\u00f3n de especialistas en investigaci\u00f3n social aplicada y an\u00e1lisis de datos<\/em> del Centro de Investigaciones Sociol\u00f3gicas (CIS).<\/p>\n<p style=\"text-align: justify;\">Entre sus \u00faltimas publicaciones podemos se\u00f1alar, <em>Comportamiento Electoral en las elecciones a rector en las universidades espa\u00f1olas <\/em>(Revista Espa\u00f1ola de pedagog\u00eda \u2013 2015); <em>Training for employment: an analysis of the bussines sector context in Spain <\/em>(Revista Social Perspectives \u2013 2015); <em>El acceso al empleo en Espa\u00f1a: an\u00e1lisis de las trayectorias laborales en el contexto de la Uni\u00f3n Europea<\/em> (Alfaomega Ed. \u2013 2015); <em>Derechos Humanos y Juventud. Del concepto de juventud a la materializaci\u00f3n de sus derechos<\/em>, (Editorial Fontamara \u2013 2015) <em>J\u00f3venes \u2013 Adultos. Contradicciones en el paso a la edad Adulta en la Espa\u00f1a del Siglo XXI <\/em>(McGraw Hill \u2013 2013); <em>Las l\u00f3gicas de la evaluaci\u00f3n de programas de intervenci\u00f3n: imposici\u00f3n o participaci\u00f3n<\/em> (Revista Internacional de Trabajo Social y Bienestar \u2013 2012), <em>Ser joven hoy en Espa\u00f1a. Dificultades para el acceso al mundo de los adultos<\/em> (Revista Barataria \u2013 2012).<\/p>\n","protected":false},"excerpt":{"rendered":"<p>Doctor en Sociolog\u00eda por la Universidad de Granada. M\u00e1ster en M\u00e1rketing y Gesti\u00f3n Comercial por ESIC. M\u00e1ster en Estudios de Opini\u00f3n por el Colegio Andaluz de Doctores y Licenciados en Ciencias Pol\u00edticas y Sociolog\u00eda. Primer Premio Nacional de Terminaci\u00f3n de &hellip; <a href=\"https:\/\/3ciencias.com\/en\/dr-jose-manuel-garcia-moreno\/\">leer m\u00e1s <span class=\"meta-nav\">&rarr;<\/span><\/a><\/p>\n","protected":false},"author":2,"featured_media":0,"parent":0,"menu_order":0,"comment_status":"open","ping_status":"open","template":"tp-congreso.php","meta":{"_bbp_topic_count":0,"_bbp_reply_count":0,"_bbp_total_topic_count":0,"_bbp_total_reply_count":0,"_bbp_voice_count":0,"_bbp_anonymous_reply_count":0,"_bbp_topic_count_hidden":0,"_bbp_reply_count_hidden":0,"_bbp_forum_subforum_count":0,"_mi_skip_tracking":false,"_monsterinsights_sitenote_active":false,"_monsterinsights_sitenote_note":"","_monsterinsights_sitenote_category":0,"footnotes":""},"acf":[],"_links":{"self":[{"href":"https:\/\/3ciencias.com\/en\/wp-json\/wp\/v2\/pages\/9725"}],"collection":[{"href":"https:\/\/3ciencias.com\/en\/wp-json\/wp\/v2\/pages"}],"about":[{"href":"https:\/\/3ciencias.com\/en\/wp-json\/wp\/v2\/types\/page"}],"author":[{"embeddable":true,"href":"https:\/\/3ciencias.com\/en\/wp-json\/wp\/v2\/users\/2"}],"replies":[{"embeddable":true,"href":"https:\/\/3ciencias.com\/en\/wp-json\/wp\/v2\/comments?post=9725"}],"version-history":[{"count":0,"href":"https:\/\/3ciencias.com\/en\/wp-json\/wp\/v2\/pages\/9725\/revisions"}],"wp:attachment":[{"href":"https:\/\/3ciencias.com\/en\/wp-json\/wp\/v2\/media?parent=9725"}],"curies":[{"name":"wp","href":"https:\/\/api.w.org\/{rel}","templated":true}]}}