{"id":9724,"date":"2015-11-05T16:17:51","date_gmt":"2015-11-05T15:17:51","guid":{"rendered":"https:\/\/3ciencias.com\/francisco-raso-sanchez\/"},"modified":"2015-11-05T16:17:51","modified_gmt":"2015-11-05T15:17:51","slug":"francisco-raso-sanchez","status":"publish","type":"page","link":"https:\/\/3ciencias.com\/en\/francisco-raso-sanchez\/","title":{"rendered":"Francisco Raso S\u00e1nchez"},"content":{"rendered":"<p style=\"text-align: justify;\">Doctor Internacional en Pedagog\u00eda y Psicopedagog\u00eda por las Universidades de Granada y Complutense de Madrid con Premio Extraordinario y Menci\u00f3n Nacional de Honor del Ministerio de Educaci\u00f3n y Ciencia. Es Profesor del Departamento de Did\u00e1ctica y Organizaci\u00f3n Escolar de la Universidad de Granada y miembro del Grupo de Investigaci\u00f3n A.R.E.A. \u201cAn\u00e1lisis de la Realidad Educativa Andaluza\u201d (HUM \u2013 672), habiendo publicado numerosos trabajos en prestigiosas revistas cient\u00edficas especializadas y de impacto como The New Educational Review, PIXEL \u2013 BIT: Revista de Medios y Educaci\u00f3n, Revista Latinoamericana de Ciencias Sociales, Ni\u00f1ez y Juventud, Open Journal Of Leadership, Revista de Educaci\u00f3n del Ministerio de Educaci\u00f3n, Cultura y Deporte, Revista Iberoamericana de Educaci\u00f3n, The International Journal Of Learning, Ense\u00f1anza &amp; Teaching, REICE: Revista Iberoamericana Sobre Calidad, Eficacia y Cambio en Educaci\u00f3n, Studies In Social Sciences And Humanities entre otras. Ha sido ponente en diferentes congresos y actividades cient\u00edficas nacionales e internacionales, realizando estancias de investigaci\u00f3n en pa\u00edses como Portugal, M\u00e9xico, Costa Rica o Colombia. Ha coordinado y colaborado en diversos proyectos de investigaci\u00f3n e innovaci\u00f3n docente, nacionales e internacionales con entidades como las Universidades de Granada, M\u00e1laga, Castilla La Mancha, Costa Rica. Liverpool John Moores University o la Agencia Espa\u00f1ola de Cooperaci\u00f3n Internacional y Desarrollo, siendo, a la postre, revisor y miembro del consejo editorial de numerosas revistas cient\u00edficas del \u00e1rea como PIXEL \u2013 BIT: Revista de Medios y Educaci\u00f3n, APERTURA: Revista de Innovaci\u00f3n Educativa, Revista Latinoamericana de Ciencias Sociales, Ni\u00f1ez y Juventud, Scientific Education Journal, Education Journal, Revista de Educaci\u00f3n de la Universidad de la Sabana o The Journal of Mathematical Neuroscience, entre otras. Sus principales l\u00edneas de investigaci\u00f3n se centran en la escuela rural y la integraci\u00f3n de las T.I.C. en la labor educativa.<\/p>\n","protected":false},"excerpt":{"rendered":"<p>Doctor Internacional en Pedagog\u00eda y Psicopedagog\u00eda por las Universidades de Granada y Complutense de Madrid con Premio Extraordinario y Menci\u00f3n Nacional de Honor del Ministerio de Educaci\u00f3n y Ciencia. Es Profesor del Departamento de Did\u00e1ctica y Organizaci\u00f3n Escolar de la &hellip; <a href=\"https:\/\/3ciencias.com\/en\/francisco-raso-sanchez\/\">leer m\u00e1s <span class=\"meta-nav\">&rarr;<\/span><\/a><\/p>\n","protected":false},"author":2,"featured_media":0,"parent":0,"menu_order":0,"comment_status":"open","ping_status":"open","template":"tp-congreso.php","meta":{"_bbp_topic_count":0,"_bbp_reply_count":0,"_bbp_total_topic_count":0,"_bbp_total_reply_count":0,"_bbp_voice_count":0,"_bbp_anonymous_reply_count":0,"_bbp_topic_count_hidden":0,"_bbp_reply_count_hidden":0,"_bbp_forum_subforum_count":0,"_mi_skip_tracking":false,"_monsterinsights_sitenote_active":false,"_monsterinsights_sitenote_note":"","_monsterinsights_sitenote_category":0,"footnotes":""},"acf":[],"_links":{"self":[{"href":"https:\/\/3ciencias.com\/en\/wp-json\/wp\/v2\/pages\/9724"}],"collection":[{"href":"https:\/\/3ciencias.com\/en\/wp-json\/wp\/v2\/pages"}],"about":[{"href":"https:\/\/3ciencias.com\/en\/wp-json\/wp\/v2\/types\/page"}],"author":[{"embeddable":true,"href":"https:\/\/3ciencias.com\/en\/wp-json\/wp\/v2\/users\/2"}],"replies":[{"embeddable":true,"href":"https:\/\/3ciencias.com\/en\/wp-json\/wp\/v2\/comments?post=9724"}],"version-history":[{"count":0,"href":"https:\/\/3ciencias.com\/en\/wp-json\/wp\/v2\/pages\/9724\/revisions"}],"wp:attachment":[{"href":"https:\/\/3ciencias.com\/en\/wp-json\/wp\/v2\/media?parent=9724"}],"curies":[{"name":"wp","href":"https:\/\/api.w.org\/{rel}","templated":true}]}}