{"id":9723,"date":"2015-11-05T16:24:26","date_gmt":"2015-11-05T15:24:26","guid":{"rendered":"https:\/\/3ciencias.com\/dr-francisco-javier-hinojo-lucena\/"},"modified":"2015-11-05T16:24:26","modified_gmt":"2015-11-05T15:24:26","slug":"dr-francisco-javier-hinojo-lucena","status":"publish","type":"page","link":"https:\/\/3ciencias.com\/en\/dr-francisco-javier-hinojo-lucena\/","title":{"rendered":"Dr. Francisco Javier Hinojo Lucena"},"content":{"rendered":"<p style=\"text-align: justify;\">Diplomado en Educaci\u00f3n F\u00edsica, Licenciado en Psicopedagog\u00eda y Doctor en Ciencias de la Educaci\u00f3n por la Universidad de Granada. Tiene m\u00e1s de un centenar de publicaciones cient\u00edficas en el \u00e1mbito nacional e internacional. Ha sido profesor pasante en la Universidad de Costa Rica y la Escola Superior de Educa\u00e7\u00e3o del Instituto Polit\u00e9cnico de Portalegre, Guarda y Odivelas (Portugal) y en la Universidad de Bolonia (Italia), entre otras. Ha obtenido varios Premios Acad\u00e9micos y Becas del MECD, del MAE y de la Universidad de Granada en el \u00e1mbito de la Educaci\u00f3n Superior. Ha participado del mismo modo en diferentes proyectos de Investigaci\u00f3n e innovaci\u00f3n educativa, siendo una de sus l\u00edneas de actuaci\u00f3n la Formaci\u00f3n Profesional y la educaci\u00f3n a lo largo de la vida. Actualmente desarrolla su labor como Profesor Titular en el Departamento de Did\u00e1ctica y Organizaci\u00f3n Escolar de la Universidad de Granada.<\/p>\n","protected":false},"excerpt":{"rendered":"<p>Diplomado en Educaci\u00f3n F\u00edsica, Licenciado en Psicopedagog\u00eda y Doctor en Ciencias de la Educaci\u00f3n por la Universidad de Granada. Tiene m\u00e1s de un centenar de publicaciones cient\u00edficas en el \u00e1mbito nacional e internacional. Ha sido profesor pasante en la Universidad &hellip; <a href=\"https:\/\/3ciencias.com\/en\/dr-francisco-javier-hinojo-lucena\/\">leer m\u00e1s <span class=\"meta-nav\">&rarr;<\/span><\/a><\/p>\n","protected":false},"author":2,"featured_media":0,"parent":0,"menu_order":0,"comment_status":"open","ping_status":"open","template":"tp-congreso.php","meta":{"_bbp_topic_count":0,"_bbp_reply_count":0,"_bbp_total_topic_count":0,"_bbp_total_reply_count":0,"_bbp_voice_count":0,"_bbp_anonymous_reply_count":0,"_bbp_topic_count_hidden":0,"_bbp_reply_count_hidden":0,"_bbp_forum_subforum_count":0,"_mi_skip_tracking":false,"_monsterinsights_sitenote_active":false,"_monsterinsights_sitenote_note":"","_monsterinsights_sitenote_category":0,"footnotes":""},"acf":[],"_links":{"self":[{"href":"https:\/\/3ciencias.com\/en\/wp-json\/wp\/v2\/pages\/9723"}],"collection":[{"href":"https:\/\/3ciencias.com\/en\/wp-json\/wp\/v2\/pages"}],"about":[{"href":"https:\/\/3ciencias.com\/en\/wp-json\/wp\/v2\/types\/page"}],"author":[{"embeddable":true,"href":"https:\/\/3ciencias.com\/en\/wp-json\/wp\/v2\/users\/2"}],"replies":[{"embeddable":true,"href":"https:\/\/3ciencias.com\/en\/wp-json\/wp\/v2\/comments?post=9723"}],"version-history":[{"count":0,"href":"https:\/\/3ciencias.com\/en\/wp-json\/wp\/v2\/pages\/9723\/revisions"}],"wp:attachment":[{"href":"https:\/\/3ciencias.com\/en\/wp-json\/wp\/v2\/media?parent=9723"}],"curies":[{"name":"wp","href":"https:\/\/api.w.org\/{rel}","templated":true}]}}