{"id":9722,"date":"2015-11-05T16:30:03","date_gmt":"2015-11-05T15:30:03","guid":{"rendered":"https:\/\/3ciencias.com\/veronica-marin-diaz\/"},"modified":"2015-11-05T16:30:03","modified_gmt":"2015-11-05T15:30:03","slug":"veronica-marin-diaz","status":"publish","type":"page","link":"https:\/\/3ciencias.com\/en\/veronica-marin-diaz\/","title":{"rendered":"Ver\u00f3nica Mar\u00edn D\u00edaz"},"content":{"rendered":"<ul>\n<li style=\"text-align: justify;\">Doctora en Pedagog\u00eda. Universidad de Granada. 2003<\/li>\n<li style=\"text-align: justify;\">Licenciada en Filosof\u00eda y Letras. Universidad de Granada. 1998<\/li>\n<\/ul>\n<p style=\"text-align: justify;\">En el \u00e1mbito de la investigaci\u00f3n, la experiencia docente plurinivelar progresiva y la formaci\u00f3n recibida han marcado las pautas de una carrera investigadora cada vez m\u00e1s definida. Su adscripci\u00f3n al grupo de investigaci\u00f3n una vez incorporada a la docencia universitaria, <em>EDUFASO<\/em>, supuso el inicio de la candidata en la estructura de trabajo de los grupos de investigaci\u00f3n, dada la inactividad de este en 2007 entra a formar parte del grupo de investigaci\u00f3n <em>Educaci\u00f3n, diversidad y sociedad<\/em> (C\u00f3digo SEJ-477), por diversas razones abandona este \u00faltimo grupo para formar uno nuevo, con diversos miembros del grupo SEJ-477 y conforman el grupo denominado <em>Evaluaci\u00f3n educativa e Innovaci\u00f3n<\/em> (C\u00f3digo SEJ 049).<\/p>\n<p style=\"text-align: justify;\">En cuanto a los proyectos de investigaci\u00f3n ha participado en varios proyectos nacionales de las convocatorias de I+D del Ministerio de Ciencia y Tecnolog\u00eda, de Estudios y An\u00e1lisis (MEC) y Proyectos de Investigaci\u00f3n de Excelencia de Andaluc\u00eda e innovaci\u00f3n, siendo IP en varios de esta \u00faltima modalidad, as\u00ed como en un proyecto concedido por el SINED, del gobierno de M\u00e9xico. Ha sido evaluadora externa de proyecto Comenius y del proyecto MECESUP de la Universidad de Chile. Asimismo ha asistido a numerosos y destacados congresos nacionales e internacionales con ponencias invitadas, comunicaciones. Sus estancias en centros docentes y de investigaci\u00f3n enmarcados en invitaciones y en movilidades Erasmus, siendo breves per\u00edodos, han combinado los centros nacionales (Ceuta, Sevilla y Granada) con pa\u00edses europeos (Gran Breta\u00f1a, Hungr\u00eda e Italia) y Latinoamericanos (Brasil, Venezuela, Chile y Rep\u00fablica Dominicana). Actualmente es miembro de la <em>Catedra Acci\u00f3n learning de Tecnolog\u00eda Educativa<\/em> de la Universidad de M\u00e1laga y de la <em>Red de Tecnolog\u00eda de Informaci\u00f3n<\/em> de la Universidad Iberoamericana de M\u00e9xico.<\/p>\n<p style=\"text-align: justify;\">Respecto a las publicaciones, los trabajos presentados muestran su implicaci\u00f3n por la innovaci\u00f3n educativa en las l\u00edneas de investigaci\u00f3n creadas por los catedr\u00e1ticos J. I. Aguaded, la educomunicaci\u00f3n, y J. Cabero, las estrategias y metodolog\u00edas para la aplicaci\u00f3n de las Tecnolog\u00edas de la informaci\u00f3n y la Comunicaci\u00f3n (TIC) en la formaci\u00f3n y el dise\u00f1o de las TIC para la formaci\u00f3n, avaladas por la UNESCO, con resultados cient\u00edficos de relevancia y regularidad en los \u00faltimos a\u00f1os. Destacan, de manera especial las monograf\u00edas y trabajos publicados en editoriales nacionales como Alianza, Aljibe, S\u00edntesis, Pir\u00e1mide, Octaedro, Eduforma, etc. e internacional como PropdepIII, con una producci\u00f3n de m\u00e1s de 15 cap\u00edtulos de libro y 15 libros. En el \u00e1mbito de la gesti\u00f3n acad\u00e9mica, actualmente ejerce como directora del M\u00e1ster Oficial de Educaci\u00f3n de la Universidad de C\u00f3rdoba. Tambi\u00e9n ha desempe\u00f1ado diferentes cargos de gesti\u00f3n de actividad cient\u00edfica y organizativa: en diversos comit\u00e9s de evaluaci\u00f3n de titulaciones, de autoevaluaci\u00f3n de posgrado; pertenencia a sociedades cient\u00edficas, asesor\u00eda a revistas cient\u00edficas y comit\u00e9s internacionales-, ha sido coordinadora del Grado de Educaci\u00f3n Primaria, miembro de la Junta de Centro de la Facultad de Ciencias de la Educaci\u00f3n y Claustral de la Universidad de C\u00f3rdoba, ha sido hasta el 30 de abril de 2015 Directora del M\u00e1ster de Educaci\u00f3n Inclusiva de la Universidad de C\u00f3rdoba.<\/p>\n","protected":false},"excerpt":{"rendered":"<p>Doctora en Pedagog\u00eda. Universidad de Granada. 2003 Licenciada en Filosof\u00eda y Letras. Universidad de Granada. 1998 En el \u00e1mbito de la investigaci\u00f3n, la experiencia docente plurinivelar progresiva y la formaci\u00f3n recibida han marcado las pautas de una carrera investigadora cada &hellip; <a href=\"https:\/\/3ciencias.com\/en\/veronica-marin-diaz\/\">leer m\u00e1s <span class=\"meta-nav\">&rarr;<\/span><\/a><\/p>\n","protected":false},"author":2,"featured_media":0,"parent":0,"menu_order":0,"comment_status":"open","ping_status":"open","template":"tp-congreso.php","meta":{"_bbp_topic_count":0,"_bbp_reply_count":0,"_bbp_total_topic_count":0,"_bbp_total_reply_count":0,"_bbp_voice_count":0,"_bbp_anonymous_reply_count":0,"_bbp_topic_count_hidden":0,"_bbp_reply_count_hidden":0,"_bbp_forum_subforum_count":0,"_mi_skip_tracking":false,"_monsterinsights_sitenote_active":false,"_monsterinsights_sitenote_note":"","_monsterinsights_sitenote_category":0,"footnotes":""},"acf":[],"_links":{"self":[{"href":"https:\/\/3ciencias.com\/en\/wp-json\/wp\/v2\/pages\/9722"}],"collection":[{"href":"https:\/\/3ciencias.com\/en\/wp-json\/wp\/v2\/pages"}],"about":[{"href":"https:\/\/3ciencias.com\/en\/wp-json\/wp\/v2\/types\/page"}],"author":[{"embeddable":true,"href":"https:\/\/3ciencias.com\/en\/wp-json\/wp\/v2\/users\/2"}],"replies":[{"embeddable":true,"href":"https:\/\/3ciencias.com\/en\/wp-json\/wp\/v2\/comments?post=9722"}],"version-history":[{"count":0,"href":"https:\/\/3ciencias.com\/en\/wp-json\/wp\/v2\/pages\/9722\/revisions"}],"wp:attachment":[{"href":"https:\/\/3ciencias.com\/en\/wp-json\/wp\/v2\/media?parent=9722"}],"curies":[{"name":"wp","href":"https:\/\/api.w.org\/{rel}","templated":true}]}}