{"id":9721,"date":"2015-11-05T16:38:16","date_gmt":"2015-11-05T15:38:16","guid":{"rendered":"https:\/\/3ciencias.com\/marcela-georgina-gomez-zermeno\/"},"modified":"2015-11-05T16:38:16","modified_gmt":"2015-11-05T15:38:16","slug":"marcela-georgina-gomez-zermeno","status":"publish","type":"page","link":"https:\/\/3ciencias.com\/en\/marcela-georgina-gomez-zermeno\/","title":{"rendered":"Marcela Georgina G\u00f3mez Zerme\u00f1o"},"content":{"rendered":"<p style=\"text-align: justify;\"><strong>Informaci\u00f3n General:<\/strong> Doctora en Innovaci\u00f3n Educativa por el Tecnol\u00f3gico de Monterrey con menci\u00f3n Honorifica de Excelencia. Maestr\u00eda en Ciencias de la Ingenier\u00eda en Tecnolog\u00edas Inform\u00e1ticas y de Comunicaciones por el Groupe France Telecom y la Escuela Superior de Ingenieros El\u00e9ctricos y Electr\u00f3nicos de Paris, Noisy-le-Grand, Francia. Licenciada en Sistemas Computacionales y Administrativos por el Tecnol\u00f3gico de Monterrey, Campus Monterrey. Forma parte del Sistema Nacional de Investigadores (SNI) Nivel 1, socia del Consejo Mexicano de Investigaci\u00f3n Educativa (COMIE) y miembro de la Red de Investigaci\u00f3n e Innovaci\u00f3n en Educaci\u00f3n del Noreste de M\u00e9xico (REDIIEN) y de las Redes Tem\u00e1ticas CONACyT \u201cComplejidad, Ciencia y Sociedad\u201d y \u201cConvergencia del conocimiento para beneficio de la sociedad\u201d.<\/p>\n<p style=\"text-align: justify;\"><strong>Experiencia:<\/strong> Es profesora-investigadora de la Escuela de Educaci\u00f3n, Humanidades y Ciencias Sociales del Tecnol\u00f3gico de Monterrey en los programas de Doctorado en Innovaci\u00f3n Educativa, Maestr\u00eda en Educaci\u00f3n y Maestr\u00eda en Tecnolog\u00eda Educativa. Directora del Centro de Investigaci\u00f3n en Educaci\u00f3n e investigadora en el Grupo de Investigaci\u00f3n de Enfoque Estrat\u00e9gico \u201cSociedad del conocimiento\u201d, con las l\u00edneas de investigaci\u00f3n Gesti\u00f3n del Conocimiento, Internet, Cultura y Sociedad. Cooper\u00f3 en programas para la asistencia a los pa\u00edses en v\u00edas de desarrollo de organizaciones p\u00fablicas, interviniendo en Filipinas y Ghana. Desarroll\u00f3 su experiencia profesional en Francia, ejerciendo durante 14 a\u00f1os funciones como director de proyectos, auditor, consultor, analista, desarrollador, soporte t\u00e9cnico, capacitaci\u00f3n y asistencia a usuarios.<\/p>\n<p style=\"text-align: justify;\"><strong>Investigaciones:<\/strong> Responsable t\u00e9cnica de 12 proyectos de investigaci\u00f3n educativa financiados por instituciones nacionales e internacionales. Directora de 3 disertaciones Doctorales en Educaci\u00f3n, 92 tesis de Maestr\u00eda en Educaci\u00f3n, 127 tesis de Maestr\u00eda en Tecnolog\u00eda Educativa, 2 tesis de Maestr\u00eda en Administraci\u00f3n de Instituciones Educativas y 1 tesis de Maestr\u00eda en Ciencias de la Informaci\u00f3n. Autora de 5 libros, 7 cap\u00edtulos de libros, 62 art\u00edculos en revistas indexadas con alto factor de impacto que presentan resultados de investigaciones en las \u00e1reas de pedagog\u00eda, educaci\u00f3n a distancia, educaci\u00f3n intercultural, evaluaci\u00f3n, gesti\u00f3n educativa, liderazgo escolar, desarrollo docente, educaci\u00f3n comparada, educaci\u00f3n especial, innovaci\u00f3n educativa y uso de la tecnolog\u00eda para la mejora de la calidad y equidad en la educaci\u00f3n.<\/p>\n","protected":false},"excerpt":{"rendered":"<p>Informaci\u00f3n General: Doctora en Innovaci\u00f3n Educativa por el Tecnol\u00f3gico de Monterrey con menci\u00f3n Honorifica de Excelencia. Maestr\u00eda en Ciencias de la Ingenier\u00eda en Tecnolog\u00edas Inform\u00e1ticas y de Comunicaciones por el Groupe France Telecom y la Escuela Superior de Ingenieros El\u00e9ctricos &hellip; <a href=\"https:\/\/3ciencias.com\/en\/marcela-georgina-gomez-zermeno\/\">leer m\u00e1s <span class=\"meta-nav\">&rarr;<\/span><\/a><\/p>\n","protected":false},"author":2,"featured_media":0,"parent":0,"menu_order":0,"comment_status":"open","ping_status":"open","template":"tp-congreso.php","meta":{"_bbp_topic_count":0,"_bbp_reply_count":0,"_bbp_total_topic_count":0,"_bbp_total_reply_count":0,"_bbp_voice_count":0,"_bbp_anonymous_reply_count":0,"_bbp_topic_count_hidden":0,"_bbp_reply_count_hidden":0,"_bbp_forum_subforum_count":0,"_mi_skip_tracking":false,"_monsterinsights_sitenote_active":false,"_monsterinsights_sitenote_note":"","_monsterinsights_sitenote_category":0,"footnotes":""},"acf":[],"_links":{"self":[{"href":"https:\/\/3ciencias.com\/en\/wp-json\/wp\/v2\/pages\/9721"}],"collection":[{"href":"https:\/\/3ciencias.com\/en\/wp-json\/wp\/v2\/pages"}],"about":[{"href":"https:\/\/3ciencias.com\/en\/wp-json\/wp\/v2\/types\/page"}],"author":[{"embeddable":true,"href":"https:\/\/3ciencias.com\/en\/wp-json\/wp\/v2\/users\/2"}],"replies":[{"embeddable":true,"href":"https:\/\/3ciencias.com\/en\/wp-json\/wp\/v2\/comments?post=9721"}],"version-history":[{"count":0,"href":"https:\/\/3ciencias.com\/en\/wp-json\/wp\/v2\/pages\/9721\/revisions"}],"wp:attachment":[{"href":"https:\/\/3ciencias.com\/en\/wp-json\/wp\/v2\/media?parent=9721"}],"curies":[{"name":"wp","href":"https:\/\/api.w.org\/{rel}","templated":true}]}}