{"id":9719,"date":"2015-11-06T10:50:23","date_gmt":"2015-11-06T09:50:23","guid":{"rendered":"https:\/\/3ciencias.com\/juan-manuel-trujillo-torres\/"},"modified":"2015-11-06T10:50:23","modified_gmt":"2015-11-06T09:50:23","slug":"juan-manuel-trujillo-torres","status":"publish","type":"page","link":"https:\/\/3ciencias.com\/en\/juan-manuel-trujillo-torres\/","title":{"rendered":"Juan Manuel Trujillo Torres"},"content":{"rendered":"<p style=\"text-align: justify;\">Diplomado en Magisterio por la Universidad de Granada, Licenciado en Pedagog\u00eda por la UNED (Madrid), Doctor en Ciencias de la Educaci\u00f3n por la Universidad de Granada y M\u00e1ster universitario en Nuevas Tecnolog\u00edas Aplicadas a la Educaci\u00f3n por la Universidad de M\u00e1laga. Presenta una gran experiencia como docente en diversos Centros de Educaci\u00f3n Primaria y Secundaria realizando numerosos proyectos TIC a trav\u00e9s del trabajo colaborativo en red y el desarrollo de competencias tanto en el profesorado como el alumnado, lo que ha derivado en una de las l\u00edneas de investigaci\u00f3n de mayor relevancia en su trayectoria profesional, adem\u00e1s del estudio del liderazgo, la direcci\u00f3n y la micropol\u00edtica institucional. En la actualidad desarrolla su labor docente e investigadora, como profesor titular en el Dpto. de Did\u00e1ctica y Organizaci\u00f3n Escolar de la Universidad de Granada.<br \/>\nPresenta m\u00e1s de 60 art\u00edculos publicados en revistas de impacto internacionales, 62 cap\u00edtulos de libro publicados en editoriales de impacto, participaci\u00f3n y asistencia en m\u00e1s de 150 Congresos Internacionales sobre Educaci\u00f3n, 120 ponencias y\/o comunicaciones presentadas en Congresos Internacionales, valoraci\u00f3n positiva de un sexenio de investigaci\u00f3n CNEAI, 32 participaciones en tribunales de oposici\u00f3n de Primaria y tribunales de tesis doctorales, impartici\u00f3n de clases en Reino Unido (Universidad John Moores de Liverpool), Portugal (Universidad de Faro, Universidad de Portalegre, Universidad de Minho, ISCE de Odivelas, Universidad de Coimbra), Colombia (Escuela Tecnol\u00f3gica de Oriente de Bucaramanga, Universidad de las Am\u00e9ricas de Bogot\u00e1), Universidad Nacional de Posgrado y Desarrollo Profesional de M\u00e9xico (Xalapa-Veracruz-M\u00e9xico), Facultad de Educaci\u00f3n de Bolonia (Italia), Universidad Nacional de Asunci\u00f3n (Paraguay), miembro de comit\u00e9s cient\u00edficos de revistas de Educaci\u00f3n, participaci\u00f3n en proyectos de I+D+I a nivel internacional y 8 tesis doctorales dirigidas.<\/p>\n","protected":false},"excerpt":{"rendered":"<p>Diplomado en Magisterio por la Universidad de Granada, Licenciado en Pedagog\u00eda por la UNED (Madrid), Doctor en Ciencias de la Educaci\u00f3n por la Universidad de Granada y M\u00e1ster universitario en Nuevas Tecnolog\u00edas Aplicadas a la Educaci\u00f3n por la Universidad de &hellip; <a href=\"https:\/\/3ciencias.com\/en\/juan-manuel-trujillo-torres\/\">leer m\u00e1s <span class=\"meta-nav\">&rarr;<\/span><\/a><\/p>\n","protected":false},"author":2,"featured_media":0,"parent":0,"menu_order":0,"comment_status":"closed","ping_status":"closed","template":"tp-congreso.php","meta":{"_bbp_topic_count":0,"_bbp_reply_count":0,"_bbp_total_topic_count":0,"_bbp_total_reply_count":0,"_bbp_voice_count":0,"_bbp_anonymous_reply_count":0,"_bbp_topic_count_hidden":0,"_bbp_reply_count_hidden":0,"_bbp_forum_subforum_count":0,"_mi_skip_tracking":false,"_monsterinsights_sitenote_active":false,"_monsterinsights_sitenote_note":"","_monsterinsights_sitenote_category":0,"footnotes":""},"acf":[],"_links":{"self":[{"href":"https:\/\/3ciencias.com\/en\/wp-json\/wp\/v2\/pages\/9719"}],"collection":[{"href":"https:\/\/3ciencias.com\/en\/wp-json\/wp\/v2\/pages"}],"about":[{"href":"https:\/\/3ciencias.com\/en\/wp-json\/wp\/v2\/types\/page"}],"author":[{"embeddable":true,"href":"https:\/\/3ciencias.com\/en\/wp-json\/wp\/v2\/users\/2"}],"replies":[{"embeddable":true,"href":"https:\/\/3ciencias.com\/en\/wp-json\/wp\/v2\/comments?post=9719"}],"version-history":[{"count":0,"href":"https:\/\/3ciencias.com\/en\/wp-json\/wp\/v2\/pages\/9719\/revisions"}],"wp:attachment":[{"href":"https:\/\/3ciencias.com\/en\/wp-json\/wp\/v2\/media?parent=9719"}],"curies":[{"name":"wp","href":"https:\/\/api.w.org\/{rel}","templated":true}]}}