{"id":9718,"date":"2015-11-06T11:05:27","date_gmt":"2015-11-06T10:05:27","guid":{"rendered":"https:\/\/3ciencias.com\/maria-angustias-hinojo-lucena\/"},"modified":"2015-11-06T11:05:27","modified_gmt":"2015-11-06T10:05:27","slug":"maria-angustias-hinojo-lucena","status":"publish","type":"page","link":"https:\/\/3ciencias.com\/en\/maria-angustias-hinojo-lucena\/","title":{"rendered":"Mar\u00eda Angustias Hinojo Lucena"},"content":{"rendered":"<p style=\"text-align: justify;\">Mar\u00eda Angustias Hinojo Lucena, es diplomada en Magisterio de Educaci\u00f3n Primaria y Licenciada en Pedagog\u00eda con premio extraordinario fin de carrera en el a\u00f1o 2011 por la Universidad de Granada. Actuamente, trabaja como PDI en el Departamento de Did\u00e1ctica y Organizaci\u00f3n Escolar de la Universidad de Granada, dentro del grupo de investigaci\u00f3n AREA (HUM-672)., mientras realiza su trabajo de tesis doctoral.<\/p>\n<p style=\"text-align: justify;\">Tiene importantes publicaciones en revistas de gran impacto ci\u00e9ntifico as\u00ed como en actas de congresos pues es fiel asistente a cursos, seminarios y jornadas dentro del \u00e1mbito de las ciencias sociales. De igual manera, ha sido miembro del comit\u00e9 cient\u00edfico de algunos eventos de estas caracter\u00edsticas tanto a nivel local como nacional.<\/p>\n<p style=\"text-align: justify;\">Participa en varios proyectos de innovaci\u00f3n docente dentro de los programas del vicerrectorado de ordenaci\u00f3n acad\u00e9mica y personal de la Universidad de Granada y a nivel internacional es miembro de un proyecto de investigaci\u00f3n de la Universidad de Ecuador, dado que ha realizado varias estancias en el extranjero.<\/p>\n","protected":false},"excerpt":{"rendered":"<p>Mar\u00eda Angustias Hinojo Lucena, es diplomada en Magisterio de Educaci\u00f3n Primaria y Licenciada en Pedagog\u00eda con premio extraordinario fin de carrera en el a\u00f1o 2011 por la Universidad de Granada. Actuamente, trabaja como PDI en el Departamento de Did\u00e1ctica y &hellip; <a href=\"https:\/\/3ciencias.com\/en\/maria-angustias-hinojo-lucena\/\">leer m\u00e1s <span class=\"meta-nav\">&rarr;<\/span><\/a><\/p>\n","protected":false},"author":2,"featured_media":0,"parent":0,"menu_order":0,"comment_status":"closed","ping_status":"closed","template":"tp-congreso.php","meta":{"_bbp_topic_count":0,"_bbp_reply_count":0,"_bbp_total_topic_count":0,"_bbp_total_reply_count":0,"_bbp_voice_count":0,"_bbp_anonymous_reply_count":0,"_bbp_topic_count_hidden":0,"_bbp_reply_count_hidden":0,"_bbp_forum_subforum_count":0,"_mi_skip_tracking":false,"_monsterinsights_sitenote_active":false,"_monsterinsights_sitenote_note":"","_monsterinsights_sitenote_category":0,"footnotes":""},"acf":[],"_links":{"self":[{"href":"https:\/\/3ciencias.com\/en\/wp-json\/wp\/v2\/pages\/9718"}],"collection":[{"href":"https:\/\/3ciencias.com\/en\/wp-json\/wp\/v2\/pages"}],"about":[{"href":"https:\/\/3ciencias.com\/en\/wp-json\/wp\/v2\/types\/page"}],"author":[{"embeddable":true,"href":"https:\/\/3ciencias.com\/en\/wp-json\/wp\/v2\/users\/2"}],"replies":[{"embeddable":true,"href":"https:\/\/3ciencias.com\/en\/wp-json\/wp\/v2\/comments?post=9718"}],"version-history":[{"count":0,"href":"https:\/\/3ciencias.com\/en\/wp-json\/wp\/v2\/pages\/9718\/revisions"}],"wp:attachment":[{"href":"https:\/\/3ciencias.com\/en\/wp-json\/wp\/v2\/media?parent=9718"}],"curies":[{"name":"wp","href":"https:\/\/api.w.org\/{rel}","templated":true}]}}