{"id":9717,"date":"2015-11-09T09:18:05","date_gmt":"2015-11-09T08:18:05","guid":{"rendered":"https:\/\/3ciencias.com\/inmaculada-aznar-diaz\/"},"modified":"2015-11-09T09:18:05","modified_gmt":"2015-11-09T08:18:05","slug":"inmaculada-aznar-diaz","status":"publish","type":"page","link":"https:\/\/3ciencias.com\/en\/inmaculada-aznar-diaz\/","title":{"rendered":"Inmaculada Aznar D\u00edaz"},"content":{"rendered":"<ul>\n<li style=\"text-align: justify;\"><strong>Doctora por la Universidad de Granada (2003). <\/strong>Departamento de Did\u00e1ctica y Organizaci\u00f3n Escolar. Programa: Investigaci\u00f3n y Estudios Avanzados en Did\u00e1ctica y Organizaci\u00f3n Escolar. T\u00edtulo de la Tesis: <em>Los Centros de Formaci\u00f3n Profesional Ocupacional de Andaluc\u00eda: An\u00e1lisis de las Variables Did\u00e1cticas y Organizativas de su Oferta Formativa.<\/em><\/li>\n<\/ul>\n<ul>\n<li style=\"text-align: justify;\"><strong>Licenciada en Psicopedagog\u00eda<\/strong> (Plan 1995), Facultad de Ciencias de la Educaci\u00f3n de la Universidad de Granada.<\/li>\n<\/ul>\n<ul style=\"text-align: justify;\">\n<li><strong>Diplomada en Maestro Especialidad de Educaci\u00f3n Primaria <\/strong>(Plan 1994), Facultad de Ciencias de la Educaci\u00f3n de la Universidad de Granada.<\/li>\n<\/ul>\n<ul>\n<li style=\"text-align: justify;\"><strong>Profesora de Religi\u00f3n y Moral Cat\u00f3lica para Educaci\u00f3n Infantil y Educaci\u00f3n Primaria.<\/strong> Declaraci\u00f3n Eclesi\u00e1stica de Idoneidad (DEI). Conferencia Episcopal Espa\u00f1ola. (1999).<\/li>\n<\/ul>\n<ul>\n<li style=\"text-align: justify;\"><strong>Experta Universitaria por la Universidad de Granada en \u201cPrevenci\u00f3n Comunitaria de la Drogodependencia\u201d<\/strong><\/li>\n<\/ul>\n<ul>\n<li style=\"text-align: justify;\"><strong>Especializaci\u00f3n Europea en Dise\u00f1o, Desarrollo y Evaluaci\u00f3n de Formaci\u00f3n de Ense\u00f1anza Abierta a Distancia con Nuevas Tecnolog\u00edas.<\/strong> Programa Europeo de Formaci\u00f3n de Gestores de Ense\u00f1anza<\/li>\n<\/ul>\n<h1>ACTIVIDAD PROFESIONAL DOCENTE<\/h1>\n<p style=\"text-align: justify;\"><strong>A) <em>Docencia Universitaria<\/em><\/strong><\/p>\n<ul style=\"text-align: justify;\">\n<li><strong>PROFESORA ASOCIADA LOU.<\/strong> DPTO. EDUCACI\u00d3N, \u00c1REA DID\u00c1CTICA Y ORGANIZACI\u00d3N ESCOLAR. FACULTAD DE CIENCIAS DE LA EDUCACI\u00d3N DE LA <strong>UNIVERSIDAD DE C\u00d3RDOBA<\/strong>.<\/li>\n<\/ul>\n<p style=\"text-align: justify;\">Curso acad\u00e9micos 2003\/2004 y 2004\/2005.<\/p>\n<ul>\n<li style=\"text-align: justify;\"><strong>PROFESORA CONTRATADA. <\/strong>DPTO. DID\u00c1CTICA Y ORGANIZACI\u00d3N ESCOLAR. FACULTAD DE CIENCIAS DE LA EDUCACI\u00d3N DE LA <strong>UNIVERSIDAD DE GRANADA<\/strong>.<\/li>\n<\/ul>\n<p>Curso acad\u00e9mico 2005\/2006,<\/p>\n<ul>\n<li style=\"text-align: justify;\"><strong>PROFESORA AYUDANTE DOCTOR (05\/10\/07- 09\/03\/08). <\/strong>DPTO. DID\u00c1CTICA Y ORGANIZACI\u00d3N ESCOLAR. FACULTAD DE CIENCIAS DE LA EDUCACI\u00d3N DE LA UNIVERSIDAD DE GRANADA. Curso acad\u00e9mico 2007\/2008.<\/li>\n<\/ul>\n<ul>\n<li style=\"text-align: justify;\"><strong>PROFESORA CONTRATADA DOCTORA (10\/03\/08). <\/strong>DPTO. DID\u00c1CTICA Y ORGANIZACI\u00d3N ESCOLAR. FACULTAD DE CIENCIAS DE LA EDUCACI\u00d3N DE LA UNIVERSIDAD DE GRANADA.<\/li>\n<\/ul>\n<p>Curso acad\u00e9mico 2007\/2008, 2008\/2009<\/p>\n<ul>\n<li style=\"text-align: justify;\"><strong>PROFESORA TITULAR DE UNIVERSIDAD (21\/07\/2010). <\/strong>DPTO. DID\u00c1CTICA Y ORGANIZACI\u00d3N ESCOLAR. FACULTAD DE CIENCIAS DE LA EDUCACI\u00d3N DE LA UNIVERSIDAD DE GRANADA. Desde curso 2009\/2010 hasta la actualidad (contrato indefinido).<\/li>\n<\/ul>\n<p><strong>B) <em>Docencia universitaria no reglada<\/em><\/strong><\/p>\n<ul>\n<li style=\"text-align: justify;\"><strong>PROFESORA DEL EXPERTO UNIVERSITARIO <\/strong>EN PROGRAMACI\u00d3N, DESARROLLO Y EVALUACI\u00d3N DE LA EDUCACI\u00d3N ABIERTA A DISTANCIA CON NUEVAS TECNOLOG\u00cdAS. CENTRO DE FORMACI\u00d3N CONTINUA DE LA UNIVERSIDAD DE GRANADA.<\/li>\n<\/ul>\n<p style=\"text-align: justify;\">Curso Acad\u00e9mico 2001\/2002, impartido 12 horas (1,2 cr\u00e9ditos lectivos) en el m\u00f3dulo: <em>Dise\u00f1o de Sistemas de Educaci\u00f3n Abierta a Distancia.<\/em><\/p>\n<ul style=\"text-align: justify;\">\n<li><strong>PROFESORA DEL CURSO DE POSTGRADO <\/strong>DE ESPECIALISTA EN ORIENTACI\u00d3N FAMILIAR. DPTO. EDUCACI\u00d3N. UNIVERSIDAD DE C\u00d3RDOBA.<\/li>\n<\/ul>\n<p style=\"text-align: justify;\">Curso acad\u00e9mico 2003\/2004, impartido 10 horas de docencia (1 cr\u00e9dito lectivo) en el m\u00f3dulo: <em>Psicopatolog\u00eda de la pareja: formaci\u00f3n de la pareja y el tratamiento de las disfunciones maritales.<\/em><\/p>\n<ul style=\"text-align: justify;\">\n<li><strong>PROFESORA EN CURSO PARA LA OBTENCI\u00d3N DEL CERTIFICADO DE APTITUD PEDAG\u00d3GICA <\/strong>(CAP), convocatoria ordinaria, impartiendo la materia com\u00fan y obligatoria denominada \u201c<em>La escuela, el curr\u00edculo y el docente<\/em>\u201d durante los cursos acad\u00e9micos 2006\/2007, 2007\/2008, 2008\/2009<\/li>\n<\/ul>\n<ul>\n<li style=\"text-align: justify;\"><strong>PROFESORA TUTORA DE LA UNIVERSIDAD PONTIFICIA DE COMILLAS DE MADRID, <\/strong>impartiendo el curso on-line \u201cValores emergentes en la sociedad actual\u201d de 101 horas (10 cr.; 4 ECTS). Organizado por el ICE de la Universidad Pontificia de Comillas de Madrid dentro de su Plan Anual de Formaci\u00f3n Permanente. Octubre 2010, enero 2001 y marzo 2011.<\/li>\n<\/ul>\n<p><strong>C) <em>Docencia no universitaria<\/em><\/strong><\/p>\n<ul>\n<li style=\"text-align: justify;\"><strong>PROFESORA<\/strong> en el Instituto de Formaci\u00f3n y Estudios Sociales de la UGT, delegaci\u00f3n de Granada, impartiendo diversos t\u00edtulos formativos de Formaci\u00f3n Profesional Ocupacional de la Familia Profesional de \u201cDocencia e Investigaci\u00f3n\u201d en las especialidades de <em>Formador Ocupacional, T\u00e9cnico de Formaci\u00f3n y Gestor de Formaci\u00f3n<\/em>, todos ellos pertenecientes a la Consejer\u00eda de Empleo y Desarrollo Tecnol\u00f3gico de la Junta de Andaluc\u00eda, durante los a\u00f1os 2001, 2002, 2003, 2004 y 2005. Impartidas un total de <strong>3.420 horas lectivas<\/strong>.<\/li>\n<\/ul>\n<ul>\n<li style=\"text-align: justify;\"><strong>PROFESORA <\/strong>en la Academia Universitaria Plat\u00f3n, impartiendo las Oposiciones para Maestros (temas comunes), durante el curso acad\u00e9mico 2001\/2002, 2002\/2003, 2003\/2004<\/li>\n<\/ul>\n<ul>\n<li style=\"text-align: justify;\"><strong>PROFESORA de Formaci\u00f3n Profesional Ocupacional<\/strong> impartiendo el curso \u201c<em>METODOLOG\u00cdA DID\u00c1CTICA\u201d<\/em> (100 horas) de la Consejer\u00eda de Empleo y Desarrollo Tecnol\u00f3gico de la Junta de Andaluc\u00eda en la Asociaci\u00f3n de Centros de Formaci\u00f3n de Granada \u201cAGAP. 25 Febrero-26 Marzo 2002.<\/li>\n<\/ul>\n<ul>\n<li style=\"text-align: justify;\"><strong>DOCENTE<\/strong> <strong>de Formaci\u00f3n Continua<\/strong> impartiendo el curso \u201c<em>Metodolog\u00eda Did\u00e1ctica<\/em>\u201d (30 horas), subvencionado por FORCEM. Asociaci\u00f3n Granadina de Academias Privadas (A.G.A.P.). 4-11 Marzo 2002.<\/li>\n<\/ul>\n<ul>\n<li style=\"text-align: justify;\"><strong>PROFESORA de Formaci\u00f3n Profesional Ocupacional<\/strong> impartiendo los m\u00f3dulos formativos de Orientaci\u00f3n Laboral (20 horas) y Prevenci\u00f3n de Riesgos Laborales (10 horas) del curso Peluquero de la Consejer\u00eda de Empleo y Desarrollo Tecnol\u00f3gico de la Junta de Andaluc\u00eda en Centro de formaci\u00f3n Bucle. 25 Febrero- 5 Marzo 2003.<\/li>\n<\/ul>\n<ul>\n<li style=\"text-align: justify;\"><strong>PROFESORA de Formaci\u00f3n Profesional Continua<\/strong> impartiendo el curso\u00a0\u00a0 \u201c<em>FORMACI\u00d3N DE FORMADORES\u201d<\/em> (40 horas) perteneciente al programa de Formaci\u00f3n Continua UGT-Andaluc\u00eda en el Instituto de Formaci\u00f3n y Estudios Sociales (IFES), Delegaci\u00f3n de Granada. 9 Abril-28 Mayo 2005.<\/li>\n<\/ul>\n<ul>\n<li style=\"text-align: justify;\"><strong>DOCENTE<\/strong> en el Centro P\u00fablico Municipal para la Educaci\u00f3n de Adultos de Churriana de la Vega (Granada) de la Consejer\u00eda de Educaci\u00f3n y Ciencia, impartiendo un Taller de Recuperaci\u00f3n y Desarrollo de la Memoria (20 horas). Mayo-Junio 2005.<\/li>\n<\/ul>\n<ul>\n<li style=\"text-align: justify;\"><strong>PROFESORA de Formaci\u00f3n Profesional Ocupacional<\/strong> impartiendo el curso \u201c<em>METODOLOG\u00cdA DID\u00c1CTICA\u201d<\/em> (131 horas) de la Consejer\u00eda de Empleo de la Junta de Andaluc\u00eda en la Confederaci\u00f3n de Empresas de Econom\u00eda Social de Andaluc\u00eda (CEPES) y celebrado en Academia \u00c1gora. 2 Noviembre-20 Diciembre 2005.<\/li>\n<\/ul>\n<ul>\n<li style=\"text-align: justify;\"><strong>DOCENTE<\/strong> colaboradora en el Centro P\u00fablico Municipal para la Educaci\u00f3n de Adultos de Churriana de la Vega (Granada) de la Consejer\u00eda de Educaci\u00f3n y Ciencia, impartiendo actividades varias relacionadas con la activaci\u00f3n de las capacidades intelectuales de las personas adultas y asesoramiento al profesorado respecto actividades de proacci\u00f3n y\/o recuperaci\u00f3n adaptadas a las necesidades del alumnado. (112 horas). Noviembre 2005 \u2013 Mayo 2006.<\/li>\n<\/ul>\n<ul>\n<li style=\"text-align: justify;\"><strong>PROFESORA de Formaci\u00f3n Profesional Ocupacional<\/strong> impartiendo el m\u00f3dulo formativo \u201cOrientaci\u00f3n Vocacional y Profesional\u201d (8 horas) en el curso de Auxiliar de enfermer\u00eda en Geriatr\u00eda. 26-27 Octubre 2006.<\/li>\n<\/ul>\n<ul>\n<li style=\"text-align: justify;\"><strong>PROFESORA de Formaci\u00f3n Profesional Continua<\/strong> impartiendo el curso\u00a0\u00a0 \u201c<em>FORMADOR DE FORMADORES\u201d<\/em> (40 horas) perteneciente al programa de Formaci\u00f3n Continua Intersectorial del Instituto de Formaci\u00f3n y Estudios Sociales (IFES), Delegaci\u00f3n de Granada. 24 Mayo-19 Junio 2007.<\/li>\n<\/ul>\n<p><strong><u>III. OTRA ACTIVIDAD PROFESIONAL<\/u><\/strong><\/p>\n<ul>\n<li style=\"text-align: justify;\"><strong>T\u00c9CNICA EN INVESTIGACI\u00d3N Y FORMACI\u00d3N PROFESIONAL CONTINUA <\/strong>(titulado no docente). Jimorin (Grupo Tadel). 21 Agosto 2000 \u2013 18 Enero 2001.<\/li>\n<\/ul>\n<ul>\n<li style=\"text-align: justify;\"><strong>COORDINADOR DE ESTUDIOS \/ INVESTIGADOR<\/strong>. Bihor Arad 3000 (Grupo Tadel). 19 Enero- 30 Abril 2001.<\/li>\n<\/ul>\n<ul>\n<li style=\"text-align: justify;\"><strong>ESPECIALISTA EN M\u00c9TODOS DID\u00c1CTICOS Y PEDAG\u00d3GICOS. <\/strong>Instituto de Formaci\u00f3n y estudios Sociales (IFES). Febrero-Marzo 2006. Desarrollo de tareas t\u00e9cnicas relacionadas con estudios de necesidades formativas.<\/li>\n<\/ul>\n","protected":false},"excerpt":{"rendered":"<p>Doctora por la Universidad de Granada (2003). Departamento de Did\u00e1ctica y Organizaci\u00f3n Escolar. Programa: Investigaci\u00f3n y Estudios Avanzados en Did\u00e1ctica y Organizaci\u00f3n Escolar. T\u00edtulo de la Tesis: Los Centros de Formaci\u00f3n Profesional Ocupacional de Andaluc\u00eda: An\u00e1lisis de las Variables Did\u00e1cticas &hellip; <a href=\"https:\/\/3ciencias.com\/en\/inmaculada-aznar-diaz\/\">leer m\u00e1s <span class=\"meta-nav\">&rarr;<\/span><\/a><\/p>\n","protected":false},"author":2,"featured_media":0,"parent":0,"menu_order":0,"comment_status":"closed","ping_status":"closed","template":"tp-congreso.php","meta":{"_bbp_topic_count":0,"_bbp_reply_count":0,"_bbp_total_topic_count":0,"_bbp_total_reply_count":0,"_bbp_voice_count":0,"_bbp_anonymous_reply_count":0,"_bbp_topic_count_hidden":0,"_bbp_reply_count_hidden":0,"_bbp_forum_subforum_count":0,"_mi_skip_tracking":false,"_monsterinsights_sitenote_active":false,"_monsterinsights_sitenote_note":"","_monsterinsights_sitenote_category":0,"footnotes":""},"acf":[],"_links":{"self":[{"href":"https:\/\/3ciencias.com\/en\/wp-json\/wp\/v2\/pages\/9717"}],"collection":[{"href":"https:\/\/3ciencias.com\/en\/wp-json\/wp\/v2\/pages"}],"about":[{"href":"https:\/\/3ciencias.com\/en\/wp-json\/wp\/v2\/types\/page"}],"author":[{"embeddable":true,"href":"https:\/\/3ciencias.com\/en\/wp-json\/wp\/v2\/users\/2"}],"replies":[{"embeddable":true,"href":"https:\/\/3ciencias.com\/en\/wp-json\/wp\/v2\/comments?post=9717"}],"version-history":[{"count":0,"href":"https:\/\/3ciencias.com\/en\/wp-json\/wp\/v2\/pages\/9717\/revisions"}],"wp:attachment":[{"href":"https:\/\/3ciencias.com\/en\/wp-json\/wp\/v2\/media?parent=9717"}],"curies":[{"name":"wp","href":"https:\/\/api.w.org\/{rel}","templated":true}]}}