{"id":9716,"date":"2015-11-09T09:37:30","date_gmt":"2015-11-09T08:37:30","guid":{"rendered":"https:\/\/3ciencias.com\/jose-luis-serrano-sanchez\/"},"modified":"2015-11-09T09:37:30","modified_gmt":"2015-11-09T08:37:30","slug":"jose-luis-serrano-sanchez","status":"publish","type":"page","link":"https:\/\/3ciencias.com\/en\/jose-luis-serrano-sanchez\/","title":{"rendered":"Jos\u00e9 Lu\u00eds Serrano S\u00e1nchez"},"content":{"rendered":"<p style=\"text-align: justify;\">Profesor en el Departamento de Did\u00e1ctica y Organizaci\u00f3n Escolar de la Universidad de Murcia y Profesor en ISEN Centro Universitario de Cartagena. Docente en asignaturas de Tecnolog\u00eda Educativa de futuros maestros, pedagogos y educadores sociales.<\/p>\n<p style=\"text-align: justify;\">Doctor en Tecnolog\u00eda Educativa por la Universidad de las Islas Baleares. Licenciado en Pedagog\u00eda, M\u00e1ster en Psicolog\u00eda de la Educaci\u00f3n y T\u00e9cnico Superior en Educaci\u00f3n Infantil.<\/p>\n<p style=\"text-align: justify;\">Trabaja desde el Grupo de Investigaci\u00f3n de Tecnolog\u00eda Educativa (GITE) en el que investiga diversas l\u00edneas de trabajo de Tecnolog\u00eda y Educaci\u00f3n. Su principal l\u00ednea de investigaci\u00f3n durante los \u00faltimos a\u00f1os ha sido las TIC en las aulas hospitalarias. Su Tesis Doctoral \u201cHerramientas telem\u00e1ticas en aulas hospitalarias: una experiencia educativa en la Regi\u00f3n Murcia\u201d fue presentada en 2013, siendo el primer trabajo presentado de estas caracter\u00edsticas en esta \u00e1rea de conocimiento hasta esa fecha. Entre sus publicaciones, destacan los aportes a esta l\u00ednea de trabajo, entre los que se encuentran numerosos art\u00edculos en revistas cient\u00edficas de impacto y comunicaciones a congresos internacionales. En 2012 coordin\u00f3 y public\u00f3 junto con la profesora M\u00aa Paz Prendes el primer libro de TIC en aulas hospitalarias.<\/p>\n<p style=\"text-align: justify;\">Ha sido coordinador de uno de los Proyectos con m\u00e1s impacto en los \u00faltimos a\u00f1os en la l\u00ednea de investigaci\u00f3n de uso de TIC en contextos educativos hospitalarios, el \u201cProyecto ALTER. Alternativas Telem\u00e1ticas en aulas hospitalarias, una experiencia educativa\u201d. Recientemente ha coordinado el \u201cProyecto EDUMOBSPITALARIOS: Mobile Learning en aulas hospitalarias\u201d. Particip\u00f3 en la organizaci\u00f3n del \u201cSeminario de Pedagog\u00eda Hospitalaria y TIC\u201d celebrado a finales de 2013 en la Universidad de Murcia.<\/p>\n<p style=\"text-align: justify;\">Adem\u00e1s participa en otros proyectos de investigaci\u00f3n sobre Entornos Personales de Aprendizaje (PLEs) y la innovaci\u00f3n docente en Educaci\u00f3n Superior.<\/p>\n<p style=\"text-align: justify;\">Desde su p\u00e1gina web (<a href=\"http:\/\/www.jlserranosanchez.es\/\" target=\"_blank\" rel=\"noopener\">www.jlserranosanchez.es<\/a>) comparte libremente todas sus publicaciones (<a href=\"http:\/\/www.jlserranosanchez.es\/publicaciones\/\" target=\"_blank\" rel=\"noopener\">http:\/\/www.jlserranosanchez.es\/publicaciones\/<\/a>) y algunos de sus pensamientos mediante su blog (<a href=\"http:\/\/www.jlserranosanchez.es\/blog\/\" target=\"_blank\" rel=\"noopener\">http:\/\/www.jlserranosanchez.es\/blog\/<\/a>).<\/p>\n<p style=\"text-align: justify;\">CV completo en: <a href=\"http:\/\/www.jlserranosanchez.es\/cvn_joseluisserrano.pdf\" target=\"_blank\" rel=\"noopener\">http:\/\/www.jlserranosanchez.es\/cvn_joseluisserrano.pdf<\/a><\/p>\n","protected":false},"excerpt":{"rendered":"<p>Profesor en el Departamento de Did\u00e1ctica y Organizaci\u00f3n Escolar de la Universidad de Murcia y Profesor en ISEN Centro Universitario de Cartagena. Docente en asignaturas de Tecnolog\u00eda Educativa de futuros maestros, pedagogos y educadores sociales. Doctor en Tecnolog\u00eda Educativa por &hellip; <a href=\"https:\/\/3ciencias.com\/en\/jose-luis-serrano-sanchez\/\">leer m\u00e1s <span class=\"meta-nav\">&rarr;<\/span><\/a><\/p>\n","protected":false},"author":2,"featured_media":0,"parent":0,"menu_order":0,"comment_status":"closed","ping_status":"closed","template":"tp-congreso.php","meta":{"_bbp_topic_count":0,"_bbp_reply_count":0,"_bbp_total_topic_count":0,"_bbp_total_reply_count":0,"_bbp_voice_count":0,"_bbp_anonymous_reply_count":0,"_bbp_topic_count_hidden":0,"_bbp_reply_count_hidden":0,"_bbp_forum_subforum_count":0,"_mi_skip_tracking":false,"_monsterinsights_sitenote_active":false,"_monsterinsights_sitenote_note":"","_monsterinsights_sitenote_category":0,"footnotes":""},"acf":[],"_links":{"self":[{"href":"https:\/\/3ciencias.com\/en\/wp-json\/wp\/v2\/pages\/9716"}],"collection":[{"href":"https:\/\/3ciencias.com\/en\/wp-json\/wp\/v2\/pages"}],"about":[{"href":"https:\/\/3ciencias.com\/en\/wp-json\/wp\/v2\/types\/page"}],"author":[{"embeddable":true,"href":"https:\/\/3ciencias.com\/en\/wp-json\/wp\/v2\/users\/2"}],"replies":[{"embeddable":true,"href":"https:\/\/3ciencias.com\/en\/wp-json\/wp\/v2\/comments?post=9716"}],"version-history":[{"count":0,"href":"https:\/\/3ciencias.com\/en\/wp-json\/wp\/v2\/pages\/9716\/revisions"}],"wp:attachment":[{"href":"https:\/\/3ciencias.com\/en\/wp-json\/wp\/v2\/media?parent=9716"}],"curies":[{"name":"wp","href":"https:\/\/api.w.org\/{rel}","templated":true}]}}