{"id":9715,"date":"2015-11-09T10:08:38","date_gmt":"2015-11-09T09:08:38","guid":{"rendered":"https:\/\/3ciencias.com\/manolo-llorca-alcon\/"},"modified":"2015-11-09T10:08:38","modified_gmt":"2015-11-09T09:08:38","slug":"manolo-llorca-alcon","status":"publish","type":"page","link":"https:\/\/3ciencias.com\/en\/manolo-llorca-alcon\/","title":{"rendered":"Manolo Llorca Alc\u00f3n"},"content":{"rendered":"<p style=\"text-align: justify;\"><strong>EDUCACI\u00d3N Y FORMACI\u00d3N<\/strong><\/p>\n<ul style=\"text-align: justify;\">\n<li><strong>LICENCIADO EN INFORM\u00c1TICA (Especialidad Sistemas F\u00edsicos) <\/strong>en FACULTAD DE INFORM\u00c1TICA de la UNIVERSIDAD POLIT\u00c9CNICA DE VALENCIA (Abril de 1997)<\/li>\n<li><strong>INGENIERO T\u00c9CNICO Electr\u00f3nica Industrial <\/strong>en UNIVERSIDAD POLIT\u00c9CNICA DE VALENCIA-CAMPUS D\u2019ALCOY (Julio de 1989)<\/li>\n<\/ul>\n<p style=\"text-align: justify;\"><strong>EXPERIENCIA LABORAL<\/strong><\/p>\n<ul style=\"text-align: justify;\">\n<li><strong>Subdirector de infraestructuras y servicios en la Universidad Polit\u00e9cnica de Valencia. <\/strong>Coordinar los diversos servicios y gestionar los mantenimientos y nuevas infraestructuras.<\/li>\n<\/ul>\n<ul style=\"text-align: justify;\">\n<li><strong>Director de la c\u00e1tedra de empresa Smart City Alcoy por la Universidad Polit\u00e9cnica de Valencia. <\/strong>Realizar actividades dirigidas a convertir a la ciudad en un lugar m\u00e1s sostenible, mediante la direcci\u00f3n de proyectos, la organizaci\u00f3n de conferencias, la gesti\u00f3n de reuniones, etc.<\/li>\n<\/ul>\n<ul style=\"text-align: justify;\">\n<li><strong>Director acad\u00e9mico del Grado en Ingenier\u00eda Inform\u00e1tica por la Universidad Polit\u00e9cnica de Valencia. <\/strong>Realizar actividades de organizaci\u00f3n del grado en Ingenier\u00eda Inform\u00e1tica mediante coordinaciones verticales y horizontales para mejorar la visibilidad del t\u00edtulo.<\/li>\n<\/ul>\n<ul style=\"text-align: justify;\">\n<li><strong>Personal Docente e Investigador (PDI) por la Universidad Polit\u00e9cnica de Valencia. <\/strong>Docente de las asignaturas: Configuraci\u00f3n, administraci\u00f3n e interconexi\u00f3n de redes de \u00e1rea local. Deontolog\u00eda y profesionalismo. Inform\u00e1tica. Redes de computadores I. Redes. Fundamentos de inform\u00e1tica. Inform\u00e1tica aplicada. Implantaci\u00f3n y securizaci\u00f3n de redes corporativas para Pymes. Implementaci\u00f3n y puesta en marcha en las empresas de las nuevas leyes relacionadas con la TIC\u2019S. Programaci\u00f3n de sistemas en tiempo real. Dise\u00f1o de sistemas operativos<\/li>\n<\/ul>\n<ul style=\"text-align: justify;\">\n<li><strong>Profesor Asociado\/a (ASO-1)-tiempo parcial. Departamento de Inform\u00e1tica de sistemas y Computadoras por la Universidad Polit\u00e9cnica de Valencia. <\/strong>Docente de las asignaturas: Programaci\u00f3n de sistemas en tiempo real y Sistemas de control II para alumnado de electr\u00f3nica.<\/li>\n<\/ul>\n<ul style=\"text-align: justify;\">\n<li><strong>Analista de Aplicaciones por la Gerencia del \u00c1rea de Salud de Alcoy. <\/strong>Responsable de inform\u00e1tica del departamento de Salud. Implantaci\u00f3n de la historia cl\u00ednica sanitaria<\/li>\n<\/ul>\n<ul style=\"text-align: justify;\">\n<li><strong>Analista \u2013Programador por la Gerencia del \u00c1rea de Salud de Alcoy. <\/strong>Realizar varias aplicaciones en el entorno sanitario<\/li>\n<\/ul>\n<ul style=\"text-align: justify;\">\n<li><strong>Ingeniero T\u00e9cnico Industrial por Grupo DALMAU. <\/strong>Ejecuci\u00f3n de sistemas de control para la automatizaci\u00f3n de riegos inteligentes, depuradoras, estaciones de bombeo, etc.<\/li>\n<\/ul>\n<ul style=\"text-align: justify;\">\n<li><strong>Ingeniero T\u00e9cnico Industrial por FORADIA S.A.L. <\/strong>Dise\u00f1o de un aplicaci\u00f3n de control para automatizar las producci\u00f3n de piezas en tornos, fresadoras, etc.<\/li>\n<\/ul>\n<p style=\"text-align: justify;\"><strong><em><u>INVESTIGACI\u00d3N<\/u><\/em><\/strong><\/p>\n<p style=\"text-align: justify;\"><strong>T\u00cdTULO DEL PROYECTO: <\/strong>CARPE European Sustainable Solutions for Existing and New City Envionments.<\/p>\n<p style=\"text-align: justify;\"><strong>ENTIDAD FINANCIADORA: <\/strong>COMISION DE LAS COMUNIDADES EUROPEA<\/p>\n<p style=\"text-align: justify;\"><strong>DURACI\u00d3N: <\/strong>Desde el 01 de Noviembre del 2014 y una duraci\u00f3n de 36 meses<\/p>\n<p style=\"text-align: justify;\"><strong>\u00a0<\/strong><\/p>\n<p style=\"text-align: justify;\"><strong>T\u00cdTULO DEL PROYECTO: <\/strong>DESARROLLO DE TECNOLOGIAS PARA EL M-COMMERCER EN HOSTELERIA Y RESTAURACI\u00d3N<\/p>\n<p style=\"text-align: justify;\"><strong>ENTIDAD FINANCIADORA: <\/strong>DIAGRAM SOFTWARE, S.L.<\/p>\n<p style=\"text-align: justify;\"><strong>DURACI\u00d3N: <\/strong>Desde el 3 de Junio de 2014 y una duraci\u00f3n de 24 meses<\/p>\n<p style=\"text-align: justify;\"><strong>\u00a0<\/strong><\/p>\n<p style=\"text-align: justify;\"><strong>T\u00cdTULO DEL PROYECTO: <\/strong>COLLABORATION IN THE PROJECT SPEDAPPS<\/p>\n<p style=\"text-align: justify;\"><strong>ENTIDAD FINANCIADORA: <\/strong>HOGSKOLEN I BERGEN<\/p>\n<p style=\"text-align: justify;\"><strong>DURACI\u00d3N: <\/strong>Desde el 1 de diciembre del 2012 y una duraci\u00f3n de 24 meses.<\/p>\n<p style=\"text-align: justify;\"><strong>\u00a0<\/strong><\/p>\n<p style=\"text-align: justify;\"><strong>T\u00cdTULO DEL PROYECTO: <\/strong>DESARROLLO DE UNA APLICACION LUDICA PARA PREESCOLARES &#8211; APPPEQUE\u00d1OS<\/p>\n<p style=\"text-align: justify;\"><strong>ENTIDAD FINANCIADORA: <\/strong>MEDIOS Y PROYECTOS NEIL, S.L.<\/p>\n<p style=\"text-align: justify;\"><strong>DURACI\u00d3N: <\/strong>Desde el 9 de Noviembre del 2012 y una duraci\u00f3n de 4 meses.<\/p>\n<p style=\"text-align: justify;\"><strong>\u00a0<\/strong><\/p>\n<p style=\"text-align: justify;\"><strong>T\u00cdTULO DEL PROYECTO: <\/strong>PARLA: COMUNICADOR PARA NI\u00d1OS DISCAPACITADOS PARA WINDOWS\/MAC\/IOS\/ANDROID BASADO EN SELECCI\u00d3N DE COMANDOS<\/p>\n<p style=\"text-align: justify;\"><strong>ENTIDAD FINANCIADORA: <\/strong>INNOVATEC SENSORIZACI\u00d3N Y COMUNICACI\u00d3N, S.L.<\/p>\n<p style=\"text-align: justify;\"><strong>DURACI\u00d3N: <\/strong>Desde 30 de Noviembre del 2011 y una duraci\u00f3n de 6 meses.<\/p>\n<p style=\"text-align: justify;\"><strong>\u00a0<\/strong><\/p>\n<p style=\"text-align: justify;\"><strong>T\u00cdTULO DEL PROYECTO: <\/strong>PROYECTO LIMBODISSENY<\/p>\n<p style=\"text-align: justify;\"><strong>ENTIDAD FINANCIADORA: <\/strong>LIMBO DISSENY, S.L.<\/p>\n<p style=\"text-align: justify;\"><strong>DURACI\u00d3N: <\/strong>Desde el 2 de Junio de 2011 y una duraci\u00f3n de 2 meses<\/p>\n<p style=\"text-align: justify;\"><strong>\u00a0<\/strong><\/p>\n<p style=\"text-align: justify;\"><strong>T\u00cdTULO DEL PROYECTO: <\/strong>RESEARCH AND DEVELOPMENT OF GAME TECHNOLOGIES FOR IOS AND ANDROID PLATFORMS (A SPINING TOP GAME)<\/p>\n<p style=\"text-align: justify;\"><strong>ENTIDAD FINANCIADORA: <\/strong>X-FUND GLOBAL AG<\/p>\n<p style=\"text-align: justify;\"><strong>DURACI\u00d3N: <\/strong>Desde el 13 de Abril de 2011 y una duraci\u00f3n de 6 meses<\/p>\n<p style=\"text-align: justify;\"><strong>\u00a0<\/strong><\/p>\n<p style=\"text-align: justify;\"><strong>T\u00cdTULO DEL PROYECTO: <\/strong>SISTEMA HOLTER COMPLETO BASADO EN T\u00c9CNICAS DE RECONOCIMIENTO DE FORMAS (PP-06-01 8515)<\/p>\n<p style=\"text-align: justify;\"><strong>ENTIDAD FINANCIADORA: <\/strong>UNIVERSIDAD POLIT\u00c9CNICA DE VALENCIA<\/p>\n<p style=\"text-align: justify;\"><strong>DURACI\u00d3N: <\/strong>Desde el 21 de Noviembre de 2001 al 21 de Noviembre de 2003<\/p>\n","protected":false},"excerpt":{"rendered":"<p>EDUCACI\u00d3N Y FORMACI\u00d3N LICENCIADO EN INFORM\u00c1TICA (Especialidad Sistemas F\u00edsicos) en FACULTAD DE INFORM\u00c1TICA de la UNIVERSIDAD POLIT\u00c9CNICA DE VALENCIA (Abril de 1997) INGENIERO T\u00c9CNICO Electr\u00f3nica Industrial en UNIVERSIDAD POLIT\u00c9CNICA DE VALENCIA-CAMPUS D\u2019ALCOY (Julio de 1989) EXPERIENCIA LABORAL Subdirector de infraestructuras &hellip; <a href=\"https:\/\/3ciencias.com\/en\/manolo-llorca-alcon\/\">leer m\u00e1s <span class=\"meta-nav\">&rarr;<\/span><\/a><\/p>\n","protected":false},"author":2,"featured_media":0,"parent":0,"menu_order":0,"comment_status":"open","ping_status":"open","template":"tp-congreso.php","meta":{"_bbp_topic_count":0,"_bbp_reply_count":0,"_bbp_total_topic_count":0,"_bbp_total_reply_count":0,"_bbp_voice_count":0,"_bbp_anonymous_reply_count":0,"_bbp_topic_count_hidden":0,"_bbp_reply_count_hidden":0,"_bbp_forum_subforum_count":0,"_mi_skip_tracking":false,"_monsterinsights_sitenote_active":false,"_monsterinsights_sitenote_note":"","_monsterinsights_sitenote_category":0,"footnotes":""},"acf":[],"_links":{"self":[{"href":"https:\/\/3ciencias.com\/en\/wp-json\/wp\/v2\/pages\/9715"}],"collection":[{"href":"https:\/\/3ciencias.com\/en\/wp-json\/wp\/v2\/pages"}],"about":[{"href":"https:\/\/3ciencias.com\/en\/wp-json\/wp\/v2\/types\/page"}],"author":[{"embeddable":true,"href":"https:\/\/3ciencias.com\/en\/wp-json\/wp\/v2\/users\/2"}],"replies":[{"embeddable":true,"href":"https:\/\/3ciencias.com\/en\/wp-json\/wp\/v2\/comments?post=9715"}],"version-history":[{"count":0,"href":"https:\/\/3ciencias.com\/en\/wp-json\/wp\/v2\/pages\/9715\/revisions"}],"wp:attachment":[{"href":"https:\/\/3ciencias.com\/en\/wp-json\/wp\/v2\/media?parent=9715"}],"curies":[{"name":"wp","href":"https:\/\/api.w.org\/{rel}","templated":true}]}}