{"id":9713,"date":"2015-11-09T16:09:55","date_gmt":"2015-11-09T15:09:55","guid":{"rendered":"https:\/\/3ciencias.com\/ana-isabel-perez-molina\/"},"modified":"2015-11-09T16:09:55","modified_gmt":"2015-11-09T15:09:55","slug":"ana-isabel-perez-molina","status":"publish","type":"page","link":"https:\/\/3ciencias.com\/en\/ana-isabel-perez-molina\/","title":{"rendered":"Ana Isabel P\u00e9rez Molina"},"content":{"rendered":"<p style=\"text-align: justify;\"><strong>Profesor asociado en el Departamento de Estad\u00edstic<\/strong><strong><img decoding=\"async\" loading=\"lazy\" class=\"size-medium wp-image-8060 alignright\" src=\"https:\/\/3ciencias.com\/wp-content\/uploads\/2015\/11\/Ana-300x200.jpg\" alt=\"\" width=\"300\" height=\"200\" srcset=\"https:\/\/3ciencias.com\/wp-content\/uploads\/2015\/11\/Ana-300x200.jpg 300w, https:\/\/3ciencias.com\/wp-content\/uploads\/2015\/11\/Ana-768x512.jpg 768w, https:\/\/3ciencias.com\/wp-content\/uploads\/2015\/11\/Ana-150x100.jpg 150w, https:\/\/3ciencias.com\/wp-content\/uploads\/2015\/11\/Ana-450x300.jpg 450w, https:\/\/3ciencias.com\/wp-content\/uploads\/2015\/11\/Ana.jpg 1000w\" sizes=\"(max-width: 300px) 100vw, 300px\" \/><\/strong><strong>a e Investigaci\u00f3n Operativa Aplicadas y Calidad\u00a0<\/strong> (DEIOAC) de la <strong>Universidad Polit\u00e9cnica de Valencia<\/strong>. Doctor por la Universidad Polit\u00e9cnica de Valencia. M\u00e1ster en Ingenier\u00eda Textil. Ingeniera en Organizaci\u00f3n Industrial por la UPV. Ingeniero T\u00e9cnico Industrial, especialidad Qu\u00edmica Industrial. Consultor y formador en empresas, llevando a cabo servicios t\u00e9cnicos de ingenier\u00eda asociados a la I+D+i, servicios de asesoramiento e implantaci\u00f3n de sistemas de calidad, asesoramiento integral en la innovaci\u00f3n empresarial, asesoramiento en la certificaci\u00f3n de proyectos de I+D+I, Patent Box, as\u00ed como aspectos relacionados con la productividad, calidad y medio ambiente. Apoyo a las empresas en la b\u00fasqueda de financiaci\u00f3n para sus proyectos. Formaci\u00f3n a empresas, relacionada con la I+D+i, sistemas de calidad, innovaci\u00f3n empresarial, creatividad, etc.<\/p>\n<p><strong><span style=\"color: #333333;\">Publicaciones docentes<\/span><br \/>\n<\/strong><\/p>\n<ul>\n<li>El cuento como recurso educativo. ISSN: 2254 &#8211; 3376<\/li>\n<li>Innovaci\u00f3n docente: de la pedagog\u00eda diferencial a la inclusi\u00f3n educativa. ISSN: 2254 &#8211; 3376<\/li>\n<li>Los profesores como intelectuales. ISSN: 1889 &#8211; 0377<\/li>\n<li>Investigaci\u00f3n sobre la sociolog\u00eda en la educaci\u00f3n. Influencia de las nuevas tecnolog\u00edas en la escuela. ISSN: 1889 &#8211; 0377<\/li>\n<li>Hacia una escuela ciudadana. ISSN: 1889 &#8211; 0377<\/li>\n<li>La agresividad en las aulas y la prevenci\u00f3n de la violencia en la ense\u00f1anza. ISSN: 1889 &#8211; 0377<\/li>\n<li>Aprendizaje cooperativo. ISSN: 1889 &#8211; 0377<\/li>\n<\/ul>\n<h2><span style=\"color: #333333;\">Publicaciones de investigaci\u00f3n<\/span><\/h2>\n<ul>\n<li>An\u00e1lisis del estado del arte inherente a la caracterizaci\u00f3n y modelizaci\u00f3n de la pymes productivas espa\u00f1olas que realizan proyectos de I+D+i. ISBN: 978-84-941394-9-9<\/li>\n<li>El futuro se decide ahora. Ideas para mejorar tu empresa.\u00a0ISBN: 978-84-940820-2-3<\/li>\n<li>Metodolog\u00edas desarrolladas para el dise\u00f1o y la implantaci\u00f3n del protocolo familiar en las empresas familiares. ISBN 13: 978-84-92642-23-6<\/li>\n<li>An\u00e1lisis del estado del arte aplicado a las empresas familiares. ISBN 13: 978-84-92642-22-9.<\/li>\n<li>L\u00f3gica difusa. ISBN 13: 978-84-92642-21-2<\/li>\n<li>Redes neuronales. ISBN 13: 978-84-92642-20-5<\/li>\n<li>Introducci\u00f3n a la estad\u00edstica b\u00e1sica. ISBN 13: 978-84-92642-19-9<\/li>\n<li>Estimaci\u00f3n de par\u00e1metros, contraste de hip\u00f3tesis. ISBN 13: 978-84-92642-02-1<\/li>\n<\/ul>\n","protected":false},"excerpt":{"rendered":"<p>Profesor asociado en el Departamento de Estad\u00edstica e Investigaci\u00f3n Operativa Aplicadas y Calidad\u00a0 (DEIOAC) de la Universidad Polit\u00e9cnica de Valencia. Doctor por la Universidad Polit\u00e9cnica de Valencia. M\u00e1ster en Ingenier\u00eda Textil. Ingeniera en Organizaci\u00f3n Industrial por la UPV. Ingeniero T\u00e9cnico &hellip; <a href=\"https:\/\/3ciencias.com\/en\/ana-isabel-perez-molina\/\">leer m\u00e1s <span class=\"meta-nav\">&rarr;<\/span><\/a><\/p>\n","protected":false},"author":2,"featured_media":0,"parent":0,"menu_order":0,"comment_status":"closed","ping_status":"closed","template":"tp-congreso.php","meta":{"_bbp_topic_count":0,"_bbp_reply_count":0,"_bbp_total_topic_count":0,"_bbp_total_reply_count":0,"_bbp_voice_count":0,"_bbp_anonymous_reply_count":0,"_bbp_topic_count_hidden":0,"_bbp_reply_count_hidden":0,"_bbp_forum_subforum_count":0,"_mi_skip_tracking":false,"_monsterinsights_sitenote_active":false,"_monsterinsights_sitenote_note":"","_monsterinsights_sitenote_category":0,"footnotes":""},"acf":[],"_links":{"self":[{"href":"https:\/\/3ciencias.com\/en\/wp-json\/wp\/v2\/pages\/9713"}],"collection":[{"href":"https:\/\/3ciencias.com\/en\/wp-json\/wp\/v2\/pages"}],"about":[{"href":"https:\/\/3ciencias.com\/en\/wp-json\/wp\/v2\/types\/page"}],"author":[{"embeddable":true,"href":"https:\/\/3ciencias.com\/en\/wp-json\/wp\/v2\/users\/2"}],"replies":[{"embeddable":true,"href":"https:\/\/3ciencias.com\/en\/wp-json\/wp\/v2\/comments?post=9713"}],"version-history":[{"count":0,"href":"https:\/\/3ciencias.com\/en\/wp-json\/wp\/v2\/pages\/9713\/revisions"}],"wp:attachment":[{"href":"https:\/\/3ciencias.com\/en\/wp-json\/wp\/v2\/media?parent=9713"}],"curies":[{"name":"wp","href":"https:\/\/api.w.org\/{rel}","templated":true}]}}