{"id":9712,"date":"2015-11-09T16:13:49","date_gmt":"2015-11-09T15:13:49","guid":{"rendered":"https:\/\/3ciencias.com\/francisco-javier-carcel-carrasco\/"},"modified":"2015-11-09T16:13:49","modified_gmt":"2015-11-09T15:13:49","slug":"francisco-javier-carcel-carrasco","status":"publish","type":"page","link":"https:\/\/3ciencias.com\/en\/francisco-javier-carcel-carrasco\/","title":{"rendered":"Francisco Javier C\u00e1rcel Carrasco"},"content":{"rendered":"<p>Ha desarrollado su experiencia en el sector industrial durante m\u00e1s de 28 a\u00f1os en diversas empresas de primer nivel industrial y <img decoding=\"async\" loading=\"lazy\" class=\"size-medium wp-image-8144 alignright\" src=\"https:\/\/3ciencias.com\/wp-content\/uploads\/2015\/11\/JavierCarcel-230x300.png\" alt=\"\" width=\"230\" height=\"300\" srcset=\"https:\/\/3ciencias.com\/wp-content\/uploads\/2015\/11\/JavierCarcel-230x300.png 230w, https:\/\/3ciencias.com\/wp-content\/uploads\/2015\/11\/JavierCarcel-150x195.png 150w, https:\/\/3ciencias.com\/wp-content\/uploads\/2015\/11\/JavierCarcel.png 242w\" sizes=\"(max-width: 230px) 100vw, 230px\" \/>de servicios, as\u00ed como profesional liberal en el desarrollo de proyectos industriales y de instalaciones para edificios de actividades terciarias (grandes hoteles, centros comerciales, etc.), desarrollando m\u00e1s de 800 proyectos y direcciones de obra visados por colegios profesionales.<\/p>\n<p>En la actualidad es <strong>profesor del departamento de Construcciones Arquitect\u00f3nicas, \u00e1rea instalaciones, de la Universidad Polit\u00e9cnica de Valencia<\/strong>. De formaci\u00f3n acad\u00e9mica polivalente, es <strong>Ingeniero Industrial y Doctor Ingeniero Industrial<\/strong> por la Universidad Polit\u00e9cnica de Valencia, as\u00ed como <strong>Doctor en Ciencias Econ\u00f3micas y Empresariales<\/strong> por la UNED. As\u00ed mismo es <strong>Ingeniero en Electr\u00f3nica<\/strong> por la Universidad de Valencia y <strong>Licenciado en Ingenier\u00eda mec\u00e1nica y energ\u00e9tica<\/strong> por la Universidad de Paris 6 (Francia). Ha realizado numerosos cursos de formaci\u00f3n y diversos m\u00e1ster, destacando el de <strong>Ingenier\u00eda energ\u00e9tica, Prevenci\u00f3n de riesgos laborales, Evaluaci\u00f3n de impacto ambiental<\/strong>. Su \u00e1rea de investigaci\u00f3n est\u00e1 enfocada a las energ\u00edas renovables, eficiencia energ\u00e9tica e ingenier\u00eda del mantenimiento industrial. Email: <a href=\"mailto:fracarc1@csa.upv.es\" target=\"_blank\">fracarc1@csa.upv.es\u00a0<\/a><\/p>\n","protected":false},"excerpt":{"rendered":"<p>Ha desarrollado su experiencia en el sector industrial durante m\u00e1s de 28 a\u00f1os en diversas empresas de primer nivel industrial y de servicios, as\u00ed como profesional liberal en el desarrollo de proyectos industriales y de instalaciones para edificios de actividades &hellip; <a href=\"https:\/\/3ciencias.com\/en\/francisco-javier-carcel-carrasco\/\">leer m\u00e1s <span class=\"meta-nav\">&rarr;<\/span><\/a><\/p>\n","protected":false},"author":2,"featured_media":0,"parent":0,"menu_order":0,"comment_status":"closed","ping_status":"closed","template":"tp-congreso.php","meta":{"_bbp_topic_count":0,"_bbp_reply_count":0,"_bbp_total_topic_count":0,"_bbp_total_reply_count":0,"_bbp_voice_count":0,"_bbp_anonymous_reply_count":0,"_bbp_topic_count_hidden":0,"_bbp_reply_count_hidden":0,"_bbp_forum_subforum_count":0,"_mi_skip_tracking":false,"_monsterinsights_sitenote_active":false,"_monsterinsights_sitenote_note":"","_monsterinsights_sitenote_category":0,"footnotes":""},"acf":[],"_links":{"self":[{"href":"https:\/\/3ciencias.com\/en\/wp-json\/wp\/v2\/pages\/9712"}],"collection":[{"href":"https:\/\/3ciencias.com\/en\/wp-json\/wp\/v2\/pages"}],"about":[{"href":"https:\/\/3ciencias.com\/en\/wp-json\/wp\/v2\/types\/page"}],"author":[{"embeddable":true,"href":"https:\/\/3ciencias.com\/en\/wp-json\/wp\/v2\/users\/2"}],"replies":[{"embeddable":true,"href":"https:\/\/3ciencias.com\/en\/wp-json\/wp\/v2\/comments?post=9712"}],"version-history":[{"count":0,"href":"https:\/\/3ciencias.com\/en\/wp-json\/wp\/v2\/pages\/9712\/revisions"}],"wp:attachment":[{"href":"https:\/\/3ciencias.com\/en\/wp-json\/wp\/v2\/media?parent=9712"}],"curies":[{"name":"wp","href":"https:\/\/api.w.org\/{rel}","templated":true}]}}