{"id":9711,"date":"2015-11-09T16:24:26","date_gmt":"2015-11-09T15:24:26","guid":{"rendered":"https:\/\/3ciencias.com\/victor-gisbert-soler\/"},"modified":"2019-03-07T13:18:51","modified_gmt":"2019-03-07T12:18:51","slug":"victor-gisbert-soler","status":"publish","type":"page","link":"https:\/\/3ciencias.com\/en\/conferences\/archived-congresses\/congreso-tecnologia-e-ingenieria\/comites\/victor-gisbert-soler\/","title":{"rendered":"V\u00edctor Gisbert Soler"},"content":{"rendered":"<p>\u2013 Doctor Ingeniero Industrial.<br \/>\n\u2013 Ingeniero Industrial, especialidad en Organizaci\u00f3n Industrial.<br \/>\n\u2013 Doctor of Business Administration Strategic Management<br \/>\n\u2013 Diplomado en Investigaci\u00f3n de Mercados<br \/>\n\u2013 M\u00e1ster en Gesti\u00f3n de Calidad y Medio Ambiente.<\/p>\n<p><strong>Educaci\u00f3n<\/strong><\/p>\n<p>Universidad Polit\u00e9cnica de Valencia<br \/>\nDoctor Ingeniero Industrial, Organizaci\u00f3n industrial<br \/>\n2000 \u2013 2006- Diplomado en investigaci\u00f3n de mercados por la UV- Master Calidad<\/p>\n<p>Universidad Polit\u00e9cnica de Catalu\u00f1a<br \/>\nIngeniero Industrial Superior, Organizaci\u00f3n \u2013 Industrial (1982 \u2013 1988)<\/p>\n<p><strong>Contacto<\/strong><\/p>\n<p>E-mail:<a href=\"mailto:info@3ciencias.com\"> info@3ciencias.com<\/a><\/p>\n","protected":false},"excerpt":{"rendered":"<p>\u2013 Doctor Ingeniero Industrial. \u2013 Ingeniero Industrial, especialidad en Organizaci\u00f3n Industrial. \u2013 Doctor of Business Administration Strategic Management \u2013 Diplomado en Investigaci\u00f3n de Mercados \u2013 M\u00e1ster en Gesti\u00f3n de Calidad y Medio Ambiente. Educaci\u00f3n Universidad Polit\u00e9cnica de Valencia Doctor Ingeniero &hellip; <a href=\"https:\/\/3ciencias.com\/en\/conferences\/archived-congresses\/congreso-tecnologia-e-ingenieria\/comites\/victor-gisbert-soler\/\">leer m\u00e1s <span class=\"meta-nav\">&rarr;<\/span><\/a><\/p>\n","protected":false},"author":2,"featured_media":0,"parent":12477,"menu_order":0,"comment_status":"closed","ping_status":"closed","template":"","meta":{"_bbp_topic_count":0,"_bbp_reply_count":0,"_bbp_total_topic_count":0,"_bbp_total_reply_count":0,"_bbp_voice_count":0,"_bbp_anonymous_reply_count":0,"_bbp_topic_count_hidden":0,"_bbp_reply_count_hidden":0,"_bbp_forum_subforum_count":0,"_mi_skip_tracking":false,"_monsterinsights_sitenote_active":false,"_monsterinsights_sitenote_note":"","_monsterinsights_sitenote_category":0,"footnotes":""},"acf":[],"_links":{"self":[{"href":"https:\/\/3ciencias.com\/en\/wp-json\/wp\/v2\/pages\/9711"}],"collection":[{"href":"https:\/\/3ciencias.com\/en\/wp-json\/wp\/v2\/pages"}],"about":[{"href":"https:\/\/3ciencias.com\/en\/wp-json\/wp\/v2\/types\/page"}],"author":[{"embeddable":true,"href":"https:\/\/3ciencias.com\/en\/wp-json\/wp\/v2\/users\/2"}],"replies":[{"embeddable":true,"href":"https:\/\/3ciencias.com\/en\/wp-json\/wp\/v2\/comments?post=9711"}],"version-history":[{"count":0,"href":"https:\/\/3ciencias.com\/en\/wp-json\/wp\/v2\/pages\/9711\/revisions"}],"up":[{"embeddable":true,"href":"https:\/\/3ciencias.com\/en\/wp-json\/wp\/v2\/pages\/12477"}],"wp:attachment":[{"href":"https:\/\/3ciencias.com\/en\/wp-json\/wp\/v2\/media?parent=9711"}],"curies":[{"name":"wp","href":"https:\/\/api.w.org\/{rel}","templated":true}]}}