{"id":9710,"date":"2015-11-09T16:37:56","date_gmt":"2015-11-09T15:37:56","guid":{"rendered":"https:\/\/3ciencias.com\/victor-hugo-aravena-diaz\/"},"modified":"2015-11-09T16:37:56","modified_gmt":"2015-11-09T15:37:56","slug":"victor-hugo-aravena-diaz","status":"publish","type":"page","link":"https:\/\/3ciencias.com\/en\/victor-hugo-aravena-diaz\/","title":{"rendered":"V\u00edctor Hugo Aravena D\u00edaz"},"content":{"rendered":"<p style=\"text-align: justify;\">Ingeniero Civil Industrial con nueve a\u00f1os de experiencia laboral. Actualmente Mag\u00edster en Tecnolog\u00eda de la Informaci\u00f3n de la Universidad Federico Santa Mar\u00eda, Chile y del MBA Internacional de la Universidad Polit\u00e9cnica de Catalu\u00f1a, Barcelona, Espa\u00f1a. Posee adem\u00e1s un Diplomado en Docencia Universitaria de la Universidad de Frontera, Chile, y el t\u00edtulo de Ingeniero Civil Industrial con especializaci\u00f3n en Inform\u00e1tica otorgado por la Universidad de la Frontera, Chile. Con amplia experiencia en gesti\u00f3n de proyectos inform\u00e1ticos que involucran tanto al sector p\u00fablico como privado en temas de Educaci\u00f3n (SIMCE, ENLACES, Planes de uso, UCE.), Gobiernos Regionales (GORE IX Regi\u00f3n y X Regi\u00f3n), Municipios (Pe\u00f1alol\u00e9n), Salud (MINSAL, ARAUCANIASUR, ARAUCANIANORTE), Legislativo (Biblioteca del Congreso Nacional) y Sistema de Informaci\u00f3n Geogr\u00e1fica (Bienes Nacionales). Es consultor de empresas en temas de TI, innovaci\u00f3n, Startup y emprendimiento. Ha sido relator de diversos seminarios para instituciones nacionales e internacionales en tema de Inform\u00e1tica M\u00e9dica y Software Libre. Co-fundador y Director de Empresa en Tecnolog\u00eda. En 2012 fue uno de los expertos consultados por ES-Salud para la implementaci\u00f3n del Historial Cl\u00ednico, Per\u00fa. En 2013 dirige uno de los seis proyectos de innovaci\u00f3n de ChileCompra &#8220;an\u00e1lisis sem\u00e1ntico de licitaci\u00f3n&#8221;. Es actualmente acad\u00e9mico en la Universidad de la Frontera, Temuco, Chile y Director del Laboratorio Opensystem.<\/p>\n","protected":false},"excerpt":{"rendered":"<p>Ingeniero Civil Industrial con nueve a\u00f1os de experiencia laboral. Actualmente Mag\u00edster en Tecnolog\u00eda de la Informaci\u00f3n de la Universidad Federico Santa Mar\u00eda, Chile y del MBA Internacional de la Universidad Polit\u00e9cnica de Catalu\u00f1a, Barcelona, Espa\u00f1a. Posee adem\u00e1s un Diplomado en &hellip; <a href=\"https:\/\/3ciencias.com\/en\/victor-hugo-aravena-diaz\/\">leer m\u00e1s <span class=\"meta-nav\">&rarr;<\/span><\/a><\/p>\n","protected":false},"author":2,"featured_media":0,"parent":0,"menu_order":0,"comment_status":"closed","ping_status":"closed","template":"tp-congreso.php","meta":{"_bbp_topic_count":0,"_bbp_reply_count":0,"_bbp_total_topic_count":0,"_bbp_total_reply_count":0,"_bbp_voice_count":0,"_bbp_anonymous_reply_count":0,"_bbp_topic_count_hidden":0,"_bbp_reply_count_hidden":0,"_bbp_forum_subforum_count":0,"_mi_skip_tracking":false,"_monsterinsights_sitenote_active":false,"_monsterinsights_sitenote_note":"","_monsterinsights_sitenote_category":0,"footnotes":""},"acf":[],"_links":{"self":[{"href":"https:\/\/3ciencias.com\/en\/wp-json\/wp\/v2\/pages\/9710"}],"collection":[{"href":"https:\/\/3ciencias.com\/en\/wp-json\/wp\/v2\/pages"}],"about":[{"href":"https:\/\/3ciencias.com\/en\/wp-json\/wp\/v2\/types\/page"}],"author":[{"embeddable":true,"href":"https:\/\/3ciencias.com\/en\/wp-json\/wp\/v2\/users\/2"}],"replies":[{"embeddable":true,"href":"https:\/\/3ciencias.com\/en\/wp-json\/wp\/v2\/comments?post=9710"}],"version-history":[{"count":0,"href":"https:\/\/3ciencias.com\/en\/wp-json\/wp\/v2\/pages\/9710\/revisions"}],"wp:attachment":[{"href":"https:\/\/3ciencias.com\/en\/wp-json\/wp\/v2\/media?parent=9710"}],"curies":[{"name":"wp","href":"https:\/\/api.w.org\/{rel}","templated":true}]}}