{"id":9709,"date":"2015-11-11T14:50:28","date_gmt":"2015-11-11T13:50:28","guid":{"rendered":"https:\/\/3ciencias.com\/miguel-navarro-rodriguez\/"},"modified":"2015-11-11T14:50:28","modified_gmt":"2015-11-11T13:50:28","slug":"miguel-navarro-rodriguez","status":"publish","type":"page","link":"https:\/\/3ciencias.com\/en\/miguel-navarro-rodriguez\/","title":{"rendered":"Miguel Navarro Rodr\u00edguez"},"content":{"rendered":"<p style=\"text-align: justify;\"><strong>Adscripci\u00f3n<\/strong>: Universidad Pedag\u00f3gica de Durango<\/p>\n<p style=\"text-align: justify;\">Preparaci\u00f3n profesional:<\/p>\n<ul style=\"text-align: justify;\">\n<li>Profesor de Educaci\u00f3n Media y Normal en Ciencias Naturales, Escuela Normal Superior de la Laguna, C.I. (1981-1986, Titulado en marzo de 1990)<\/li>\n<li>Mtro. En Administraci\u00f3n Educativa (Universidad Aut\u00f3noma de Tlaxcala, 1994-1997, titulado febrero de 1997)<\/li>\n<li>Doctor en Educaci\u00f3n Internacional (Universidad Aut\u00f3noma de Tamaulipas, 2000- 2003, titulado, diciembre de 2003)<\/li>\n<\/ul>\n<p style=\"text-align: justify;\"><strong>Categor\u00eda<\/strong>: Prof. Titular \u201cc\u201d Tiempo completo<\/p>\n<p style=\"text-align: justify;\"><strong>Antig\u00fcedad<\/strong> <strong>en el servicio docente<\/strong>: 32 a\u00f1os<\/p>\n<p style=\"text-align: justify;\"><strong>RFC:<\/strong> NARM-6001027k2<\/p>\n<p style=\"text-align: justify;\"><strong>Perfil promep<\/strong>: si<\/p>\n<p style=\"text-align: justify;\"><strong>Miembro del Sistema Nacional de Investigadores<\/strong>: desde septiembre de 2005; \u00faltima evaluaci\u00f3n en 2014 y vigencia hasta diciembre de 2019, actualmente en el Nivel: 1<\/p>\n<p style=\"text-align: justify;\"><strong>L\u00edneas de investigaci\u00f3n<\/strong>: Gesti\u00f3n escolar y Tecnolog\u00edas para el aprendizaje<\/p>\n<p style=\"text-align: justify;\"><strong>Experiencia laboral<\/strong>: adem\u00e1s de ser profesor de licenciatura y posgrado en la Universidad Pedag\u00f3gica de Durango, ha sido Profesor de posgrado de la Universidad Jos\u00e9 Vasconcelos, de la Universidad Aut\u00f3noma de Durango, de la Universidad de Colima, de la Universidad de Guadalajara entre otras.<\/p>\n<p style=\"text-align: justify;\"><strong>Estancias internacionales de investigaci\u00f3n<\/strong>:<\/p>\n<ul style=\"text-align: justify;\">\n<li>Universidad de Victoria en Canad\u00e1 (2001)<\/li>\n<li>Simon Fraser University at Vancouver Canada (2002)<\/li>\n<\/ul>\n<p style=\"text-align: justify;\"><strong>Libros en autor\u00eda \u00fanica<\/strong>:<\/p>\n<ul style=\"text-align: justify;\">\n<li>Administraci\u00f3n y gesti\u00f3n escolar (Secyd-CETEB, 1999).<\/li>\n<li>Colaboraci\u00f3n y conflicto organizacionales en Instituciones que forman docentes, una perspectiva multim\u00e9todo (UdG, 2006)<\/li>\n<\/ul>\n<p style=\"text-align: justify;\"><strong>Como Primer autor, con coautores, colaboradores:<\/strong><\/p>\n<ul style=\"text-align: justify;\">\n<li>Poder conflicto y colaboraci\u00f3n en instituciones educativas (udg, 2006) (Navarro y Cabral)<\/li>\n<li>Gesti\u00f3n Escolar, Resultados de Investigaci\u00f3n, del discurso a la realidad de las escuelas (Navarro, et, al, 2009).<\/li>\n<li>Sujetos,pr\u00e1cticas y procesos educativos. Una mirada desde la investigaci\u00f3n educativa (2010). Autores: Miguel Navarro Rodr\u00edguez, Arturo Barraza Mac\u00edas y Adla jaik Dipp<\/li>\n<li>La Gesti\u00f3n en las Instituciones Educativas Autores: Miguel Navarro Rodr\u00edguez y Octavio Gonz\u00e1lez V\u00e1zquez (2013)<\/li>\n<\/ul>\n<p style=\"text-align: justify;\">Coautor\u00eda en primer lugar de 2 Libros electr\u00f3nicos con ISBN 2012:<\/p>\n<ul style=\"text-align: justify;\">\n<li>Experiencias de investigaci\u00f3n puntos de encuentro con las TIC en educaci\u00f3n<\/li>\n<li>Experiencias de investigaci\u00f3n puntos de encuentro con la gesti\u00f3n de las instituciones educativas<\/li>\n<li>Direcci\u00f3n, Liderazgo, modelos y procesos de gesti\u00f3n, claves para la transformaci\u00f3n (2013)<\/li>\n<\/ul>\n<p style=\"text-align: justify;\">Coautor\u00eda en primer lugar, (con dos coautores) de Libro electr\u00f3nico de libro electr\u00f3nico: Los usos de las TIC en diferentes contextos educativos. M. Navarro, Ortega, J. y Gonz\u00e1lez, O. (2014). ISBN Nov. De 2014.<\/p>\n<p style=\"text-align: justify;\">Coautor\u00eda de la Colecci\u00f3n General: -Experiencias de investigaci\u00f3n puntos de encuentro con las TIC en educaci\u00f3n de 7 tomos, ya publicados y con isbn, de diciembre de 2012.<\/p>\n<p style=\"text-align: justify;\">Coordinador del Libro electr\u00f3nico: Narrativas digitales y Ciencias para el Aprendizaje, Diferentes Historia e Im\u00e1genes del pensamiento. Con ISBN, Noviembre de 2014.<\/p>\n<p style=\"text-align: justify;\"><strong>Como coautor en tercera coautor\u00eda<\/strong>:<\/p>\n<p style=\"text-align: justify;\">Virtualidad Educativa en el Siglo XXI (UdG, 2006). Gonz\u00e1lez Romero et al, 2006)<\/p>\n<p style=\"text-align: justify;\">Aprendizaje y tecnolog\u00eda, razones y acciones\u00a0\u00a0 (Gonz\u00e1lez Romero, et al, 2005)<\/p>\n<p style=\"text-align: justify;\"><strong>Art\u00edculos de investigaci\u00f3n publicados<\/strong>: 25 art\u00edculos, 5 de ellos tres internacionales.<\/p>\n<p style=\"text-align: justify;\"><strong>Cap\u00edtulos de libro:<\/strong> 18 cap\u00edtulos de libro publicados en las dos l\u00edneas de investigaci\u00f3n que el autor ha mantenido ya por 10 a\u00f1os.<\/p>\n<p style=\"text-align: justify;\">\u00daltimos tres cap\u00edtulos de libro editados en 2012.<\/p>\n<ul style=\"text-align: justify;\">\n<li>El M-learning y los usos de tablets y celulares en el aula de clase, \u00bfdistractores o dinamizadores del aprendizaje?<\/li>\n<li><em>\u201cAn\u00e1lisis de contenido en la aplicaci\u00f3n \u201cBlog\u201d utilizando la plataforma Moodle, La autorregulaci\u00f3n en el proceso de aprender en estudiantes de la Universidad Pedag\u00f3gica de Durango\u201d<\/em><\/li>\n<li>Las dimensiones convivencial y pedag\u00f3gica de la gesti\u00f3n: la urdimbre de los procesos o qu\u00e9 es lo que hace ser a un buen directivo escolar.<\/li>\n<\/ul>\n<p style=\"text-align: justify;\">Ultimos 3 cap\u00edtulos de libro editados el 2014:<\/p>\n<ul style=\"text-align: justify;\">\n<li>Narrativas digitales y ciencias para el aprendizaje, qu\u00e9 y c\u00f3mo aprendemos desde la perspectiva de estudiantes de doctorado en Navarro, M. (2014). Narrativas digitales y Ciencias para el Aprendizaje, Diferentes Historia e Im\u00e1genes del pensamiento.<\/li>\n<li>A manera de pr\u00f3logo: La triada de los usos en TIC; veh\u00edculo, recurso\/ herramienta y andamiaje cognitivo. En Navarro, Ortega y Gonz\u00e1lez, (2014). Los usos de las TIC en diferentes contextos educativos.(pp.1-10)<\/li>\n<li>Los Usos de las TIC en diferentes contextos educativos, su adopci\u00f3n en entornos de<\/li>\n<\/ul>\n<p style=\"text-align: justify;\">Inclusi\u00f3n. En Navarro, Ortega y Gonz\u00e1lez, (2014). Los usos de las TIC en diferentes contextos educativos.(pp. 15-33).<\/p>\n<p style=\"text-align: justify;\"><strong>Grupos de investigaci\u00f3n:<\/strong> De gesti\u00f3n escolar de la UPD, coord. y Grupo Interinstitucional de investigaci\u00f3n sobre tecnolog\u00edas para el aprendizaje (UPD, UJED y UdG), coord.. tales grupos de investigaci\u00f3n se han mantenido aportando a la producci\u00f3n cient\u00edfica en los Congresos Nacionales de Investigaci\u00f3n Educativa, desde el a\u00f1o de 2003.<\/p>\n<p style=\"text-align: justify;\"><strong>Cargos acad\u00e9micos desempe\u00f1ados: Presidente de la Red Durango de Investigadores Educativos<\/strong> (ReDIE) desde Octubre de 2013 a la fecha y <strong>Coordinador de Investigaci\u00f3n y Posgrado de la UPD<\/strong>, desde Febrero de 2013 a la fecha.<\/p>\n<p style=\"text-align: justify;\"><strong>Director de 4 tesis doctorales terminadas en el a\u00f1o 2013 y 2014<\/strong>: Ana Mar\u00eda Rodarte (UPD), Silvia Prieto, Omar Parra Cerros y Oscar Echevarr\u00eda (UAD).<\/p>\n","protected":false},"excerpt":{"rendered":"<p>Adscripci\u00f3n: Universidad Pedag\u00f3gica de Durango Preparaci\u00f3n profesional: Profesor de Educaci\u00f3n Media y Normal en Ciencias Naturales, Escuela Normal Superior de la Laguna, C.I. (1981-1986, Titulado en marzo de 1990) Mtro. En Administraci\u00f3n Educativa (Universidad Aut\u00f3noma de Tlaxcala, 1994-1997, titulado febrero &hellip; <a href=\"https:\/\/3ciencias.com\/en\/miguel-navarro-rodriguez\/\">leer m\u00e1s <span class=\"meta-nav\">&rarr;<\/span><\/a><\/p>\n","protected":false},"author":2,"featured_media":0,"parent":0,"menu_order":0,"comment_status":"closed","ping_status":"closed","template":"tp-congreso.php","meta":{"_bbp_topic_count":0,"_bbp_reply_count":0,"_bbp_total_topic_count":0,"_bbp_total_reply_count":0,"_bbp_voice_count":0,"_bbp_anonymous_reply_count":0,"_bbp_topic_count_hidden":0,"_bbp_reply_count_hidden":0,"_bbp_forum_subforum_count":0,"_mi_skip_tracking":false,"_monsterinsights_sitenote_active":false,"_monsterinsights_sitenote_note":"","_monsterinsights_sitenote_category":0,"footnotes":""},"acf":[],"_links":{"self":[{"href":"https:\/\/3ciencias.com\/en\/wp-json\/wp\/v2\/pages\/9709"}],"collection":[{"href":"https:\/\/3ciencias.com\/en\/wp-json\/wp\/v2\/pages"}],"about":[{"href":"https:\/\/3ciencias.com\/en\/wp-json\/wp\/v2\/types\/page"}],"author":[{"embeddable":true,"href":"https:\/\/3ciencias.com\/en\/wp-json\/wp\/v2\/users\/2"}],"replies":[{"embeddable":true,"href":"https:\/\/3ciencias.com\/en\/wp-json\/wp\/v2\/comments?post=9709"}],"version-history":[{"count":0,"href":"https:\/\/3ciencias.com\/en\/wp-json\/wp\/v2\/pages\/9709\/revisions"}],"wp:attachment":[{"href":"https:\/\/3ciencias.com\/en\/wp-json\/wp\/v2\/media?parent=9709"}],"curies":[{"name":"wp","href":"https:\/\/api.w.org\/{rel}","templated":true}]}}