{"id":9707,"date":"2015-11-12T08:53:35","date_gmt":"2015-11-12T07:53:35","guid":{"rendered":"https:\/\/3ciencias.com\/francisco-llopis-vano\/"},"modified":"2015-11-12T08:53:35","modified_gmt":"2015-11-12T07:53:35","slug":"francisco-llopis-vano","status":"publish","type":"page","link":"https:\/\/3ciencias.com\/en\/francisco-llopis-vano\/","title":{"rendered":"Francisco Llopis Va\u00f1\u00f3"},"content":{"rendered":"<p style=\"text-align: justify;\">Licenciado en Ciencias Econ\u00f3micas y Empresariales, Doctor en Ciencias Econ\u00f3micas, MBA en el Instituto de Empresa (Madrid). Profesor Titular de Universidad en el departamento de Organizaci\u00f3n de Empresas de la Universidad de Alicante. Docencia en asignaturas de Creaci\u00f3n de empresas y Direcci\u00f3n de Operaciones, e investigaci\u00f3n y publicaciones en materia de emprendedor e iniciativa empresarial. Subdirector de la Escuela Universitaria de Relaciones Laborales de la Universidad de Alicante (2006-2009), participaci\u00f3n en el comit\u00e9 The Consortium for Small- and Medium-Size Enterprises and Entrepreneurship Education (SMEEE) (2003), miembro del Colegio de Economistas de Alicante y tambi\u00e9n de la Corte de Liquidadores del Consejo Valenciano del Cooperativismo, y asesor del Instituto de Estudios Econ\u00f3micos provincia de Alicante (INECA) participando en la elaboraci\u00f3n entre otros proyectos del plan estrat\u00e9gico para la provincia de Alicante impulsado por la Generalidad Valenciana y en el estudio y viabilidad de una zona franca en la provincia de Alicante.<\/p>\n","protected":false},"excerpt":{"rendered":"<p>Licenciado en Ciencias Econ\u00f3micas y Empresariales, Doctor en Ciencias Econ\u00f3micas, MBA en el Instituto de Empresa (Madrid). Profesor Titular de Universidad en el departamento de Organizaci\u00f3n de Empresas de la Universidad de Alicante. Docencia en asignaturas de Creaci\u00f3n de empresas &hellip; <a href=\"https:\/\/3ciencias.com\/en\/francisco-llopis-vano\/\">leer m\u00e1s <span class=\"meta-nav\">&rarr;<\/span><\/a><\/p>\n","protected":false},"author":2,"featured_media":0,"parent":0,"menu_order":0,"comment_status":"closed","ping_status":"closed","template":"tp-congreso.php","meta":{"_bbp_topic_count":0,"_bbp_reply_count":0,"_bbp_total_topic_count":0,"_bbp_total_reply_count":0,"_bbp_voice_count":0,"_bbp_anonymous_reply_count":0,"_bbp_topic_count_hidden":0,"_bbp_reply_count_hidden":0,"_bbp_forum_subforum_count":0,"_mi_skip_tracking":false,"_monsterinsights_sitenote_active":false,"_monsterinsights_sitenote_note":"","_monsterinsights_sitenote_category":0,"footnotes":""},"acf":[],"_links":{"self":[{"href":"https:\/\/3ciencias.com\/en\/wp-json\/wp\/v2\/pages\/9707"}],"collection":[{"href":"https:\/\/3ciencias.com\/en\/wp-json\/wp\/v2\/pages"}],"about":[{"href":"https:\/\/3ciencias.com\/en\/wp-json\/wp\/v2\/types\/page"}],"author":[{"embeddable":true,"href":"https:\/\/3ciencias.com\/en\/wp-json\/wp\/v2\/users\/2"}],"replies":[{"embeddable":true,"href":"https:\/\/3ciencias.com\/en\/wp-json\/wp\/v2\/comments?post=9707"}],"version-history":[{"count":0,"href":"https:\/\/3ciencias.com\/en\/wp-json\/wp\/v2\/pages\/9707\/revisions"}],"wp:attachment":[{"href":"https:\/\/3ciencias.com\/en\/wp-json\/wp\/v2\/media?parent=9707"}],"curies":[{"name":"wp","href":"https:\/\/api.w.org\/{rel}","templated":true}]}}