{"id":9706,"date":"2015-11-17T12:28:02","date_gmt":"2015-11-17T11:28:02","guid":{"rendered":"https:\/\/3ciencias.com\/santiago-alonso-garcia\/"},"modified":"2015-11-17T12:28:02","modified_gmt":"2015-11-17T11:28:02","slug":"santiago-alonso-garcia","status":"publish","type":"page","link":"https:\/\/3ciencias.com\/en\/santiago-alonso-garcia\/","title":{"rendered":"Santiago Alonso Garc\u00eda"},"content":{"rendered":"<p style=\"text-align: justify;\">Doctor (PhD) por la Universidad de Granada (Espa\u00f1a) dentro del programa de doctorado de &#8220;Curr\u00edculo, profesorado e instituciones educativas&#8221;. Licenciado en Psicopedagog\u00eda y Maestro de Educaci\u00f3n infantil.<\/p>\n<p style=\"text-align: justify;\">Mi experiencia docente es de m\u00e1s de 100 meses en centros educativos p\u00fablicos de infantil y primaria, y en Universidades como la Universidad de Castilla la Mancha (Espa\u00f1a), la Universidad Nacional de Chimborazo (Ecuador), y en la actualidad formo parte de la planta docente-investigadora en la Universidad Nacional de Educaci\u00f3n (Ecuador).<\/p>\n<p style=\"text-align: justify;\">Como investigador cuento en mis haberes con 33 publicaciones cient\u00edficas catalogadas, con una capacitaci\u00f3n adicional de m\u00e1s de 3.000 horas certificadas (cursos, congresos y seminarios), con una participaci\u00f3n en 33 proyectos de investigaci\u00f3n e innovaci\u00f3n educativa de los cuales he dirigido dos, y actualmente tutorizo diversos proyectos de tesis.<\/p>\n<p style=\"text-align: justify;\">Mis l\u00edneas de investigaci\u00f3n b\u00e1sica y de aplicaci\u00f3n, vinculadas a proyectos de colaboraci\u00f3n internacional (Espa\u00f1a, Reino Unido, Estados Unidos, Portugal, Alemania, Ecuador, Colombia, Venezuela, etc.) se centran en: el liderazgo organizacional, la innovaci\u00f3n a trav\u00e9s de las TIC, la orientaci\u00f3n integral y la escuela de padres, la evaluaci\u00f3n de sistemas y pol\u00edticas, y las pr\u00e1cticas de \u00e9xito educativas.<\/p>\n<p style=\"text-align: justify;\">Para m\u00e1s informaci\u00f3n consulten a trav\u00e9s de:<\/p>\n<p><a href=\"mailto:santiago.alonso@unae.edu.ec\">santiago.alonso@unae.edu.ec<\/a><\/p>\n<p><a href=\"https:\/\/ec.linkedin.com\/pub\/santiago-alonso-garc\u00eda\/7b\/2b\/53\" target=\"_blank\" rel=\"noopener\">https:\/\/ec.linkedin.com\/pub\/santiago-alonso-garc\u00eda\/7b\/2b\/53<\/a><\/p>\n<p><a href=\"https:\/\/scholar.google.com.ec\/citations?user=KFLih3AAAAAJ&amp;hl=es\" target=\"_blank\" rel=\"noopener\">https:\/\/scholar.google.com.ec\/citations?user=KFLih3AAAAAJ&amp;hl=es<\/a><\/p>\n","protected":false},"excerpt":{"rendered":"<p>Doctor (PhD) por la Universidad de Granada (Espa\u00f1a) dentro del programa de doctorado de &#8220;Curr\u00edculo, profesorado e instituciones educativas&#8221;. Licenciado en Psicopedagog\u00eda y Maestro de Educaci\u00f3n infantil. Mi experiencia docente es de m\u00e1s de 100 meses en centros educativos p\u00fablicos &hellip; <a href=\"https:\/\/3ciencias.com\/en\/santiago-alonso-garcia\/\">leer m\u00e1s <span class=\"meta-nav\">&rarr;<\/span><\/a><\/p>\n","protected":false},"author":2,"featured_media":0,"parent":0,"menu_order":0,"comment_status":"closed","ping_status":"closed","template":"tp-congreso.php","meta":{"_bbp_topic_count":0,"_bbp_reply_count":0,"_bbp_total_topic_count":0,"_bbp_total_reply_count":0,"_bbp_voice_count":0,"_bbp_anonymous_reply_count":0,"_bbp_topic_count_hidden":0,"_bbp_reply_count_hidden":0,"_bbp_forum_subforum_count":0,"_mi_skip_tracking":false,"_monsterinsights_sitenote_active":false,"_monsterinsights_sitenote_note":"","_monsterinsights_sitenote_category":0,"footnotes":""},"acf":[],"_links":{"self":[{"href":"https:\/\/3ciencias.com\/en\/wp-json\/wp\/v2\/pages\/9706"}],"collection":[{"href":"https:\/\/3ciencias.com\/en\/wp-json\/wp\/v2\/pages"}],"about":[{"href":"https:\/\/3ciencias.com\/en\/wp-json\/wp\/v2\/types\/page"}],"author":[{"embeddable":true,"href":"https:\/\/3ciencias.com\/en\/wp-json\/wp\/v2\/users\/2"}],"replies":[{"embeddable":true,"href":"https:\/\/3ciencias.com\/en\/wp-json\/wp\/v2\/comments?post=9706"}],"version-history":[{"count":0,"href":"https:\/\/3ciencias.com\/en\/wp-json\/wp\/v2\/pages\/9706\/revisions"}],"wp:attachment":[{"href":"https:\/\/3ciencias.com\/en\/wp-json\/wp\/v2\/media?parent=9706"}],"curies":[{"name":"wp","href":"https:\/\/api.w.org\/{rel}","templated":true}]}}