{"id":9691,"date":"2015-11-26T09:15:06","date_gmt":"2015-11-26T08:15:06","guid":{"rendered":"https:\/\/3ciencias.com\/viviana-duro-novoa\/"},"modified":"2015-11-26T09:15:06","modified_gmt":"2015-11-26T08:15:06","slug":"viviana-duro-novoa","status":"publish","type":"page","link":"https:\/\/3ciencias.com\/en\/viviana-duro-novoa\/","title":{"rendered":"Viviana Duro Novoa"},"content":{"rendered":"<p style=\"text-align: justify;\">Licenciada en Pedagog\u00eda Especialidad Inform\u00e1tica en 2010, Master en Gesti\u00f3n de la Informaci\u00f3n, 2014. Aspirante a Doctor en Inform\u00e1tica Aplicada<\/p>\n<p style=\"text-align: justify;\">Ha laborado como T\u00e9cnico en Inform\u00e1tica en la Unidad Docente de Inform\u00e1tica de la Universidad de La Habana (2006- 2009), Especialista Inform\u00e1tica de la Direcci\u00f3n de Planificaci\u00f3n y Estad\u00edsticas de la Universidad de La Habana (2009- 2010) actualmente se desempe\u00f1a como Asesora de la Vicerrectora Econ\u00f3mica y tiene a cargo la implantaci\u00f3n, mantenimiento y desarrollo de sistemas inform\u00e1ticos en estas \u00e1reas y el dise\u00f1o del desarrollo estrat\u00e9gico del uso de las tecnolog\u00edas para la gesti\u00f3n econ\u00f3mica y financiera en la UH. Es Profesora Instructora del Departamento de Ciencias Empresariales de la Facultad de Econom\u00eda, impartiendo la asignatura de Gesti\u00f3n de la Informaci\u00f3n en las Organizaciones. Imparte docencia de postgrado en el Diplomado de Administraci\u00f3n P\u00fablica en cooperaci\u00f3n con el Centro de Estudios de la Administraci\u00f3n P\u00fablica de la propia universidad a directivos del gobierno de la ciudad. Ha desarrollado investigaciones vinculadas a la Gesti\u00f3n de la Informaci\u00f3n, Gesti\u00f3n de procesos de negocio, estrategias empresariales aplicadas al contexto universitario, gobierno electr\u00f3nico, Aplicaci\u00f3n de las TIC a la gesti\u00f3n empresarial y universitaria, entre otras. Forma parte de la C\u00e1tedra UNESCO en Gesti\u00f3n de la Informaci\u00f3n. Tiene publicaciones en revistas electr\u00f3nicas, as\u00ed como ponencias en eventos nacionales e internacionales. Por tres a\u00f1os consecutivos participo en el proyecto \u201cCAMBIO EN EL SISTEMA ORGANIZATIVO DE LA GESTI\u00d3N ECON\u00d3MICA FINANCIERA DE LA UNIVERSIDAD DE LA HABANA. MEJORA EN LA GESTI\u00d3N\u201d en cooperaci\u00f3n con la Universidad de C\u00e1diz y financiado por la AECID, miembro del equipo de trabajo del Aula CiCalidad creada en la UH como parte del PROYECTO INTERNACIONAL: AULAS Ci \u2013 CALIDAD EN CUBA financiado por la AECID y desarrollado por la Universidad de Oviedo. Miembro del Proyecto ALFA SUMA para la gesti\u00f3n sustentable de la Universidad en Am\u00e9rica Latina, financiado por la Uni\u00f3n Europea. Visitado las universidades de Burgos, Granada, Deusto, Cadiz, Alicante (Espa\u00f1a), Vi\u00f1a del Mar (Chile), Universidad Industrial de Santander (UIS), Universidad de Santander (UDES), Universidad Aut\u00f3noma de Bucaramanga (UNAB) (Colombia) donde ha trabajado el tema de la informatizaci\u00f3n y la calidad en los procesos de gesti\u00f3n universitaria, los Sistemas de Informaci\u00f3n para la toma de decisiones, entre otros.<\/p>\n","protected":false},"excerpt":{"rendered":"<p>Licenciada en Pedagog\u00eda Especialidad Inform\u00e1tica en 2010, Master en Gesti\u00f3n de la Informaci\u00f3n, 2014. Aspirante a Doctor en Inform\u00e1tica Aplicada Ha laborado como T\u00e9cnico en Inform\u00e1tica en la Unidad Docente de Inform\u00e1tica de la Universidad de La Habana (2006- 2009), &hellip; <a href=\"https:\/\/3ciencias.com\/en\/viviana-duro-novoa\/\">leer m\u00e1s <span class=\"meta-nav\">&rarr;<\/span><\/a><\/p>\n","protected":false},"author":2,"featured_media":0,"parent":0,"menu_order":0,"comment_status":"closed","ping_status":"closed","template":"tp-congreso.php","meta":{"_bbp_topic_count":0,"_bbp_reply_count":0,"_bbp_total_topic_count":0,"_bbp_total_reply_count":0,"_bbp_voice_count":0,"_bbp_anonymous_reply_count":0,"_bbp_topic_count_hidden":0,"_bbp_reply_count_hidden":0,"_bbp_forum_subforum_count":0,"_mi_skip_tracking":false,"_monsterinsights_sitenote_active":false,"_monsterinsights_sitenote_note":"","_monsterinsights_sitenote_category":0,"footnotes":""},"acf":[],"_links":{"self":[{"href":"https:\/\/3ciencias.com\/en\/wp-json\/wp\/v2\/pages\/9691"}],"collection":[{"href":"https:\/\/3ciencias.com\/en\/wp-json\/wp\/v2\/pages"}],"about":[{"href":"https:\/\/3ciencias.com\/en\/wp-json\/wp\/v2\/types\/page"}],"author":[{"embeddable":true,"href":"https:\/\/3ciencias.com\/en\/wp-json\/wp\/v2\/users\/2"}],"replies":[{"embeddable":true,"href":"https:\/\/3ciencias.com\/en\/wp-json\/wp\/v2\/comments?post=9691"}],"version-history":[{"count":0,"href":"https:\/\/3ciencias.com\/en\/wp-json\/wp\/v2\/pages\/9691\/revisions"}],"wp:attachment":[{"href":"https:\/\/3ciencias.com\/en\/wp-json\/wp\/v2\/media?parent=9691"}],"curies":[{"name":"wp","href":"https:\/\/api.w.org\/{rel}","templated":true}]}}