{"id":9688,"date":"2015-12-03T10:56:59","date_gmt":"2015-12-03T09:56:59","guid":{"rendered":"https:\/\/3ciencias.com\/elena-perez-bernabeu\/"},"modified":"2015-12-03T10:56:59","modified_gmt":"2015-12-03T09:56:59","slug":"elena-perez-bernabeu","status":"publish","type":"page","link":"https:\/\/3ciencias.com\/en\/elena-perez-bernabeu\/","title":{"rendered":"Elena P\u00e9rez Bernabeu"},"content":{"rendered":"<p style=\"text-align: justify;\">Doctora en Ingenier\u00eda de Organizaci\u00f3n Industrial por el departamento de Estad\u00edstica e Investigaci\u00f3n Operativa de la Universidad Polit\u00e9cnica de Valencia y profesora en dicho departamento desde 2001.<\/p>\n<p style=\"text-align: justify;\">FORMACI\u00d3N<\/p>\n<ul>\n<li style=\"text-align: justify;\">Doctor Ingeniero de Organizaci\u00f3n Industrial (2008)<\/li>\n<li style=\"text-align: justify;\">Ingeniero Superior de Organizaci\u00f3n Industrial (1998-2000)<\/li>\n<li style=\"text-align: justify;\">Ingeniero T\u00e9cnico de Telecomunicaciones \u2013 especialidad Telem\u00e1tica (1994-1997)<\/li>\n<li style=\"text-align: justify;\">T\u00e9cnico en Control de Calidad. 250h. CEEI Alcoy. 1997.<\/li>\n<li style=\"text-align: justify;\">Curso de Metodolog\u00eda Did\u00e1ctica Aplicada a la Formaci\u00f3n Profesional (Campus de Alcoy). 120h. 2011.<\/li>\n<li style=\"text-align: justify;\">Curso de Formador Ocupacional. 389h. SERVEF. 2001<\/li>\n<li style=\"text-align: justify;\">Certificado de Aptitud Pedag\u00f3gica (CAP). Instituto de Ciencias de la Educaci\u00f3n \u2013 Universidad Polit\u00e9cnica de Valencia. 2002.<\/li>\n<\/ul>\n<p style=\"text-align: justify;\">EXPERIENCIA LABORAL<\/p>\n<ul>\n<li style=\"text-align: justify;\">Profesor Contratado Doctor. Universidad Polit\u00e9cnica de Valencia &#8211; Depto. Estad\u00edstica e Investigaci\u00f3n Operativa Aplicadas y Calidad. 2012-Actualidad.<\/li>\n<li style=\"text-align: justify;\">Profesor Colaborador. Universidad Polit\u00e9cnica de Valencia &#8211; Depto. Estad\u00edstica e Investigaci\u00f3n Operativa Aplicadas y Calidad. 2004-2012.<\/li>\n<li style=\"text-align: justify;\">Profesor Asociado. Universidad Polit\u00e9cnica de Valencia &#8211; Depto. Estad\u00edstica e Investigaci\u00f3n Operativa Aplicadas y Calidad. 2001-2004.<\/li>\n<li style=\"text-align: justify;\">Subdirectora de Relaciones Internacionales. Escuela Polit\u00e9cnica Superior de Alcoy. 2008-2012.<\/li>\n<li style=\"text-align: justify;\">Becaria de colaboraci\u00f3n. Departamento de Organizaci\u00f3n de Empresas. Universidad Polit\u00e9cnica de Valencia. 2001.<\/li>\n<li style=\"text-align: justify;\">Programadora inform\u00e1tica en Grupo Diagram Software. 1998-2001.<\/li>\n<\/ul>\n<p>PUBLICACIONES DE INVESTIGACI\u00d3N (selecci\u00f3n)<\/p>\n<p style=\"text-align: justify;\"><em>Horizontal cooperation in road transportation: a case illustrating savings in distances and greenhouse gas emissions<\/em>.(2015) P\u00e9rez-Bernabeu, Elena; \u00c1ngel A.Juan; Javier Faulin; Barry B. Barrios. International Transactions in Operational Research 22, pp.585-606.<\/p>\n<p style=\"text-align: justify;\"><em>Horizontal Cooperation in Vehicle Routing Problems with Backhauling and Environmental Criteria<\/em>.(2014) \u00c1ngel A. Juan; Javier Faul\u00edn; P\u00e9rez Bernabeu, Elena; Nicolas Jozefowiez. Procedia Social and Behavioral Sciencies 111, pp.1133-1141.<\/p>\n<p style=\"text-align: justify;\"><em>Simulation-Optimization Methods in Vehicle Routing Problems: A Literature Review and an Example<\/em>. (2013) \u00c1ngel A. Juan; Javier Faulin; Elena P\u00e9rez-Bernabeu; \u00d3scar Dom\u00ednguez. Lecture Notes in Business Information Processing 145, pp.115-124.<\/p>\n","protected":false},"excerpt":{"rendered":"<p>Doctora en Ingenier\u00eda de Organizaci\u00f3n Industrial por el departamento de Estad\u00edstica e Investigaci\u00f3n Operativa de la Universidad Polit\u00e9cnica de Valencia y profesora en dicho departamento desde 2001. FORMACI\u00d3N Doctor Ingeniero de Organizaci\u00f3n Industrial (2008) Ingeniero Superior de Organizaci\u00f3n Industrial (1998-2000) &hellip; <a href=\"https:\/\/3ciencias.com\/en\/elena-perez-bernabeu\/\">leer m\u00e1s <span class=\"meta-nav\">&rarr;<\/span><\/a><\/p>\n","protected":false},"author":2,"featured_media":0,"parent":0,"menu_order":0,"comment_status":"closed","ping_status":"closed","template":"tp-congreso.php","meta":{"_bbp_topic_count":0,"_bbp_reply_count":0,"_bbp_total_topic_count":0,"_bbp_total_reply_count":0,"_bbp_voice_count":0,"_bbp_anonymous_reply_count":0,"_bbp_topic_count_hidden":0,"_bbp_reply_count_hidden":0,"_bbp_forum_subforum_count":0,"_mi_skip_tracking":false,"_monsterinsights_sitenote_active":false,"_monsterinsights_sitenote_note":"","_monsterinsights_sitenote_category":0,"footnotes":""},"acf":[],"_links":{"self":[{"href":"https:\/\/3ciencias.com\/en\/wp-json\/wp\/v2\/pages\/9688"}],"collection":[{"href":"https:\/\/3ciencias.com\/en\/wp-json\/wp\/v2\/pages"}],"about":[{"href":"https:\/\/3ciencias.com\/en\/wp-json\/wp\/v2\/types\/page"}],"author":[{"embeddable":true,"href":"https:\/\/3ciencias.com\/en\/wp-json\/wp\/v2\/users\/2"}],"replies":[{"embeddable":true,"href":"https:\/\/3ciencias.com\/en\/wp-json\/wp\/v2\/comments?post=9688"}],"version-history":[{"count":0,"href":"https:\/\/3ciencias.com\/en\/wp-json\/wp\/v2\/pages\/9688\/revisions"}],"wp:attachment":[{"href":"https:\/\/3ciencias.com\/en\/wp-json\/wp\/v2\/media?parent=9688"}],"curies":[{"name":"wp","href":"https:\/\/api.w.org\/{rel}","templated":true}]}}