{"id":9614,"date":"2016-04-13T14:44:21","date_gmt":"2016-04-13T12:44:21","guid":{"rendered":"https:\/\/3ciencias.com\/ma-del-pilar-montijano-cabrera\/"},"modified":"2016-04-13T14:44:21","modified_gmt":"2016-04-13T12:44:21","slug":"ma-del-pilar-montijano-cabrera","status":"publish","type":"page","link":"https:\/\/3ciencias.com\/en\/ma-del-pilar-montijano-cabrera\/","title":{"rendered":"M\u00aa del Pilar Montijano Cabrera"},"content":{"rendered":"<p style=\"text-align: justify;\">Profesora contratada doctora en el Departamento de Did\u00e1ctica de la Lengua y la Literatura de la Universidad de M\u00e1laga. Licenciada en Filolog\u00eda Inglesa y doctorado en Ling\u00fc\u00edstica Aplicada del Ingl\u00e9s.<\/p>\n<p style=\"text-align: justify;\">Diversas publicaciones en revistas cient\u00edficas de car\u00e1cter internacional, as\u00ed como presentaci\u00f3n y ponencias y comunicaciones en diversos congresos y eventos sobre educaci\u00f3n, did\u00e1ctica y docencia, especializadas en lengua y literatura.<\/p>\n<h1 style=\"text-align: justify;\">LIBROS<\/h1>\n<ul style=\"text-align: justify;\">\n<li>2005. Broadening horizons in TEFL: 21st Century Perspectives. Archidona (M\u00e1laga) [Espa\u00f1a] Editorial Aljibe. ISBN: 84-9700-225-3 (edit.)<\/li>\n<li>2005. Los cuentos en Lengua Extranjera: un Universo de aprendizaje para los ni\u00f1os. Servicio de Publicaciones del C.E.P. de Malaga. ISBN: 84-689-0726-X<\/li>\n<li>2001. Claves did\u00e1cticas para la ense\u00f1anza de la Lengua Extranjera. Archidona (M\u00e1laga) [Espa\u00f1a] Editorial Aljibe. ISBN: 84-9700-026-9.<\/li>\n<\/ul>\n<h1 style=\"text-align: justify;\">TRABAJOS Y PROYECTOS DE INVESTIGACI\u00d3N<\/h1>\n<ul style=\"text-align: justify;\">\n<li style=\"text-align: justify;\">2008\/10. Proyecto de investigaci\u00f3n:\u201dDise\u00f1o e implementaci\u00f3n de una herramienta telem\u00e1tica de evaluaci\u00f3n de las competencias profesionales del alumnado de magisterio en el marco del EEES\u201d. Proyecto de Innovaci\u00f3n Educativa para la convergencia en el Espacio Europeo de Educaci\u00f3n Superior financiado por la UMA.<\/li>\n<li style=\"text-align: justify;\">2007\/08. Proyecto de investigaci\u00f3n: \u201cImplantaci\u00f3n y seguimiento de acciones encaminadas a potenciar el desarrollo de destrezas sociales en el contexto del<br \/>\nEEES\u201d. Proyecto de Innovaci\u00f3n Educativa para la convergencia en el Espacio Europeo de Educaci\u00f3n Superior financiado por la UMA.<\/li>\n<li style=\"text-align: justify;\">2006\/07. Proyecto de investigaci\u00f3n: \u201cEl nuevo rol de las destrezas sociales en el marco del EEES\u201d. Proyecto de Innovaci\u00f3n Educativa para la convergencia en el Espacio Europeo de Educaci\u00f3n Superior financiado por la UMA.<\/li>\n<\/ul>\n<h1 style=\"text-align: justify;\">OTROS M\u00c9RITOS<\/h1>\n<ul>\n<li style=\"text-align: justify;\">Estancia de investigaci\u00f3n en Harvard University (2005), en Cambridge, Massachussets (USA), en calidad de Visiting scholar.<\/li>\n<li style=\"text-align: justify;\">Colaboraci\u00f3n en calidad de course consultant para Richmond Publishing. London (England) (2001)<\/li>\n<\/ul>\n","protected":false},"excerpt":{"rendered":"<p>Profesora contratada doctora en el Departamento de Did\u00e1ctica de la Lengua y la Literatura de la Universidad de M\u00e1laga. Licenciada en Filolog\u00eda Inglesa y doctorado en Ling\u00fc\u00edstica Aplicada del Ingl\u00e9s. Diversas publicaciones en revistas cient\u00edficas de car\u00e1cter internacional, as\u00ed como &hellip; <a href=\"https:\/\/3ciencias.com\/en\/ma-del-pilar-montijano-cabrera\/\">leer m\u00e1s <span class=\"meta-nav\">&rarr;<\/span><\/a><\/p>\n","protected":false},"author":2,"featured_media":0,"parent":0,"menu_order":0,"comment_status":"closed","ping_status":"closed","template":"tp-congreso.php","meta":{"_bbp_topic_count":0,"_bbp_reply_count":0,"_bbp_total_topic_count":0,"_bbp_total_reply_count":0,"_bbp_voice_count":0,"_bbp_anonymous_reply_count":0,"_bbp_topic_count_hidden":0,"_bbp_reply_count_hidden":0,"_bbp_forum_subforum_count":0,"_mi_skip_tracking":false,"_monsterinsights_sitenote_active":false,"_monsterinsights_sitenote_note":"","_monsterinsights_sitenote_category":0,"footnotes":""},"acf":[],"_links":{"self":[{"href":"https:\/\/3ciencias.com\/en\/wp-json\/wp\/v2\/pages\/9614"}],"collection":[{"href":"https:\/\/3ciencias.com\/en\/wp-json\/wp\/v2\/pages"}],"about":[{"href":"https:\/\/3ciencias.com\/en\/wp-json\/wp\/v2\/types\/page"}],"author":[{"embeddable":true,"href":"https:\/\/3ciencias.com\/en\/wp-json\/wp\/v2\/users\/2"}],"replies":[{"embeddable":true,"href":"https:\/\/3ciencias.com\/en\/wp-json\/wp\/v2\/comments?post=9614"}],"version-history":[{"count":0,"href":"https:\/\/3ciencias.com\/en\/wp-json\/wp\/v2\/pages\/9614\/revisions"}],"wp:attachment":[{"href":"https:\/\/3ciencias.com\/en\/wp-json\/wp\/v2\/media?parent=9614"}],"curies":[{"name":"wp","href":"https:\/\/api.w.org\/{rel}","templated":true}]}}