{"id":9613,"date":"2016-04-15T08:40:05","date_gmt":"2016-04-15T06:40:05","guid":{"rendered":"https:\/\/3ciencias.com\/julio-ruiz-palmero\/"},"modified":"2016-04-15T08:40:05","modified_gmt":"2016-04-15T06:40:05","slug":"julio-ruiz-palmero","status":"publish","type":"page","link":"https:\/\/3ciencias.com\/en\/julio-ruiz-palmero\/","title":{"rendered":"Julio Ruiz-Palmero"},"content":{"rendered":"<p style=\"text-align: justify;\">Doctor en Tecnolog\u00eda Educativa por la Universidad de M\u00e1laga (Premio Extraordinario de Doctorado), Master en Nuevas Tecnolog\u00edas Aplicadas a la educaci\u00f3n, Experto Universitario en Entonos Virtuales de Formaci\u00f3n y Licenciado en Matem\u00e1ticas. Profesor Titular de la Universidad de M\u00e1laga, es miembro del Grupo de Investigaci\u00f3n InnoEduca (SEJ 533), de EDUTEC (Asociaci\u00f3n para el desarrollo de la Tecnolog\u00eda Educativa y de las Nuevas Tecnolog\u00edas aplicadas a la educaci\u00f3n) y de RUTE.<\/p>\n<p style=\"text-align: justify;\">Director de diferentes T\u00edtulos Propias de la Universidad de M\u00e1laga relacionados con la implementaci\u00f3n de las TIC en la docencia. Pertenece a Comit\u00e9s Cient\u00edficos y es revisor de diferentes revistas cient\u00edficas especializadas en Tecnolog\u00eda Educativa de \u00e1mbito nacional e internacional y ha presidido el Comit\u00e9 Organizador de diferentes eventos cient\u00edficos de car\u00e1cter internacional. Evaluador de la Agencia Nacional de Evaluaci\u00f3n y Prospectiva (ANEP) del Ministerio de Ciencia e Innovaci\u00f3n.<\/p>\n<p style=\"text-align: justify;\">Director Acad\u00e9mico de la C\u00e1tedra Acci\u00f3nlearning de Tecnolog\u00eda Educativa de Universidad de M\u00e1laga, entre curos fines se encuentra la investigaci\u00f3n, formaci\u00f3n, informaci\u00f3n y difusi\u00f3n de procesos de innovaci\u00f3n educativa y del impacto de las TIC en la educaci\u00f3n, en particular y de la sociedad en general.<\/p>\n<p style=\"text-align: justify;\">En el campo de la investigaci\u00f3n ha participado en proyectos de distinto \u00e1mbito (iberoamericano, nacional, regional y local) y convocatorias diferentes. Fruto de dichos trabajos y colaboraciones ha realizado estancias de investigaci\u00f3n a nivel nacional e internacional, siendo miembro fundador y coordinador de la Red de Tecnolog\u00eda Educativa e Innovaci\u00f3n Iberoamericana (RETEIB).<\/p>\n<p style=\"text-align: justify;\">Como resultado de estos trabajos y transferencia de conocimiento, posee m\u00e1s de una treintena de publicaciones en editoriales de prestigio (s\u00edntesis, Narcea, Horsori, Pir\u00e1mide, Aljibe, MAD-Eduforma\u2026). Del mismo modo, ha publicado numerosos art\u00edculos en revistas de m\u00e1xima difusi\u00f3n e impacto, indexadas en las mejores bases de datos nacionales e internacionales (JCR, SSCI; SCOPUS\u2026)<\/p>\n<p style=\"text-align: justify;\">La proyecci\u00f3n internacional descrita previamente, ha permitido impartir ponencias invitadas a Congresos nacionales e internacionales de m\u00e1ximo prestigio y en diferentes pa\u00edses.<\/p>\n","protected":false},"excerpt":{"rendered":"<p>Doctor en Tecnolog\u00eda Educativa por la Universidad de M\u00e1laga (Premio Extraordinario de Doctorado), Master en Nuevas Tecnolog\u00edas Aplicadas a la educaci\u00f3n, Experto Universitario en Entonos Virtuales de Formaci\u00f3n y Licenciado en Matem\u00e1ticas. Profesor Titular de la Universidad de M\u00e1laga, es &hellip; <a href=\"https:\/\/3ciencias.com\/en\/julio-ruiz-palmero\/\">leer m\u00e1s <span class=\"meta-nav\">&rarr;<\/span><\/a><\/p>\n","protected":false},"author":2,"featured_media":0,"parent":0,"menu_order":0,"comment_status":"closed","ping_status":"closed","template":"tp-congreso.php","meta":{"_bbp_topic_count":0,"_bbp_reply_count":0,"_bbp_total_topic_count":0,"_bbp_total_reply_count":0,"_bbp_voice_count":0,"_bbp_anonymous_reply_count":0,"_bbp_topic_count_hidden":0,"_bbp_reply_count_hidden":0,"_bbp_forum_subforum_count":0,"_mi_skip_tracking":false,"_monsterinsights_sitenote_active":false,"_monsterinsights_sitenote_note":"","_monsterinsights_sitenote_category":0,"footnotes":""},"acf":[],"_links":{"self":[{"href":"https:\/\/3ciencias.com\/en\/wp-json\/wp\/v2\/pages\/9613"}],"collection":[{"href":"https:\/\/3ciencias.com\/en\/wp-json\/wp\/v2\/pages"}],"about":[{"href":"https:\/\/3ciencias.com\/en\/wp-json\/wp\/v2\/types\/page"}],"author":[{"embeddable":true,"href":"https:\/\/3ciencias.com\/en\/wp-json\/wp\/v2\/users\/2"}],"replies":[{"embeddable":true,"href":"https:\/\/3ciencias.com\/en\/wp-json\/wp\/v2\/comments?post=9613"}],"version-history":[{"count":0,"href":"https:\/\/3ciencias.com\/en\/wp-json\/wp\/v2\/pages\/9613\/revisions"}],"wp:attachment":[{"href":"https:\/\/3ciencias.com\/en\/wp-json\/wp\/v2\/media?parent=9613"}],"curies":[{"name":"wp","href":"https:\/\/api.w.org\/{rel}","templated":true}]}}