{"id":9612,"date":"2016-04-15T12:56:26","date_gmt":"2016-04-15T10:56:26","guid":{"rendered":"https:\/\/3ciencias.com\/jose-sanchez-rodriguez\/"},"modified":"2016-04-15T12:56:26","modified_gmt":"2016-04-15T10:56:26","slug":"jose-sanchez-rodriguez","status":"publish","type":"page","link":"https:\/\/3ciencias.com\/en\/i-congreso-internacional-online-del-empleo-de-las-tic-en-la-sociedad-la-educacion-y-la-empresa\/jose-sanchez-rodriguez\/","title":{"rendered":"Jos\u00e9 S\u00e1nchez Rodr\u00edguez"},"content":{"rendered":"<p style=\"text-align: justify;\">Diplomado en Magisterio, Licenciado en Pedagog\u00eda y Doctor en Ciencias de la Educaci\u00f3n por la Universidad de M\u00e1laga. Presenta una gran experiencia como docente en diversos Centros de Educaci\u00f3n y Primaria. En la actualidad desarrolla su labor docente e investigadora como profesor Titular de Universidad en el Dpto. de Did\u00e1ctica y Organizaci\u00f3n Escolar de la Universidad de M\u00e1laga.<\/p>\n<p style=\"text-align: justify;\">Presenta m\u00e1s de 28 art\u00edculos publicados en revistas de impacto, 28 cap\u00edtulos de libro publicados en editoriales de impacto, 37 libros (como autor, coautor o coordinador), 50 ponencias y\/o comunicaciones presentadas en Congresos Internacionales, valoraci\u00f3n positiva de un sexenio de investigaci\u00f3n CNEAI, 10 participaciones en tribunales de oposici\u00f3n de Primaria y tribunales de tesis doctorales, participaci\u00f3n en proyectos de I+D+I a nivel internacional y 8 tesis doctorales dirigidas.<\/p>\n","protected":false},"excerpt":{"rendered":"<p>Diplomado en Magisterio, Licenciado en Pedagog\u00eda y Doctor en Ciencias de la Educaci\u00f3n por la Universidad de M\u00e1laga. Presenta una gran experiencia como docente en diversos Centros de Educaci\u00f3n y Primaria. En la actualidad desarrolla su labor docente e investigadora &hellip; <a href=\"https:\/\/3ciencias.com\/en\/i-congreso-internacional-online-del-empleo-de-las-tic-en-la-sociedad-la-educacion-y-la-empresa\/jose-sanchez-rodriguez\/\">leer m\u00e1s <span class=\"meta-nav\">&rarr;<\/span><\/a><\/p>\n","protected":false},"author":2,"featured_media":0,"parent":9733,"menu_order":0,"comment_status":"closed","ping_status":"closed","template":"tp-congreso.php","meta":{"_bbp_topic_count":0,"_bbp_reply_count":0,"_bbp_total_topic_count":0,"_bbp_total_reply_count":0,"_bbp_voice_count":0,"_bbp_anonymous_reply_count":0,"_bbp_topic_count_hidden":0,"_bbp_reply_count_hidden":0,"_bbp_forum_subforum_count":0,"_mi_skip_tracking":false,"_monsterinsights_sitenote_active":false,"_monsterinsights_sitenote_note":"","_monsterinsights_sitenote_category":0,"footnotes":""},"acf":[],"_links":{"self":[{"href":"https:\/\/3ciencias.com\/en\/wp-json\/wp\/v2\/pages\/9612"}],"collection":[{"href":"https:\/\/3ciencias.com\/en\/wp-json\/wp\/v2\/pages"}],"about":[{"href":"https:\/\/3ciencias.com\/en\/wp-json\/wp\/v2\/types\/page"}],"author":[{"embeddable":true,"href":"https:\/\/3ciencias.com\/en\/wp-json\/wp\/v2\/users\/2"}],"replies":[{"embeddable":true,"href":"https:\/\/3ciencias.com\/en\/wp-json\/wp\/v2\/comments?post=9612"}],"version-history":[{"count":0,"href":"https:\/\/3ciencias.com\/en\/wp-json\/wp\/v2\/pages\/9612\/revisions"}],"up":[{"embeddable":true,"href":"https:\/\/3ciencias.com\/en\/wp-json\/wp\/v2\/pages\/9733"}],"wp:attachment":[{"href":"https:\/\/3ciencias.com\/en\/wp-json\/wp\/v2\/media?parent=9612"}],"curies":[{"name":"wp","href":"https:\/\/api.w.org\/{rel}","templated":true}]}}