{"id":9605,"date":"2016-05-20T12:42:00","date_gmt":"2016-05-20T10:42:00","guid":{"rendered":"https:\/\/3ciencias.com\/i-congreso-internacional-online-del-uso-las-tic-la-sociedad-la-educacion-la-empresa\/comunicaciones\/uso-las-tic-la-empresa\/app-vs-papel-soporte-usuario-efecto-las-tics-la-adherencia-tratamiento-fisioterapia\/"},"modified":"2016-05-20T12:42:00","modified_gmt":"2016-05-20T10:42:00","slug":"app-vs-papel-soporte-usuario-efecto-las-tics-la-adherencia-tratamiento-fisioterapia","status":"publish","type":"page","link":"https:\/\/3ciencias.com\/en\/i-congreso-internacional-online-del-empleo-de-las-tic-en-la-sociedad-la-educacion-y-la-empresa\/i-congreso-internacional-online-del-uso-las-tic-la-sociedad-la-educacion-la-empresa\/comunicaciones\/uso-las-tic-la-empresa\/app-vs-papel-soporte-usuario-efecto-las-tics-la-adherencia-tratamiento-fisioterapia\/","title":{"rendered":"APP vs papel como soporte para el usuario. Efecto de las TICs en la adherencia a un tratamiento de fisioterapia"},"content":{"rendered":"<p style=\"text-align: justify;\">Existen datos que ponen de manifiesto que el porcentaje de incumplimiento de las pautas de ejercicio f\u00edsico entre los pacientes con alteraciones neurol\u00f3gicas se sit\u00faa en el 50%. La falta de cumplimiento influye negativamente en el pron\u00f3stico de la enfermedad. La falta de implicaci\u00f3n viene determinada por la escasa de motivaci\u00f3n de los usuarios. El objetivo del presente trabajo es el determinar que\u0301 formato de presentaci\u00f3n de rutina de tratamiento: papel o App, favorece la adherencia al mismo.<\/p>\n<p style=\"text-align: right;\"><strong>A\u0301ngel Esparcia Jime\u0301nez<\/strong><br \/>\nLicenciado en Ciencias de la actividad fi\u0301sica y el deporte y Graduado en Fisioterapia por la Universidad de Valencia, Fisioterapeuta en el Instituto Valenciano de Recuperacio\u0301n Deportiva. E- Mail: angel.esparcia@gmail.com<\/p>\n<p style=\"text-align: right;\"><strong>Francesc Inza Pla<\/strong><br \/>\nIngeniero Te\u0301cnico Industrial esp. Electro\u0301nica Industrial por la Universidad Polite\u0301cnica de Valencia, desarrollador web freelance y desarrollador front-end en Tuvalum Sports. Valencia. Espan\u0303a. E-mail: francesc.inza@gmail.com<\/p>\n<p style=\"text-align: right;\"><strong>Sara Corte\u0301s-Amador<\/strong><br \/>\nDra. en Fisioterapia, Profesora Asociada, departamento de Fisioterapia, Universidad de Valencia y Co- Fundadora de Fundacio\u0301n ACAVALL. E-Mail: sara.cortes@uv.es<\/p>\n<p style=\"text-align: right;\"><strong>Nu\u0301rian Sempere-Rubio<\/strong><br \/>\nProfesora Asociada, departamento de Fisioterapia, Universidad de Valencia y fisioterapeuta en la Cli\u0301nica Fisioterapia Maritim, Lirios Duen\u0303as. E-Mail: nuria.sempere@uv.es<\/p>\n<p><iframe loading=\"lazy\" width=\"584\" height=\"329\" src=\"https:\/\/www.youtube.com\/embed\/2HcoAFx6YPo?feature=oembed\" frameborder=\"0\" allowfullscreen><\/iframe><\/p>\n","protected":false},"excerpt":{"rendered":"<p>Existen datos que ponen de manifiesto que el porcentaje de incumplimiento de las pautas de ejercicio f\u00edsico entre los pacientes con alteraciones neurol\u00f3gicas se sit\u00faa en el 50%. La falta de cumplimiento influye negativamente en el pron\u00f3stico de la enfermedad. &hellip; <a href=\"https:\/\/3ciencias.com\/en\/i-congreso-internacional-online-del-empleo-de-las-tic-en-la-sociedad-la-educacion-y-la-empresa\/i-congreso-internacional-online-del-uso-las-tic-la-sociedad-la-educacion-la-empresa\/comunicaciones\/uso-las-tic-la-empresa\/app-vs-papel-soporte-usuario-efecto-las-tics-la-adherencia-tratamiento-fisioterapia\/\">leer m\u00e1s <span class=\"meta-nav\">&rarr;<\/span><\/a><\/p>\n","protected":false},"author":2,"featured_media":0,"parent":9602,"menu_order":0,"comment_status":"open","ping_status":"closed","template":"tp-congreso.php","meta":{"_bbp_topic_count":0,"_bbp_reply_count":0,"_bbp_total_topic_count":0,"_bbp_total_reply_count":0,"_bbp_voice_count":0,"_bbp_anonymous_reply_count":0,"_bbp_topic_count_hidden":0,"_bbp_reply_count_hidden":0,"_bbp_forum_subforum_count":0,"_mi_skip_tracking":false,"_monsterinsights_sitenote_active":false,"_monsterinsights_sitenote_note":"","_monsterinsights_sitenote_category":0,"footnotes":""},"acf":[],"_links":{"self":[{"href":"https:\/\/3ciencias.com\/en\/wp-json\/wp\/v2\/pages\/9605"}],"collection":[{"href":"https:\/\/3ciencias.com\/en\/wp-json\/wp\/v2\/pages"}],"about":[{"href":"https:\/\/3ciencias.com\/en\/wp-json\/wp\/v2\/types\/page"}],"author":[{"embeddable":true,"href":"https:\/\/3ciencias.com\/en\/wp-json\/wp\/v2\/users\/2"}],"replies":[{"embeddable":true,"href":"https:\/\/3ciencias.com\/en\/wp-json\/wp\/v2\/comments?post=9605"}],"version-history":[{"count":0,"href":"https:\/\/3ciencias.com\/en\/wp-json\/wp\/v2\/pages\/9605\/revisions"}],"up":[{"embeddable":true,"href":"https:\/\/3ciencias.com\/en\/wp-json\/wp\/v2\/pages\/9602"}],"wp:attachment":[{"href":"https:\/\/3ciencias.com\/en\/wp-json\/wp\/v2\/media?parent=9605"}],"curies":[{"name":"wp","href":"https:\/\/api.w.org\/{rel}","templated":true}]}}