{"id":9603,"date":"2016-05-20T14:33:02","date_gmt":"2016-05-20T12:33:02","guid":{"rendered":"https:\/\/3ciencias.com\/uso-las-tic-la-educacion\/"},"modified":"2016-05-20T14:33:02","modified_gmt":"2016-05-20T12:33:02","slug":"uso-las-tic-la-educacion","status":"publish","type":"page","link":"https:\/\/3ciencias.com\/en\/i-congreso-internacional-online-del-empleo-de-las-tic-en-la-sociedad-la-educacion-y-la-empresa\/i-congreso-internacional-online-del-uso-las-tic-la-sociedad-la-educacion-la-empresa\/comunicaciones\/uso-las-tic-la-educacion\/","title":{"rendered":"El Uso de las TIC en la educaci\u00f3n"},"content":{"rendered":"<p><img decoding=\"async\" loading=\"lazy\" class=\"aligncenter size-medium wp-image-6488\" src=\"https:\/\/3ciencias.com\/wp-content\/uploads\/2016\/05\/Banner-educaci\u00f3n-copia-300x118.jpg\" alt=\"TIC en educaci\u00f3n\" width=\"300\" height=\"118\" \/><\/p>\n<ul>\n<li><a href=\"https:\/\/3ciencias.com\/en\/e-learning-en-la-universidad-corporativa-la-pedagogia-como-eje-de-las-actividades-de-moodle\/\">E-Learning en la universidad corporativa: la pedagog\u00eda como eje de las actividades de Moodle<\/a><\/li>\n<li><a href=\"https:\/\/3ciencias.com\/en\/publicacion-de-datos-enlazados-para-el-ambito-de-los-trabajos-de-titulacion-universitarios\/\">Publicaci\u00f3n de datos enlazados para el \u00e1mbito de los trabajos de titulaci\u00f3n universitarios<\/a><\/li>\n<li><a href=\"https:\/\/3ciencias.com\/en\/m-learning-para-el-enriquecimiento-de-procesos-comunicativos-con-un-nino-con-trastorno-del-espectro-autista\/\">M-Learning para el enriquecimiento de procesos comunicativos con un ni\u00f1o con trastorno del espectro autista<\/a><\/li>\n<li><a href=\"https:\/\/3ciencias.com\/en\/ict-based-implementation-of-ergonomics-standards-in-orthopaedic-surgery-the-perspectives-and-the-role-of-train4orthomis-online-course\/\">ICT based implementation of ergonomics standards in orthopaedic surgery. The perspectives and the role of train4orthomis online course<\/a><\/li>\n<li><a href=\"https:\/\/3ciencias.com\/en\/autoevaluacion-de-la-competencia-digital-de-los-futuros-profesionales-de-educacion-social\/\">Autoevaluaci\u00f3n de la competencia digital de los futuros profesionales de educaci\u00f3n social<\/a><\/li>\n<li><a href=\"https:\/\/3ciencias.com\/en\/implementacion-de-tecnicas-de-la-produccion-audiovisual-profesional-en-la-practica-prosumidora-destinada-a-la-docencia\/\">Implementaci\u00f3n de t\u00e9cnicas de la producci\u00f3n audiovisual profesional en la pr\u00e1ctica prosumidora destinada a la docencia<\/a><\/li>\n<li><a href=\"https:\/\/3ciencias.com\/en\/valoracion-del-impacto-de-la-maestria-en-informatica-aplicada-en-la-provincia-de-ciego-de-avila-cuba\/\">Valoraci\u00f3n del impacto de la maestr\u00eda en inform\u00e1tica aplicada en la provincia de Ciego de \u00c1vila, Cuba<\/a><\/li>\n<li><a href=\"https:\/\/3ciencias.com\/en\/implantacion-del-modelo-the-flipped-classroom-en-el-segundo-ciclo-de-secundaria-matematicas-y-ciencias\/\">Implantaci\u00f3n del modelo The flipped classroom en el segundo ciclo de secundaria (matem\u00e1ticas y ciencias)<\/a><\/li>\n<li><a href=\"https:\/\/3ciencias.com\/en\/la-interactividad-y-dinamizacion-en-el-aula-mediante-la-implantacion-del-diseno-de-casos-practicos-juridicos-basados-en-series-de-animacion\/\">La interactividad y dinamizaci\u00f3n en el aula mediante la implantaci\u00f3n del dise\u00f1o de casos pr\u00e1cticos jur\u00eddicos basados en series de animaci\u00f3n<\/a><\/li>\n<li><a href=\"https:\/\/3ciencias.com\/en\/uso-de-material-audiovisual-cinematografico-como-metodo-de-innovacion-docente\/\">Uso de material audiovisual cinematogr\u00e1fico como m\u00e9todo de innovaci\u00f3n docente<\/a><\/li>\n<li><a href=\"https:\/\/3ciencias.com\/en\/los-usos-de-la-tecnologia-digital-e-implicaciones-para-su-escolarizacion-en-los-estudiantes-de-secundaria-en-el-estado-de-durango-mexico\/\">Los usos de la tecnolog\u00eda digital e implicaciones para su escolarizaci\u00f3n en los estudiantes de secundaria en el estado de Durango, M\u00e9xico<\/a><\/li>\n<li><a href=\"https:\/\/3ciencias.com\/en\/propuesta-academico-organizacional-para-un-centro-de-educacion-continua-virtual-en-una-ies-ecuatoriana\/\">Propuesta acad\u00e9mico \u2013 organizacional para un centro de educaci\u00f3n continua virtual en una IES Ecuatoriana<\/a><\/li>\n<li><a href=\"https:\/\/3ciencias.com\/en\/la-integracion-tecnologica-en-el-aula-significaciones-desde-estudiantes-de-educacion-secundaria\/\">La integraci\u00f3n tecnol\u00f3gica en el aula, significaciones desde estudiantes de educaci\u00f3n secundaria<\/a><\/li>\n<li><a href=\"https:\/\/3ciencias.com\/en\/los-medios-audiovisuales-las-tic-aula-1oeso\/\">Los medios audiovisuales y las tic en el aula de 1\u00baESO<\/a><\/li>\n<li><a href=\"https:\/\/3ciencias.com\/en\/diseno-una-unidad-didactica-6o-educacion-primaria-torno-la-publicidad\/\">Dise\u00f1o de una unidad did\u00e1ctica para 6\u00ba de educaci\u00f3n primaria en torno a la publicidad<\/a><\/li>\n<li><a href=\"https:\/\/3ciencias.com\/en\/mooc-patrocinio-deportivo-innovacion-e-impacto\/\">MOOC en Patrocinio Deportivo: Innovaci\u00f3n e Impacto<\/a><\/li>\n<li><a href=\"https:\/\/3ciencias.com\/en\/uso-las-tic-la-formacion-smart-meters-los-jefes-obra-edificacion-proyecto-europeo\/\">El uso de las TIC para la formaci\u00f3n en Smart Meters a los jefes de obra de edificaci\u00f3n. Un proyecto europeo<\/a><\/li>\n<li><a href=\"https:\/\/3ciencias.com\/en\/innovando-en-el-aprendizaje-de-idiomas-con-las-tic-e-pel-portfolio-europeo-de-las-lenguas-electronico\/\">Innovando en el aprendizaje de idiomas con las TIC: E-PEL (portfolio europeo de las lenguas electr\u00f3nico)<\/a><\/li>\n<li><a href=\"https:\/\/3ciencias.com\/en\/empleo-tecnicas-neuromarketing-analisis-la-mejora-la-eficiencia-la-docencia-aula\/\">Empleo de t\u00e9cnicas de neuromarketing para el an\u00e1lisis de la mejora de la eficiencia en la docencia en el aula<\/a><\/li>\n<li><a href=\"https:\/\/3ciencias.com\/en\/la-ensenanza-la-quimica-traves-las-tic\/\">La ense\u00f1anza de la qu\u00edmica a trav\u00e9s de las TIC<\/a><\/li>\n<\/ul>\n","protected":false},"excerpt":{"rendered":"<p>E-Learning en la universidad corporativa: la pedagog\u00eda como eje de las actividades de Moodle Publicaci\u00f3n de datos enlazados para el \u00e1mbito de los trabajos de titulaci\u00f3n universitarios M-Learning para el enriquecimiento de procesos comunicativos con un ni\u00f1o con trastorno del &hellip; <a href=\"https:\/\/3ciencias.com\/en\/i-congreso-internacional-online-del-empleo-de-las-tic-en-la-sociedad-la-educacion-y-la-empresa\/i-congreso-internacional-online-del-uso-las-tic-la-sociedad-la-educacion-la-empresa\/comunicaciones\/uso-las-tic-la-educacion\/\">leer m\u00e1s <span class=\"meta-nav\">&rarr;<\/span><\/a><\/p>\n","protected":false},"author":2,"featured_media":0,"parent":9604,"menu_order":0,"comment_status":"closed","ping_status":"closed","template":"tp-congreso.php","meta":{"_bbp_topic_count":0,"_bbp_reply_count":0,"_bbp_total_topic_count":0,"_bbp_total_reply_count":0,"_bbp_voice_count":0,"_bbp_anonymous_reply_count":0,"_bbp_topic_count_hidden":0,"_bbp_reply_count_hidden":0,"_bbp_forum_subforum_count":0,"_mi_skip_tracking":false,"_monsterinsights_sitenote_active":false,"_monsterinsights_sitenote_note":"","_monsterinsights_sitenote_category":0,"footnotes":""},"acf":[],"_links":{"self":[{"href":"https:\/\/3ciencias.com\/en\/wp-json\/wp\/v2\/pages\/9603"}],"collection":[{"href":"https:\/\/3ciencias.com\/en\/wp-json\/wp\/v2\/pages"}],"about":[{"href":"https:\/\/3ciencias.com\/en\/wp-json\/wp\/v2\/types\/page"}],"author":[{"embeddable":true,"href":"https:\/\/3ciencias.com\/en\/wp-json\/wp\/v2\/users\/2"}],"replies":[{"embeddable":true,"href":"https:\/\/3ciencias.com\/en\/wp-json\/wp\/v2\/comments?post=9603"}],"version-history":[{"count":0,"href":"https:\/\/3ciencias.com\/en\/wp-json\/wp\/v2\/pages\/9603\/revisions"}],"up":[{"embeddable":true,"href":"https:\/\/3ciencias.com\/en\/wp-json\/wp\/v2\/pages\/9604"}],"wp:attachment":[{"href":"https:\/\/3ciencias.com\/en\/wp-json\/wp\/v2\/media?parent=9603"}],"curies":[{"name":"wp","href":"https:\/\/api.w.org\/{rel}","templated":true}]}}