{"id":9602,"date":"2016-05-20T14:36:45","date_gmt":"2016-05-20T12:36:45","guid":{"rendered":"https:\/\/3ciencias.com\/uso-las-tic-la-empresa\/"},"modified":"2016-05-20T14:36:45","modified_gmt":"2016-05-20T12:36:45","slug":"uso-las-tic-la-empresa","status":"publish","type":"page","link":"https:\/\/3ciencias.com\/en\/i-congreso-internacional-online-del-empleo-de-las-tic-en-la-sociedad-la-educacion-y-la-empresa\/i-congreso-internacional-online-del-uso-las-tic-la-sociedad-la-educacion-la-empresa\/comunicaciones\/uso-las-tic-la-empresa\/","title":{"rendered":"El Uso de las TIC en la empresa"},"content":{"rendered":"<p><img decoding=\"async\" loading=\"lazy\" class=\"aligncenter size-medium wp-image-6492\" src=\"https:\/\/3ciencias.com\/wp-content\/uploads\/2016\/05\/Banner-empresa-copia-300x118.jpg\" alt=\"TIC en la empresa\" width=\"300\" height=\"118\" \/><\/p>\n<ul>\n<li><a href=\"https:\/\/3ciencias.com\/i-congreso-internacional-online-del-uso-las-tic-la-sociedad-la-educacion-la-empresa_active\/app-vs-papel-soporte-usuario-efecto-las-tics-la-adherencia-tratamiento-fisioterapia\/\">APP vs papel como soporte para el usuario. Efecto de las TICs en la adherencia a un tratamiento de fisioterapia<\/a><\/li>\n<li><a href=\"https:\/\/3ciencias.com\/en\/modelos-la-alineacion-estrategica-negocio-las-tic\/\">Modelos para la alineaci\u00f3n estrat\u00e9gica entre el negocio y las TIC<\/a><\/li>\n<li><a href=\"https:\/\/3ciencias.com\/en\/caracterizacion-tecnologias-saas-medio-la-optimizacion-recursos-ti\/\">Caracterizaci\u00f3n de tecnolog\u00edas \u201cSAAS\u201d como medio para la optimizaci\u00f3n de recursos TI<\/a><\/li>\n<li><a href=\"https:\/\/3ciencias.com\/en\/estudio-factibilidad-publicitar-productos-empresariales-codigos-qr\/\">Estudio de factibilidad para publicitar productos empresariales con c\u00f3digos QR<\/a><\/li>\n<li><a href=\"https:\/\/3ciencias.com\/en\/uso-las-metodologias-desarrollo-software-sistemas-informaticos\/\">El uso de las metodolog\u00edas de desarrollo de software para Sistemas Inform\u00e1ticos<\/a><\/li>\n<li><a href=\"https:\/\/3ciencias.com\/en\/estado-del-arte-la-importancia-las-tic-entorno-empresarial-formacion-educativa\/\">Estado del arte de la importancia de las TIC en el entorno empresarial y de formaci\u00f3n educativa<\/a><\/li>\n<\/ul>\n","protected":false},"excerpt":{"rendered":"<p>APP vs papel como soporte para el usuario. Efecto de las TICs en la adherencia a un tratamiento de fisioterapia Modelos para la alineaci\u00f3n estrat\u00e9gica entre el negocio y las TIC Caracterizaci\u00f3n de tecnolog\u00edas \u201cSAAS\u201d como medio para la optimizaci\u00f3n &hellip; <a href=\"https:\/\/3ciencias.com\/en\/i-congreso-internacional-online-del-empleo-de-las-tic-en-la-sociedad-la-educacion-y-la-empresa\/i-congreso-internacional-online-del-uso-las-tic-la-sociedad-la-educacion-la-empresa\/comunicaciones\/uso-las-tic-la-empresa\/\">leer m\u00e1s <span class=\"meta-nav\">&rarr;<\/span><\/a><\/p>\n","protected":false},"author":2,"featured_media":0,"parent":9604,"menu_order":0,"comment_status":"closed","ping_status":"closed","template":"tp-congreso.php","meta":{"_bbp_topic_count":0,"_bbp_reply_count":0,"_bbp_total_topic_count":0,"_bbp_total_reply_count":0,"_bbp_voice_count":0,"_bbp_anonymous_reply_count":0,"_bbp_topic_count_hidden":0,"_bbp_reply_count_hidden":0,"_bbp_forum_subforum_count":0,"_mi_skip_tracking":false,"_monsterinsights_sitenote_active":false,"_monsterinsights_sitenote_note":"","_monsterinsights_sitenote_category":0,"footnotes":""},"acf":[],"_links":{"self":[{"href":"https:\/\/3ciencias.com\/en\/wp-json\/wp\/v2\/pages\/9602"}],"collection":[{"href":"https:\/\/3ciencias.com\/en\/wp-json\/wp\/v2\/pages"}],"about":[{"href":"https:\/\/3ciencias.com\/en\/wp-json\/wp\/v2\/types\/page"}],"author":[{"embeddable":true,"href":"https:\/\/3ciencias.com\/en\/wp-json\/wp\/v2\/users\/2"}],"replies":[{"embeddable":true,"href":"https:\/\/3ciencias.com\/en\/wp-json\/wp\/v2\/comments?post=9602"}],"version-history":[{"count":0,"href":"https:\/\/3ciencias.com\/en\/wp-json\/wp\/v2\/pages\/9602\/revisions"}],"up":[{"embeddable":true,"href":"https:\/\/3ciencias.com\/en\/wp-json\/wp\/v2\/pages\/9604"}],"wp:attachment":[{"href":"https:\/\/3ciencias.com\/en\/wp-json\/wp\/v2\/media?parent=9602"}],"curies":[{"name":"wp","href":"https:\/\/api.w.org\/{rel}","templated":true}]}}