{"id":9601,"date":"2016-05-20T21:09:45","date_gmt":"2016-05-20T19:09:45","guid":{"rendered":"https:\/\/3ciencias.com\/uso-las-tic-la-sociedad\/"},"modified":"2016-05-20T21:09:45","modified_gmt":"2016-05-20T19:09:45","slug":"uso-las-tic-la-sociedad","status":"publish","type":"page","link":"https:\/\/3ciencias.com\/en\/i-congreso-internacional-online-del-empleo-de-las-tic-en-la-sociedad-la-educacion-y-la-empresa\/i-congreso-internacional-online-del-uso-las-tic-la-sociedad-la-educacion-la-empresa\/comunicaciones\/uso-las-tic-la-sociedad\/","title":{"rendered":"El Uso de las TIC en la sociedad"},"content":{"rendered":"<p><img decoding=\"async\" loading=\"lazy\" class=\"aligncenter size-medium wp-image-6493\" src=\"https:\/\/3ciencias.com\/wp-content\/uploads\/2016\/05\/Banner-sociedad-copia-300x118.jpg\" alt=\"TIC en la sociedad\" width=\"300\" height=\"118\" \/><\/p>\n<ul>\n<li><a href=\"https:\/\/3ciencias.com\/en\/implementacion-protocolo-seguridad-servidor-elastix-telefonos-voip\/\">Implementaci\u00f3n de protocolo de seguridad para el servidor Elastix y tel\u00e9fonos de VoiP<\/a><\/li>\n<li><a href=\"https:\/\/3ciencias.com\/en\/desarrollo-mejoras-bienes-consumo-tecnologia-tic-la-infancia-traves-analisis-riesgos-screenrisk\/\">Desarrollo de mejoras en bienes de consumo con tecnolog\u00eda TIC para la infancia a trav\u00e9s de an\u00e1lisis de riesgos-SCREENRISK<\/a><\/li>\n<li><a href=\"https:\/\/3ciencias.com\/en\/relacion-la-actitud-del-personal-enfermeria-uso-las-tecnologias-la-informacion-comunicacion-tics\/\">Relaci\u00f3n entre la actitud del personal de enfermer\u00eda y el uso de las tecnolog\u00edas de la informaci\u00f3n y comunicaci\u00f3n (TIC\u00b4S)<\/a><\/li>\n<\/ul>\n","protected":false},"excerpt":{"rendered":"<p>Implementaci\u00f3n de protocolo de seguridad para el servidor Elastix y tel\u00e9fonos de VoiP Desarrollo de mejoras en bienes de consumo con tecnolog\u00eda TIC para la infancia a trav\u00e9s de an\u00e1lisis de riesgos-SCREENRISK Relaci\u00f3n entre la actitud del personal de enfermer\u00eda &hellip; <a href=\"https:\/\/3ciencias.com\/en\/i-congreso-internacional-online-del-empleo-de-las-tic-en-la-sociedad-la-educacion-y-la-empresa\/i-congreso-internacional-online-del-uso-las-tic-la-sociedad-la-educacion-la-empresa\/comunicaciones\/uso-las-tic-la-sociedad\/\">leer m\u00e1s <span class=\"meta-nav\">&rarr;<\/span><\/a><\/p>\n","protected":false},"author":2,"featured_media":0,"parent":9604,"menu_order":0,"comment_status":"closed","ping_status":"closed","template":"tp-congreso.php","meta":{"_bbp_topic_count":0,"_bbp_reply_count":0,"_bbp_total_topic_count":0,"_bbp_total_reply_count":0,"_bbp_voice_count":0,"_bbp_anonymous_reply_count":0,"_bbp_topic_count_hidden":0,"_bbp_reply_count_hidden":0,"_bbp_forum_subforum_count":0,"_mi_skip_tracking":false,"_monsterinsights_sitenote_active":false,"_monsterinsights_sitenote_note":"","_monsterinsights_sitenote_category":0,"footnotes":""},"acf":[],"_links":{"self":[{"href":"https:\/\/3ciencias.com\/en\/wp-json\/wp\/v2\/pages\/9601"}],"collection":[{"href":"https:\/\/3ciencias.com\/en\/wp-json\/wp\/v2\/pages"}],"about":[{"href":"https:\/\/3ciencias.com\/en\/wp-json\/wp\/v2\/types\/page"}],"author":[{"embeddable":true,"href":"https:\/\/3ciencias.com\/en\/wp-json\/wp\/v2\/users\/2"}],"replies":[{"embeddable":true,"href":"https:\/\/3ciencias.com\/en\/wp-json\/wp\/v2\/comments?post=9601"}],"version-history":[{"count":0,"href":"https:\/\/3ciencias.com\/en\/wp-json\/wp\/v2\/pages\/9601\/revisions"}],"up":[{"embeddable":true,"href":"https:\/\/3ciencias.com\/en\/wp-json\/wp\/v2\/pages\/9604"}],"wp:attachment":[{"href":"https:\/\/3ciencias.com\/en\/wp-json\/wp\/v2\/media?parent=9601"}],"curies":[{"name":"wp","href":"https:\/\/api.w.org\/{rel}","templated":true}]}}