{"id":9600,"date":"2016-05-20T21:20:16","date_gmt":"2016-05-20T19:20:16","guid":{"rendered":"https:\/\/3ciencias.com\/modelos-la-alineacion-estrategica-negocio-las-tic\/"},"modified":"2016-05-20T21:20:16","modified_gmt":"2016-05-20T19:20:16","slug":"modelos-la-alineacion-estrategica-negocio-las-tic","status":"publish","type":"page","link":"https:\/\/3ciencias.com\/en\/i-congreso-internacional-online-del-empleo-de-las-tic-en-la-sociedad-la-educacion-y-la-empresa\/i-congreso-internacional-online-del-uso-las-tic-la-sociedad-la-educacion-la-empresa\/comunicaciones\/uso-las-tic-la-empresa\/modelos-la-alineacion-estrategica-negocio-las-tic\/","title":{"rendered":"Modelos para la alineaci\u00f3n estrat\u00e9gica entre el negocio y las TIC"},"content":{"rendered":"<p style=\"text-align: justify;\">Alineamiento estrat\u00e9gico es una importante t\u00e1ctica para conseguir el valor de negocio a trav\u00e9s de las inversiones en TIC. En este trabajo se presenta diferentes modelos de alineaci\u00f3n estrat\u00e9gica entre las TIC y los objetivos de negocios como tambi\u00e9n los temas relacionados con la arquitectura empresarial.<\/p>\n<p style=\"text-align: justify;\">Se analiza la organizaci\u00f3n de las TIC tanto a nivel corporativo como a nivel interno.<\/p>\n<p style=\"text-align: justify;\">Entre los modelos de alineamiento entre las TIC y las estrategias del negocio se considera: modelo SAM, modelo de Luftman, TOGAF, modelo basado en los resultados y otros.<\/p>\n<p style=\"text-align: justify;\">Se concluye que los modelos juegan un papel muy importante dentro del objetivo de alineamiento estrat\u00e9gico de las TIC con las metas del negocio.<\/p>\n<p style=\"text-align: justify;\">Para la empresa crean el valor no solamente\u00a0 las herramientas inform\u00e1ticas que se seleccionan, sino tambi\u00e9n la forma en que estas se utilizan en la organizaci\u00f3n.<\/p>\n<p style=\"text-align: right;\"><strong>MSc. Mar\u00eda Slusarczyk Antosz<\/strong><br \/>\nFacultad de Administraci\u00f3n de Empresas de la Escuela Superior Polit\u00e9cnica de Chimborazo, Riobamba \u2013 Ecuador. E-Mail: marslusarczyk@yahoo.com<\/p>\n","protected":false},"excerpt":{"rendered":"<p>Alineamiento estrat\u00e9gico es una importante t\u00e1ctica para conseguir el valor de negocio a trav\u00e9s de las inversiones en TIC. En este trabajo se presenta diferentes modelos de alineaci\u00f3n estrat\u00e9gica entre las TIC y los objetivos de negocios como tambi\u00e9n los &hellip; <a href=\"https:\/\/3ciencias.com\/en\/i-congreso-internacional-online-del-empleo-de-las-tic-en-la-sociedad-la-educacion-y-la-empresa\/i-congreso-internacional-online-del-uso-las-tic-la-sociedad-la-educacion-la-empresa\/comunicaciones\/uso-las-tic-la-empresa\/modelos-la-alineacion-estrategica-negocio-las-tic\/\">leer m\u00e1s <span class=\"meta-nav\">&rarr;<\/span><\/a><\/p>\n","protected":false},"author":2,"featured_media":0,"parent":9602,"menu_order":0,"comment_status":"open","ping_status":"closed","template":"tp-congreso.php","meta":{"_bbp_topic_count":0,"_bbp_reply_count":0,"_bbp_total_topic_count":0,"_bbp_total_reply_count":0,"_bbp_voice_count":0,"_bbp_anonymous_reply_count":0,"_bbp_topic_count_hidden":0,"_bbp_reply_count_hidden":0,"_bbp_forum_subforum_count":0,"_mi_skip_tracking":false,"_monsterinsights_sitenote_active":false,"_monsterinsights_sitenote_note":"","_monsterinsights_sitenote_category":0,"footnotes":""},"acf":[],"_links":{"self":[{"href":"https:\/\/3ciencias.com\/en\/wp-json\/wp\/v2\/pages\/9600"}],"collection":[{"href":"https:\/\/3ciencias.com\/en\/wp-json\/wp\/v2\/pages"}],"about":[{"href":"https:\/\/3ciencias.com\/en\/wp-json\/wp\/v2\/types\/page"}],"author":[{"embeddable":true,"href":"https:\/\/3ciencias.com\/en\/wp-json\/wp\/v2\/users\/2"}],"replies":[{"embeddable":true,"href":"https:\/\/3ciencias.com\/en\/wp-json\/wp\/v2\/comments?post=9600"}],"version-history":[{"count":0,"href":"https:\/\/3ciencias.com\/en\/wp-json\/wp\/v2\/pages\/9600\/revisions"}],"up":[{"embeddable":true,"href":"https:\/\/3ciencias.com\/en\/wp-json\/wp\/v2\/pages\/9602"}],"wp:attachment":[{"href":"https:\/\/3ciencias.com\/en\/wp-json\/wp\/v2\/media?parent=9600"}],"curies":[{"name":"wp","href":"https:\/\/api.w.org\/{rel}","templated":true}]}}