{"id":9598,"date":"2016-05-20T21:20:16","date_gmt":"2016-05-20T19:20:16","guid":{"rendered":"https:\/\/3ciencias.com\/la-interactividad-y-dinamizacion-en-el-aula-mediante-la-implantacion-del-diseno-de-casos-practicos-juridicos-basados-en-series-de-animacion\/"},"modified":"2016-05-20T21:20:16","modified_gmt":"2016-05-20T19:20:16","slug":"la-interactividad-y-dinamizacion-en-el-aula-mediante-la-implantacion-del-diseno-de-casos-practicos-juridicos-basados-en-series-de-animacion","status":"publish","type":"page","link":"https:\/\/3ciencias.com\/en\/i-congreso-internacional-online-del-empleo-de-las-tic-en-la-sociedad-la-educacion-y-la-empresa\/i-congreso-internacional-online-del-uso-las-tic-la-sociedad-la-educacion-la-empresa\/comunicaciones\/uso-las-tic-la-educacion\/la-interactividad-y-dinamizacion-en-el-aula-mediante-la-implantacion-del-diseno-de-casos-practicos-juridicos-basados-en-series-de-animacion\/","title":{"rendered":"La interactividad y dinamizaci\u00f3n en el aula mediante la implantaci\u00f3n del dise\u00f1o de casos pr\u00e1cticos jur\u00eddicos basados en series de animaci\u00f3n"},"content":{"rendered":"<p style=\"text-align: justify;\">En el presente trabajo se muestran los resultados de la innovaci\u00f3n docente desarrollado por los miembros del grupo de innovaci\u00f3n docente RETAJUDOCA (Recursos Tecnol\u00f3gicos para el aprendizaje jur\u00eddico, la documentaci\u00f3n y comunicaci\u00f3n audiovisual) tras la concesi\u00f3n del proyecto PIME \u201cUtilizaci\u00f3n de las series de animaci\u00f3n como recurso did\u00e1ctico en la elaboraci\u00f3n de casos\u201d y su aplicaci\u00f3n como herramienta para la interactividad y dinamizaci\u00f3n en la docencia presencial, resultando de especial importancia en titulaciones no t\u00e9cnicas, con la finalidad de conseguir la comprensi\u00f3n del alumno en los conceptos jur\u00eddicos.<\/p>\n<p style=\"text-align: right;\"><strong>Francisca Ram\u00f3n Fern\u00e1ndez<\/strong><br \/>\nLicenciada y Doctora en Derecho. Profesora titular de Universidad de Derecho civil. Miembro del grupo de innovaci\u00f3n docente RETAJUDOCA. Departamento de Urbanismo. Universitat Polit\u00e8cnica de Val\u00e8ncia. Espa\u00f1a. E-mail: frarafer@urb.upv.es<\/p>\n<p style=\"text-align: right;\"><strong>Vicente Cabedo Mallol<\/strong><br \/>\nLicenciado y Doctor en Derecho. Profesora acreditada a titular de Derecho constitucional. Miembro del grupo de innovaci\u00f3n docente RETAJUDOCA. Departamento de Urbanismo. Universitat Polit\u00e8cnica de Val\u00e8ncia. Espa\u00f1a. E-Mail: vicamal@urb.upv.es<\/p>\n<p style=\"text-align: right;\"><strong>Mar\u00eda Emilia Casar Furi\u00f3<\/strong><br \/>\nLicenciada y Doctora en Derecho. Profesora acreditada a titular de Derecho Administrativo Miembro del grupo de innovaci\u00f3n docente RETAJUDOCA. Departamento de Urbanismo. Universitat Polit\u00e8cnica de Val\u00e8ncia. Espa\u00f1a. E-Mail: l: macafu@urb.upv.es<\/p>\n<p style=\"text-align: right;\"><strong>Vicent Gim\u00e9nez Chornet<\/strong><br \/>\nLicenciado y Doctor en Historia. Profesor titular de Universidad de documentaci\u00f3n. Miembro del grupo de innovaci\u00f3n docente RETAJUDOCA. Departamento de Comunicaci\u00f3n Audiovisual, Documentaci\u00f3n e Historia del Arte. Universitat Polit\u00e8cnica de Val\u00e8ncia. Espa\u00f1a. E-mail: vigicho@har.upv.es<\/p>\n<p style=\"text-align: right;\"><strong>Juan Vicente Oltra Guti\u00e9rrez<\/strong><br \/>\nDoctor Ingeniero Inform\u00e1tico. Profesor titular de Escuela Universitaria. Miembro del grupo de innovaci\u00f3n docente RETAJUDOCA. Departamento de Organizaci\u00f3n de Empresa. Universitat Polit\u00e8cnica de Val\u00e8ncia. Espa\u00f1a. E-mail: jvoltra@omp.upv.es<\/p>\n<h1 style=\"text-align: left;\">V\u00eddeo<\/h1>\n<p><iframe loading=\"lazy\" style=\"border: 0px #FFFFFF none;\" src=\"https:\/\/media.upv.es\/player\/embed.html?id=c7d7da60-0619-11e6-b4f0-05cf248a8466\" name=\"Paella Player\" width=\" 540\" height=\"304 \" frameborder=\"0\" marginwidth=\"0px\" marginheight=\"0px\" scrolling=\"no\" allowfullscreen=\"allowfullscreen\"><\/iframe><\/p>\n","protected":false},"excerpt":{"rendered":"<p>En el presente trabajo se muestran los resultados de la innovaci\u00f3n docente desarrollado por los miembros del grupo de innovaci\u00f3n docente RETAJUDOCA (Recursos Tecnol\u00f3gicos para el aprendizaje jur\u00eddico, la documentaci\u00f3n y comunicaci\u00f3n audiovisual) tras la concesi\u00f3n del proyecto PIME \u201cUtilizaci\u00f3n &hellip; <a href=\"https:\/\/3ciencias.com\/en\/i-congreso-internacional-online-del-empleo-de-las-tic-en-la-sociedad-la-educacion-y-la-empresa\/i-congreso-internacional-online-del-uso-las-tic-la-sociedad-la-educacion-la-empresa\/comunicaciones\/uso-las-tic-la-educacion\/la-interactividad-y-dinamizacion-en-el-aula-mediante-la-implantacion-del-diseno-de-casos-practicos-juridicos-basados-en-series-de-animacion\/\">leer m\u00e1s <span class=\"meta-nav\">&rarr;<\/span><\/a><\/p>\n","protected":false},"author":2,"featured_media":0,"parent":9603,"menu_order":0,"comment_status":"open","ping_status":"closed","template":"tp-congreso.php","meta":{"_bbp_topic_count":0,"_bbp_reply_count":0,"_bbp_total_topic_count":0,"_bbp_total_reply_count":0,"_bbp_voice_count":0,"_bbp_anonymous_reply_count":0,"_bbp_topic_count_hidden":0,"_bbp_reply_count_hidden":0,"_bbp_forum_subforum_count":0,"_mi_skip_tracking":false,"_monsterinsights_sitenote_active":false,"_monsterinsights_sitenote_note":"","_monsterinsights_sitenote_category":0,"footnotes":""},"acf":[],"_links":{"self":[{"href":"https:\/\/3ciencias.com\/en\/wp-json\/wp\/v2\/pages\/9598"}],"collection":[{"href":"https:\/\/3ciencias.com\/en\/wp-json\/wp\/v2\/pages"}],"about":[{"href":"https:\/\/3ciencias.com\/en\/wp-json\/wp\/v2\/types\/page"}],"author":[{"embeddable":true,"href":"https:\/\/3ciencias.com\/en\/wp-json\/wp\/v2\/users\/2"}],"replies":[{"embeddable":true,"href":"https:\/\/3ciencias.com\/en\/wp-json\/wp\/v2\/comments?post=9598"}],"version-history":[{"count":0,"href":"https:\/\/3ciencias.com\/en\/wp-json\/wp\/v2\/pages\/9598\/revisions"}],"up":[{"embeddable":true,"href":"https:\/\/3ciencias.com\/en\/wp-json\/wp\/v2\/pages\/9603"}],"wp:attachment":[{"href":"https:\/\/3ciencias.com\/en\/wp-json\/wp\/v2\/media?parent=9598"}],"curies":[{"name":"wp","href":"https:\/\/api.w.org\/{rel}","templated":true}]}}