{"id":9597,"date":"2016-05-20T21:20:17","date_gmt":"2016-05-20T19:20:17","guid":{"rendered":"https:\/\/3ciencias.com\/la-integracion-tecnologica-en-el-aula-significaciones-desde-estudiantes-de-educacion-secundaria\/"},"modified":"2016-05-20T21:20:17","modified_gmt":"2016-05-20T19:20:17","slug":"la-integracion-tecnologica-en-el-aula-significaciones-desde-estudiantes-de-educacion-secundaria","status":"publish","type":"page","link":"https:\/\/3ciencias.com\/en\/i-congreso-internacional-online-del-empleo-de-las-tic-en-la-sociedad-la-educacion-y-la-empresa\/i-congreso-internacional-online-del-uso-las-tic-la-sociedad-la-educacion-la-empresa\/comunicaciones\/uso-las-tic-la-educacion\/la-integracion-tecnologica-en-el-aula-significaciones-desde-estudiantes-de-educacion-secundaria\/","title":{"rendered":"La integraci\u00f3n tecnol\u00f3gica en el aula, significaciones desde estudiantes de educaci\u00f3n secundaria"},"content":{"rendered":"<p style=\"text-align: justify;\">Esta investigaci\u00f3n, la cual es parte de un proyecto m\u00e1s amplio (Fomix, Dgo. 2015\/1\/263099), tuvo como objetivo, destacar las significaciones y atribuciones que los estudiantes de secundaria establecen con relaci\u00f3n a la integraci\u00f3n tecnol\u00f3gica en el aula y los procesos de aprendizaje facilitados por dicha tecnolog\u00eda (Pantoja y Huertas, 2010).<\/p>\n<p style=\"text-align: justify;\">Desde un planteamiento etnogr\u00e1fico, se entrevist\u00f3 a 128 estudiantes, utiliz\u00e1ndose el software Atlas TI 7.5, Los resultados muestran una percepci\u00f3n diagn\u00f3stica de la integraci\u00f3n de la tecnolog\u00eda en el aula, en tres niveles: aprendizaje m\u00f3vil y medios tradicionales, (Figueredo, 2012) aprendizaje m\u00f3vil y tecnolog\u00edas audiovisuales y tecnolog\u00edas audiovisuales y medios tradicionales (Mart\u00ednez y Heredia, 2010).<\/p>\n<p style=\"text-align: right;\"><strong>Miguel Navarro Rodr\u00edguez<\/strong><br \/>\nDr. En Educaci\u00f3n internacional, Universidad Pedag\u00f3gica de Durango, Durango, M\u00e9xico. E-mail: tondoroque@gmail.com<\/p>\n<p style=\"text-align: right;\"><strong>Arturo Guzm\u00e1n Arredondo<\/strong><br \/>\nDr. En Educaci\u00f3n Internacional, Centro de Actualizaci\u00f3n del Magisterio, Durango, Dgo. M\u00e9xico. E-mail: arguzar@prodigy.net.m<\/p>\n<p style=\"text-align: right;\"><strong>Noel Silvestre Garc\u00eda Ar\u00e1mbula<\/strong><br \/>\nMtro. En Desarrollo Educativo, ByCENED, Durango, Dgo. M\u00e9xico. E-mail: galois_79@hotmail.com<\/p>\n","protected":false},"excerpt":{"rendered":"<p>Esta investigaci\u00f3n, la cual es parte de un proyecto m\u00e1s amplio (Fomix, Dgo. 2015\/1\/263099), tuvo como objetivo, destacar las significaciones y atribuciones que los estudiantes de secundaria establecen con relaci\u00f3n a la integraci\u00f3n tecnol\u00f3gica en el aula y los procesos &hellip; <a href=\"https:\/\/3ciencias.com\/en\/i-congreso-internacional-online-del-empleo-de-las-tic-en-la-sociedad-la-educacion-y-la-empresa\/i-congreso-internacional-online-del-uso-las-tic-la-sociedad-la-educacion-la-empresa\/comunicaciones\/uso-las-tic-la-educacion\/la-integracion-tecnologica-en-el-aula-significaciones-desde-estudiantes-de-educacion-secundaria\/\">leer m\u00e1s <span class=\"meta-nav\">&rarr;<\/span><\/a><\/p>\n","protected":false},"author":2,"featured_media":0,"parent":9603,"menu_order":0,"comment_status":"open","ping_status":"closed","template":"tp-congreso.php","meta":{"_bbp_topic_count":0,"_bbp_reply_count":0,"_bbp_total_topic_count":0,"_bbp_total_reply_count":0,"_bbp_voice_count":0,"_bbp_anonymous_reply_count":0,"_bbp_topic_count_hidden":0,"_bbp_reply_count_hidden":0,"_bbp_forum_subforum_count":0,"_mi_skip_tracking":false,"_monsterinsights_sitenote_active":false,"_monsterinsights_sitenote_note":"","_monsterinsights_sitenote_category":0,"footnotes":""},"acf":[],"_links":{"self":[{"href":"https:\/\/3ciencias.com\/en\/wp-json\/wp\/v2\/pages\/9597"}],"collection":[{"href":"https:\/\/3ciencias.com\/en\/wp-json\/wp\/v2\/pages"}],"about":[{"href":"https:\/\/3ciencias.com\/en\/wp-json\/wp\/v2\/types\/page"}],"author":[{"embeddable":true,"href":"https:\/\/3ciencias.com\/en\/wp-json\/wp\/v2\/users\/2"}],"replies":[{"embeddable":true,"href":"https:\/\/3ciencias.com\/en\/wp-json\/wp\/v2\/comments?post=9597"}],"version-history":[{"count":0,"href":"https:\/\/3ciencias.com\/en\/wp-json\/wp\/v2\/pages\/9597\/revisions"}],"up":[{"embeddable":true,"href":"https:\/\/3ciencias.com\/en\/wp-json\/wp\/v2\/pages\/9603"}],"wp:attachment":[{"href":"https:\/\/3ciencias.com\/en\/wp-json\/wp\/v2\/media?parent=9597"}],"curies":[{"name":"wp","href":"https:\/\/api.w.org\/{rel}","templated":true}]}}