{"id":9595,"date":"2016-05-20T21:20:17","date_gmt":"2016-05-20T19:20:17","guid":{"rendered":"https:\/\/3ciencias.com\/los-usos-de-la-tecnologia-digital-e-implicaciones-para-su-escolarizacion-en-los-estudiantes-de-secundaria-en-el-estado-de-durango-mexico\/"},"modified":"2016-05-20T21:20:17","modified_gmt":"2016-05-20T19:20:17","slug":"los-usos-de-la-tecnologia-digital-e-implicaciones-para-su-escolarizacion-en-los-estudiantes-de-secundaria-en-el-estado-de-durango-mexico","status":"publish","type":"page","link":"https:\/\/3ciencias.com\/en\/i-congreso-internacional-online-del-empleo-de-las-tic-en-la-sociedad-la-educacion-y-la-empresa\/i-congreso-internacional-online-del-uso-las-tic-la-sociedad-la-educacion-la-empresa\/comunicaciones\/uso-las-tic-la-educacion\/los-usos-de-la-tecnologia-digital-e-implicaciones-para-su-escolarizacion-en-los-estudiantes-de-secundaria-en-el-estado-de-durango-mexico\/","title":{"rendered":"Los usos de la tecnolog\u00eda digital e implicaciones para su escolarizaci\u00f3n en los estudiantes de secundaria en el estado de Durango, M\u00e9xico"},"content":{"rendered":"<p style=\"text-align: justify;\">Esta investigaci\u00f3n es parte de un estudio m\u00e1s amplio, financiado por el Consejo Nacional de Ciencias y Tecnolog\u00eda de M\u00e9xico (Fomix, Dgo. 2015\/1\/263099), tiene como objetivo describir los usos que los estudiantes de secundaria hacen de los dispositivos digitales y sus implicaciones en su formaci\u00f3n escolar en las asignaturas de ciencias y tecnolog\u00eda (Graner, et al, 2007).<\/p>\n<p style=\"text-align: justify;\">Se emple\u00f3 el m\u00e9todo etnogr\u00e1fico, fueron entrevistados 128 estudiantes, utiliz\u00e1ndose el software Atlas TI 7.5, las categor\u00edas analizadas mostraron el tipo de dispositivo m\u00e1s usado, el proceso de aprendizaje seguido, el lugar de su uso preferente, (Mut y Morey, 2008; Casta\u00f1o, 2016) y las implicaciones de las tecnolog\u00edas digitales empleadas por los estudiantes en sus asignaturas de ciencias y tecnolog\u00eda.<\/p>\n<p style=\"text-align: right;\"><strong>Miguel Navarro Rodr\u00edguez<\/strong><br \/>\nDr. En Educaci\u00f3n internacional, Universidad Pedag\u00f3gica de Durango, Durango, M\u00e9xico. E-mail: tondoroque@gmail.com<\/p>\n<p><strong>Manuel Rocha Fuentes<\/strong><br \/>\nDoctor de Filosof\u00eda en Ciencias F\u00edsico Matem\u00e1ticas, especialidad en Cibern\u00e9tica Matem\u00e1tica, Instituto Tecnol\u00f3gico de Durango, M\u00e9xico. E-mail: dr_rocha_mex@hotmail.com<\/p>\n<p><strong>Autor Cintia Germania Garc\u00eda Ar\u00e1mbula<\/strong><br \/>\nMaestra en Ciencias, Universidad Tecnol\u00f3gica de Durango M\u00e9xico. E-mail: germania.garcia@utd.edu.mx<\/p>\n","protected":false},"excerpt":{"rendered":"<p>Esta investigaci\u00f3n es parte de un estudio m\u00e1s amplio, financiado por el Consejo Nacional de Ciencias y Tecnolog\u00eda de M\u00e9xico (Fomix, Dgo. 2015\/1\/263099), tiene como objetivo describir los usos que los estudiantes de secundaria hacen de los dispositivos digitales y &hellip; <a href=\"https:\/\/3ciencias.com\/en\/i-congreso-internacional-online-del-empleo-de-las-tic-en-la-sociedad-la-educacion-y-la-empresa\/i-congreso-internacional-online-del-uso-las-tic-la-sociedad-la-educacion-la-empresa\/comunicaciones\/uso-las-tic-la-educacion\/los-usos-de-la-tecnologia-digital-e-implicaciones-para-su-escolarizacion-en-los-estudiantes-de-secundaria-en-el-estado-de-durango-mexico\/\">leer m\u00e1s <span class=\"meta-nav\">&rarr;<\/span><\/a><\/p>\n","protected":false},"author":2,"featured_media":0,"parent":9603,"menu_order":0,"comment_status":"open","ping_status":"closed","template":"tp-congreso.php","meta":{"_bbp_topic_count":0,"_bbp_reply_count":0,"_bbp_total_topic_count":0,"_bbp_total_reply_count":0,"_bbp_voice_count":0,"_bbp_anonymous_reply_count":0,"_bbp_topic_count_hidden":0,"_bbp_reply_count_hidden":0,"_bbp_forum_subforum_count":0,"_mi_skip_tracking":false,"_monsterinsights_sitenote_active":false,"_monsterinsights_sitenote_note":"","_monsterinsights_sitenote_category":0,"footnotes":""},"acf":[],"_links":{"self":[{"href":"https:\/\/3ciencias.com\/en\/wp-json\/wp\/v2\/pages\/9595"}],"collection":[{"href":"https:\/\/3ciencias.com\/en\/wp-json\/wp\/v2\/pages"}],"about":[{"href":"https:\/\/3ciencias.com\/en\/wp-json\/wp\/v2\/types\/page"}],"author":[{"embeddable":true,"href":"https:\/\/3ciencias.com\/en\/wp-json\/wp\/v2\/users\/2"}],"replies":[{"embeddable":true,"href":"https:\/\/3ciencias.com\/en\/wp-json\/wp\/v2\/comments?post=9595"}],"version-history":[{"count":0,"href":"https:\/\/3ciencias.com\/en\/wp-json\/wp\/v2\/pages\/9595\/revisions"}],"up":[{"embeddable":true,"href":"https:\/\/3ciencias.com\/en\/wp-json\/wp\/v2\/pages\/9603"}],"wp:attachment":[{"href":"https:\/\/3ciencias.com\/en\/wp-json\/wp\/v2\/media?parent=9595"}],"curies":[{"name":"wp","href":"https:\/\/api.w.org\/{rel}","templated":true}]}}