{"id":9593,"date":"2016-05-20T21:20:17","date_gmt":"2016-05-20T19:20:17","guid":{"rendered":"https:\/\/3ciencias.com\/innovando-en-el-aprendizaje-de-idiomas-con-las-tic-e-pel-portfolio-europeo-de-las-lenguas-electronico\/"},"modified":"2016-05-20T21:20:17","modified_gmt":"2016-05-20T19:20:17","slug":"innovando-en-el-aprendizaje-de-idiomas-con-las-tic-e-pel-portfolio-europeo-de-las-lenguas-electronico","status":"publish","type":"page","link":"https:\/\/3ciencias.com\/en\/i-congreso-internacional-online-del-empleo-de-las-tic-en-la-sociedad-la-educacion-y-la-empresa\/i-congreso-internacional-online-del-uso-las-tic-la-sociedad-la-educacion-la-empresa\/comunicaciones\/uso-las-tic-la-educacion\/innovando-en-el-aprendizaje-de-idiomas-con-las-tic-e-pel-portfolio-europeo-de-las-lenguas-electronico\/","title":{"rendered":"Innovando en el aprendizaje de idiomas con las TIC: E-PEL (portfolio europeo de las lenguas electr\u00f3nico)"},"content":{"rendered":"<p style=\"text-align: justify;\">Las TIC han cambiado nuestra forma de informarnos y de interactuar. Aplicadas a la ense\u00f1anza-aprendizaje de idiomas, son un elemento clave para llevar a la pr\u00e1ctica la filosof\u00eda del Marco Com\u00fan Europeo de Referencia para las Lenguas, que propone un instrumento para llevarlo a la pr\u00e1ctica: el e-PEL (Portfolio Europeo de las Lenguas Electr\u00f3nico). Este art\u00edculo expone desde el punto de vista te\u00f3rico las ventajas de este proyecto europeo, tanto desde el punto de vista did\u00e1ctico como tecnol\u00f3gico.<\/p>\n<p style=\"text-align: right;\"><strong>Mario Jes\u00fas Mira Gim\u00e9nez<\/strong><br \/>\nLicenciado en Traducci\u00f3n e Interpretaci\u00f3n (Ingl\u00e9s) (Universidad de Alicante), M\u00e1ster en Estudios Europeos (Universidad de Leipzig) y\u00a0 Doctorando del programa TIC aplicadas a la Ense\u00f1anza-aprendizaje de Lenguas (UNED). Profesor de alem\u00e1n, coordinador TIC y del e-PEL en la Escuela Oficial de Idiomas de Alicante. Ha impartido cursos de formaci\u00f3n de profesorado sobre las TIC en el CEFIRE de Elda (Alicante). E-Mail: mariojmira@gmail.com<\/p>\n","protected":false},"excerpt":{"rendered":"<p>Las TIC han cambiado nuestra forma de informarnos y de interactuar. Aplicadas a la ense\u00f1anza-aprendizaje de idiomas, son un elemento clave para llevar a la pr\u00e1ctica la filosof\u00eda del Marco Com\u00fan Europeo de Referencia para las Lenguas, que propone un &hellip; <a href=\"https:\/\/3ciencias.com\/en\/i-congreso-internacional-online-del-empleo-de-las-tic-en-la-sociedad-la-educacion-y-la-empresa\/i-congreso-internacional-online-del-uso-las-tic-la-sociedad-la-educacion-la-empresa\/comunicaciones\/uso-las-tic-la-educacion\/innovando-en-el-aprendizaje-de-idiomas-con-las-tic-e-pel-portfolio-europeo-de-las-lenguas-electronico\/\">leer m\u00e1s <span class=\"meta-nav\">&rarr;<\/span><\/a><\/p>\n","protected":false},"author":2,"featured_media":0,"parent":9603,"menu_order":0,"comment_status":"closed","ping_status":"closed","template":"tp-congreso.php","meta":{"_bbp_topic_count":0,"_bbp_reply_count":0,"_bbp_total_topic_count":0,"_bbp_total_reply_count":0,"_bbp_voice_count":0,"_bbp_anonymous_reply_count":0,"_bbp_topic_count_hidden":0,"_bbp_reply_count_hidden":0,"_bbp_forum_subforum_count":0,"_mi_skip_tracking":false,"_monsterinsights_sitenote_active":false,"_monsterinsights_sitenote_note":"","_monsterinsights_sitenote_category":0,"footnotes":""},"acf":[],"_links":{"self":[{"href":"https:\/\/3ciencias.com\/en\/wp-json\/wp\/v2\/pages\/9593"}],"collection":[{"href":"https:\/\/3ciencias.com\/en\/wp-json\/wp\/v2\/pages"}],"about":[{"href":"https:\/\/3ciencias.com\/en\/wp-json\/wp\/v2\/types\/page"}],"author":[{"embeddable":true,"href":"https:\/\/3ciencias.com\/en\/wp-json\/wp\/v2\/users\/2"}],"replies":[{"embeddable":true,"href":"https:\/\/3ciencias.com\/en\/wp-json\/wp\/v2\/comments?post=9593"}],"version-history":[{"count":0,"href":"https:\/\/3ciencias.com\/en\/wp-json\/wp\/v2\/pages\/9593\/revisions"}],"up":[{"embeddable":true,"href":"https:\/\/3ciencias.com\/en\/wp-json\/wp\/v2\/pages\/9603"}],"wp:attachment":[{"href":"https:\/\/3ciencias.com\/en\/wp-json\/wp\/v2\/media?parent=9593"}],"curies":[{"name":"wp","href":"https:\/\/api.w.org\/{rel}","templated":true}]}}