{"id":9592,"date":"2016-05-20T21:20:17","date_gmt":"2016-05-20T19:20:17","guid":{"rendered":"https:\/\/3ciencias.com\/valoracion-del-impacto-de-la-maestria-en-informatica-aplicada-en-la-provincia-de-ciego-de-avila-cuba\/"},"modified":"2016-05-20T21:20:17","modified_gmt":"2016-05-20T19:20:17","slug":"valoracion-del-impacto-de-la-maestria-en-informatica-aplicada-en-la-provincia-de-ciego-de-avila-cuba","status":"publish","type":"page","link":"https:\/\/3ciencias.com\/en\/i-congreso-internacional-online-del-empleo-de-las-tic-en-la-sociedad-la-educacion-y-la-empresa\/i-congreso-internacional-online-del-uso-las-tic-la-sociedad-la-educacion-la-empresa\/comunicaciones\/uso-las-tic-la-educacion\/valoracion-del-impacto-de-la-maestria-en-informatica-aplicada-en-la-provincia-de-ciego-de-avila-cuba\/","title":{"rendered":"Valoraci\u00f3n del impacto de la maestr\u00eda en inform\u00e1tica aplicada en la provincia de Ciego de \u00c1vila, Cuba"},"content":{"rendered":"<p style=\"text-align: justify;\">Las ofertas de formaci\u00f3n acad\u00e9mica constituyen una v\u00eda para garantizar el desarrollo continuo de los egresados universitarios. La evaluaci\u00f3n del impacto de una maestr\u00eda incluye variables en relaci\u00f3n con el programa, los educandos y la sociedad. Es por ello que en este trabajo nos proponemos estudiar la percepci\u00f3n que poseen los graduados de la maestr\u00eda en Inform\u00e1tica Aplicada sobre los aportes que brind\u00f3 en su formaci\u00f3n que representa una de las variables de su impacto. Se aplic\u00f3 cuestionario para obtener informaci\u00f3n sobre la variable percepci\u00f3n de los egresados sobre el aporte de la maestr\u00eda con 4 dimensiones. Los datos se analizaron mediante frecuencias relativas, se determin\u00f3 el \u00edndice de posici\u00f3n y la correlaci\u00f3n elemento escala para cada dimensi\u00f3n y el coeficiente de Cronbach para la confiabilidad. Se elabor\u00f3 una escala para medir el nivel del impacto a partir de dichos estad\u00edgrafos.<\/p>\n<p style=\"text-align: right;\"><strong>Ra\u00fal Fern\u00e1ndez Aedo<\/strong><br \/>\nDoctor en Ciencias. Profesor Titular. Departamento de Gesti\u00f3n de la Informaci\u00f3n y el Conocimiento. Universidad de Ciego de \u00c1vila, MES. Ciego de \u00c1vila. Cuba. E-Mail: aedo@unica.cu<\/p>\n<p><strong>Raciel Yera Toledo<\/strong><br \/>\nDoctor en Ciencias. Profesor Titular. Departamento de Gesti\u00f3n de la Informaci\u00f3n y el Conocimiento. Universidad de Ciego de \u00c1vila, MES. Ciego de \u00c1vila. Cuba. E-Mail: raciely@unica.cu<\/p>\n","protected":false},"excerpt":{"rendered":"<p>Las ofertas de formaci\u00f3n acad\u00e9mica constituyen una v\u00eda para garantizar el desarrollo continuo de los egresados universitarios. La evaluaci\u00f3n del impacto de una maestr\u00eda incluye variables en relaci\u00f3n con el programa, los educandos y la sociedad. Es por ello que &hellip; <a href=\"https:\/\/3ciencias.com\/en\/i-congreso-internacional-online-del-empleo-de-las-tic-en-la-sociedad-la-educacion-y-la-empresa\/i-congreso-internacional-online-del-uso-las-tic-la-sociedad-la-educacion-la-empresa\/comunicaciones\/uso-las-tic-la-educacion\/valoracion-del-impacto-de-la-maestria-en-informatica-aplicada-en-la-provincia-de-ciego-de-avila-cuba\/\">leer m\u00e1s <span class=\"meta-nav\">&rarr;<\/span><\/a><\/p>\n","protected":false},"author":2,"featured_media":0,"parent":9603,"menu_order":0,"comment_status":"open","ping_status":"closed","template":"tp-congreso.php","meta":{"_bbp_topic_count":0,"_bbp_reply_count":0,"_bbp_total_topic_count":0,"_bbp_total_reply_count":0,"_bbp_voice_count":0,"_bbp_anonymous_reply_count":0,"_bbp_topic_count_hidden":0,"_bbp_reply_count_hidden":0,"_bbp_forum_subforum_count":0,"_mi_skip_tracking":false,"_monsterinsights_sitenote_active":false,"_monsterinsights_sitenote_note":"","_monsterinsights_sitenote_category":0,"footnotes":""},"acf":[],"_links":{"self":[{"href":"https:\/\/3ciencias.com\/en\/wp-json\/wp\/v2\/pages\/9592"}],"collection":[{"href":"https:\/\/3ciencias.com\/en\/wp-json\/wp\/v2\/pages"}],"about":[{"href":"https:\/\/3ciencias.com\/en\/wp-json\/wp\/v2\/types\/page"}],"author":[{"embeddable":true,"href":"https:\/\/3ciencias.com\/en\/wp-json\/wp\/v2\/users\/2"}],"replies":[{"embeddable":true,"href":"https:\/\/3ciencias.com\/en\/wp-json\/wp\/v2\/comments?post=9592"}],"version-history":[{"count":0,"href":"https:\/\/3ciencias.com\/en\/wp-json\/wp\/v2\/pages\/9592\/revisions"}],"up":[{"embeddable":true,"href":"https:\/\/3ciencias.com\/en\/wp-json\/wp\/v2\/pages\/9603"}],"wp:attachment":[{"href":"https:\/\/3ciencias.com\/en\/wp-json\/wp\/v2\/media?parent=9592"}],"curies":[{"name":"wp","href":"https:\/\/api.w.org\/{rel}","templated":true}]}}