{"id":9590,"date":"2016-05-20T21:20:18","date_gmt":"2016-05-20T19:20:18","guid":{"rendered":"https:\/\/3ciencias.com\/autoevaluacion-de-la-competencia-digital-de-los-futuros-profesionales-de-educacion-social\/"},"modified":"2016-05-20T21:20:18","modified_gmt":"2016-05-20T19:20:18","slug":"autoevaluacion-de-la-competencia-digital-de-los-futuros-profesionales-de-educacion-social","status":"publish","type":"page","link":"https:\/\/3ciencias.com\/en\/i-congreso-internacional-online-del-empleo-de-las-tic-en-la-sociedad-la-educacion-y-la-empresa\/i-congreso-internacional-online-del-uso-las-tic-la-sociedad-la-educacion-la-empresa\/comunicaciones\/uso-las-tic-la-educacion\/autoevaluacion-de-la-competencia-digital-de-los-futuros-profesionales-de-educacion-social\/","title":{"rendered":"Autoevaluaci\u00f3n de la competencia digital de los futuros profesionales de educaci\u00f3n social"},"content":{"rendered":"<p style=\"text-align: justify;\">El prop\u00f3sito principal de este trabajo es el de realizar una evaluaci\u00f3n sobre el nivel de competencia digital que tienen los estudiantes que inician sus estudios en el grado de Educaci\u00f3n Social. Se ha utilizado una metodolog\u00eda cuantitativa y un cuestionario online como instrumento para la recogida de informaci\u00f3n. Se han realizado an\u00e1lisis descriptivos e inferenciales. Los resultados confirman que los alumnos creen que su e-competencia se podr\u00eda mejorar en el \u00e1mbito del conocimiento.<\/p>\n<p style=\"text-align: right;\"><strong>Sonia Casillas Mart\u00edn<\/strong><br \/>\nProfesora e investigadora del Departamento de Did\u00e1ctica, Organizaci\u00f3n y MIDE. Universidad de Salamanca. Salamanca. Espa\u00f1a. E-Mail: scasillasma@usal.es<\/p>\n<p style=\"text-align: right;\"><strong>Marcos Cabezas Gonz\u00e1lez<\/strong><br \/>\nProfesor e investigador del Departamento de Did\u00e1ctica, Organizaci\u00f3n y MIDE. Universidad de Salamanca. Salamanca. Espa\u00f1a. E-Mail: mcabezasgo@usal.es<\/p>\n","protected":false},"excerpt":{"rendered":"<p>El prop\u00f3sito principal de este trabajo es el de realizar una evaluaci\u00f3n sobre el nivel de competencia digital que tienen los estudiantes que inician sus estudios en el grado de Educaci\u00f3n Social. Se ha utilizado una metodolog\u00eda cuantitativa y un &hellip; <a href=\"https:\/\/3ciencias.com\/en\/i-congreso-internacional-online-del-empleo-de-las-tic-en-la-sociedad-la-educacion-y-la-empresa\/i-congreso-internacional-online-del-uso-las-tic-la-sociedad-la-educacion-la-empresa\/comunicaciones\/uso-las-tic-la-educacion\/autoevaluacion-de-la-competencia-digital-de-los-futuros-profesionales-de-educacion-social\/\">leer m\u00e1s <span class=\"meta-nav\">&rarr;<\/span><\/a><\/p>\n","protected":false},"author":2,"featured_media":0,"parent":9603,"menu_order":0,"comment_status":"open","ping_status":"closed","template":"tp-congreso.php","meta":{"_bbp_topic_count":0,"_bbp_reply_count":0,"_bbp_total_topic_count":0,"_bbp_total_reply_count":0,"_bbp_voice_count":0,"_bbp_anonymous_reply_count":0,"_bbp_topic_count_hidden":0,"_bbp_reply_count_hidden":0,"_bbp_forum_subforum_count":0,"_mi_skip_tracking":false,"_monsterinsights_sitenote_active":false,"_monsterinsights_sitenote_note":"","_monsterinsights_sitenote_category":0,"footnotes":""},"acf":[],"_links":{"self":[{"href":"https:\/\/3ciencias.com\/en\/wp-json\/wp\/v2\/pages\/9590"}],"collection":[{"href":"https:\/\/3ciencias.com\/en\/wp-json\/wp\/v2\/pages"}],"about":[{"href":"https:\/\/3ciencias.com\/en\/wp-json\/wp\/v2\/types\/page"}],"author":[{"embeddable":true,"href":"https:\/\/3ciencias.com\/en\/wp-json\/wp\/v2\/users\/2"}],"replies":[{"embeddable":true,"href":"https:\/\/3ciencias.com\/en\/wp-json\/wp\/v2\/comments?post=9590"}],"version-history":[{"count":0,"href":"https:\/\/3ciencias.com\/en\/wp-json\/wp\/v2\/pages\/9590\/revisions"}],"up":[{"embeddable":true,"href":"https:\/\/3ciencias.com\/en\/wp-json\/wp\/v2\/pages\/9603"}],"wp:attachment":[{"href":"https:\/\/3ciencias.com\/en\/wp-json\/wp\/v2\/media?parent=9590"}],"curies":[{"name":"wp","href":"https:\/\/api.w.org\/{rel}","templated":true}]}}