{"id":9589,"date":"2016-05-20T21:20:18","date_gmt":"2016-05-20T19:20:18","guid":{"rendered":"https:\/\/3ciencias.com\/ict-based-implementation-of-ergonomics-standards-in-orthopaedic-surgery-the-perspectives-and-the-role-of-train4orthomis-online-course\/"},"modified":"2016-05-20T21:20:18","modified_gmt":"2016-05-20T19:20:18","slug":"ict-based-implementation-of-ergonomics-standards-in-orthopaedic-surgery-the-perspectives-and-the-role-of-train4orthomis-online-course","status":"publish","type":"page","link":"https:\/\/3ciencias.com\/en\/i-congreso-internacional-online-del-empleo-de-las-tic-en-la-sociedad-la-educacion-y-la-empresa\/i-congreso-internacional-online-del-uso-las-tic-la-sociedad-la-educacion-la-empresa\/comunicaciones\/uso-las-tic-la-educacion\/ict-based-implementation-of-ergonomics-standards-in-orthopaedic-surgery-the-perspectives-and-the-role-of-train4orthomis-online-course\/","title":{"rendered":"ICT based implementation of ergonomics standards in orthopaedic surgery. The perspectives and the role of Train4orthomis online course"},"content":{"rendered":"<p style=\"text-align: justify;\">The article presents the research outcomes on ICT-related solution for improving working conditions while performing hip and spine orthopaedic surgeries. The need of implementing ergonomics rules to orthopaedist\u2019s practice is substantiated by the survey outcomes conducted among international group of orthopaedic surgeons who indicated the presence of work related musculoskeletal disorders (WMSDs). Additionally they emphasized different factors contributing the mentioned health ailments, among of which the most important are static\/ awkward body postures and repetitive movements.<\/p>\n<p style=\"text-align: justify;\">One of the reasons pointing out the poor ergonomic conditions of health care practitioners is the lack of proper and useful knowledge. Simultaneously they declared to have no trainings related to ergonomics in the last two years. On the other hand surgeons usually have no free time to participate in additional and peri-medical trainings.<\/p>\n<p style=\"text-align: justify;\">In order to overcome these problematic circumstances there is propose an innovative approach to improve ergonomics in orthopaedists practice which is based on international and online training course. This new approach is related to selection and combination of specific features groups: possible short duration of the training; contents focus on practice and based on knowledge visualization; mobile and open access to the training; knowledge verification based on students\u2019 preferences.<\/p>\n<p style=\"text-align: right;\"><strong>J. Bartnicka<\/strong><br \/>\nInstitute of Production Engineering. Silesian University of Technology, Gliwice, Poland. E- mail: joanna.Bartnicka@polsl.pl<\/p>\n<p style=\"text-align: right;\"><strong>A. Piedrabuena, R. Portilla<\/strong><br \/>\nInstituto de Biomec\u00e1nica de Valencia, Valencia, Spain. E- mail: alicia.piedrabuena@ibv.upv.es, raquel.portilla@ibv.upv.es<\/p>\n<p style=\"text-align: right;\"><strong>J.L. Moyano \u2013 Cuevas, J. B. Pagador, F. M. S\u00e1nchez-Margallo<\/strong><br \/>\nJes\u00fas Us\u00f3n Minimally Invasive Surgery Centre, C\u00e1ceres, Spain. E-mail: jmoyano@ccmijesususon.com, jbpagador@ccmijesususon.com, msanchez@ccmijesususon.com<\/p>\n<p style=\"text-align: right;\"><strong>P. Augat<\/strong><br \/>\nInstitute of Biomechanics, Trauma Center Murnau, Germany. E-mail: Biomechanik@bgu-murnau.de<\/p>\n<p style=\"text-align: right;\"><strong>D. Michalak, J. Tokarczyk<\/strong><br \/>\nKOMAG Institute of Mining Technology, Gliwice, Poland. . E-mail: dmichalak@komag.eu, jtokarczyk@komag.eu<\/p>\n","protected":false},"excerpt":{"rendered":"<p>The article presents the research outcomes on ICT-related solution for improving working conditions while performing hip and spine orthopaedic surgeries. The need of implementing ergonomics rules to orthopaedist\u2019s practice is substantiated by the survey outcomes conducted among international group of &hellip; <a href=\"https:\/\/3ciencias.com\/en\/i-congreso-internacional-online-del-empleo-de-las-tic-en-la-sociedad-la-educacion-y-la-empresa\/i-congreso-internacional-online-del-uso-las-tic-la-sociedad-la-educacion-la-empresa\/comunicaciones\/uso-las-tic-la-educacion\/ict-based-implementation-of-ergonomics-standards-in-orthopaedic-surgery-the-perspectives-and-the-role-of-train4orthomis-online-course\/\">leer m\u00e1s <span class=\"meta-nav\">&rarr;<\/span><\/a><\/p>\n","protected":false},"author":2,"featured_media":0,"parent":9603,"menu_order":0,"comment_status":"open","ping_status":"closed","template":"tp-congreso.php","meta":{"_bbp_topic_count":0,"_bbp_reply_count":0,"_bbp_total_topic_count":0,"_bbp_total_reply_count":0,"_bbp_voice_count":0,"_bbp_anonymous_reply_count":0,"_bbp_topic_count_hidden":0,"_bbp_reply_count_hidden":0,"_bbp_forum_subforum_count":0,"_mi_skip_tracking":false,"_monsterinsights_sitenote_active":false,"_monsterinsights_sitenote_note":"","_monsterinsights_sitenote_category":0,"footnotes":""},"acf":[],"_links":{"self":[{"href":"https:\/\/3ciencias.com\/en\/wp-json\/wp\/v2\/pages\/9589"}],"collection":[{"href":"https:\/\/3ciencias.com\/en\/wp-json\/wp\/v2\/pages"}],"about":[{"href":"https:\/\/3ciencias.com\/en\/wp-json\/wp\/v2\/types\/page"}],"author":[{"embeddable":true,"href":"https:\/\/3ciencias.com\/en\/wp-json\/wp\/v2\/users\/2"}],"replies":[{"embeddable":true,"href":"https:\/\/3ciencias.com\/en\/wp-json\/wp\/v2\/comments?post=9589"}],"version-history":[{"count":0,"href":"https:\/\/3ciencias.com\/en\/wp-json\/wp\/v2\/pages\/9589\/revisions"}],"up":[{"embeddable":true,"href":"https:\/\/3ciencias.com\/en\/wp-json\/wp\/v2\/pages\/9603"}],"wp:attachment":[{"href":"https:\/\/3ciencias.com\/en\/wp-json\/wp\/v2\/media?parent=9589"}],"curies":[{"name":"wp","href":"https:\/\/api.w.org\/{rel}","templated":true}]}}