{"id":9588,"date":"2016-05-20T21:20:18","date_gmt":"2016-05-20T19:20:18","guid":{"rendered":"https:\/\/3ciencias.com\/m-learning-para-el-enriquecimiento-de-procesos-comunicativos-con-un-nino-con-trastorno-del-espectro-autista\/"},"modified":"2016-05-20T21:20:18","modified_gmt":"2016-05-20T19:20:18","slug":"m-learning-para-el-enriquecimiento-de-procesos-comunicativos-con-un-nino-con-trastorno-del-espectro-autista","status":"publish","type":"page","link":"https:\/\/3ciencias.com\/en\/i-congreso-internacional-online-del-empleo-de-las-tic-en-la-sociedad-la-educacion-y-la-empresa\/i-congreso-internacional-online-del-uso-las-tic-la-sociedad-la-educacion-la-empresa\/comunicaciones\/uso-las-tic-la-educacion\/m-learning-para-el-enriquecimiento-de-procesos-comunicativos-con-un-nino-con-trastorno-del-espectro-autista\/","title":{"rendered":"M-Learning para el enriquecimiento de procesos comunicativos con un ni\u00f1o con trastorno del espectro autista"},"content":{"rendered":"<p style=\"text-align: justify;\">El estudio de caso que a continuaci\u00f3n presentamos se ha llevado a cabo bajo una metodolog\u00eda de investigaci\u00f3n-acci\u00f3n, en la cual se analiza la influencia de los dispositivos m\u00f3viles en el desarrollo de los procesos comunicativos de un alumno con Trastorno del Espectro Autista. Para ello, se han seleccionado una serie de Apps partiendo de las\u00a0 necesidades educativas del alumno, siendo recursos clave en el dise\u00f1o de actividades educativas. Las principales conclusiones derivadas del estudio muestran la evidencia de una mejor\u00eda en la motivaci\u00f3n e intenci\u00f3n comunicativa del alumno, gracias al desarrollo de actividades educativas con el uso de la tableta y las Apps.<\/p>\n<p style=\"text-align: right;\"><strong>M\u00aa Dolores Jim\u00e9nez Lozano<\/strong><br \/>\nLogopeda y Maestra de Audici\u00f3n y Lenguaje. <a href=\"http:\/\/www.iescastillopuche.net\/ciclos-formativos-de-fp\/3-ciclos-formativos\/\" target=\"_blank\" rel=\"noopener\">IES \u201cCastillo Puche\u201d<\/a>. Yecla (Murcia).Espa\u00f1a. E-Mail:\u00a0 <a href=\"mailto:mariadolores.jimenez3@um.es\">mariadolores.jimenez3@um.es<\/a><\/p>\n<p style=\"text-align: right;\"><strong>Jos\u00e9 Luis Serrano S\u00e1nchez<\/strong><br \/>\nDoctor en Tecnolog\u00eda Educativa. Departamento de de Did\u00e1ctica y Organizaci\u00f3n Escolar. <a href=\"http:\/\/www.um.es\/\" target=\"_blank\" rel=\"noopener\">Universidad de Murcia<\/a>. Espa\u00f1a. E-Mail: jl.serranosanchez@um.es<\/p>\n<p style=\"text-align: right;\"><strong>Fulgencio Rojo Acosta<\/strong><br \/>\nDiplomado en Magisterio de Educaci\u00f3n F\u00edsica. CEIP \u201cJuan Navarro\u201d. La Hoya, Lorca (Murcia). Espa\u00f1a. E-Mail: <a href=\"mailto:penchoroac@gmail.com\">penchoroac@gmail.com<\/a><\/p>\n","protected":false},"excerpt":{"rendered":"<p>El estudio de caso que a continuaci\u00f3n presentamos se ha llevado a cabo bajo una metodolog\u00eda de investigaci\u00f3n-acci\u00f3n, en la cual se analiza la influencia de los dispositivos m\u00f3viles en el desarrollo de los procesos comunicativos de un alumno con &hellip; <a href=\"https:\/\/3ciencias.com\/en\/i-congreso-internacional-online-del-empleo-de-las-tic-en-la-sociedad-la-educacion-y-la-empresa\/i-congreso-internacional-online-del-uso-las-tic-la-sociedad-la-educacion-la-empresa\/comunicaciones\/uso-las-tic-la-educacion\/m-learning-para-el-enriquecimiento-de-procesos-comunicativos-con-un-nino-con-trastorno-del-espectro-autista\/\">leer m\u00e1s <span class=\"meta-nav\">&rarr;<\/span><\/a><\/p>\n","protected":false},"author":2,"featured_media":0,"parent":9603,"menu_order":0,"comment_status":"open","ping_status":"closed","template":"tp-congreso.php","meta":{"_bbp_topic_count":0,"_bbp_reply_count":0,"_bbp_total_topic_count":0,"_bbp_total_reply_count":0,"_bbp_voice_count":0,"_bbp_anonymous_reply_count":0,"_bbp_topic_count_hidden":0,"_bbp_reply_count_hidden":0,"_bbp_forum_subforum_count":0,"_mi_skip_tracking":false,"_monsterinsights_sitenote_active":false,"_monsterinsights_sitenote_note":"","_monsterinsights_sitenote_category":0,"footnotes":""},"acf":[],"_links":{"self":[{"href":"https:\/\/3ciencias.com\/en\/wp-json\/wp\/v2\/pages\/9588"}],"collection":[{"href":"https:\/\/3ciencias.com\/en\/wp-json\/wp\/v2\/pages"}],"about":[{"href":"https:\/\/3ciencias.com\/en\/wp-json\/wp\/v2\/types\/page"}],"author":[{"embeddable":true,"href":"https:\/\/3ciencias.com\/en\/wp-json\/wp\/v2\/users\/2"}],"replies":[{"embeddable":true,"href":"https:\/\/3ciencias.com\/en\/wp-json\/wp\/v2\/comments?post=9588"}],"version-history":[{"count":0,"href":"https:\/\/3ciencias.com\/en\/wp-json\/wp\/v2\/pages\/9588\/revisions"}],"up":[{"embeddable":true,"href":"https:\/\/3ciencias.com\/en\/wp-json\/wp\/v2\/pages\/9603"}],"wp:attachment":[{"href":"https:\/\/3ciencias.com\/en\/wp-json\/wp\/v2\/media?parent=9588"}],"curies":[{"name":"wp","href":"https:\/\/api.w.org\/{rel}","templated":true}]}}