{"id":9587,"date":"2016-05-20T21:20:18","date_gmt":"2016-05-20T19:20:18","guid":{"rendered":"https:\/\/3ciencias.com\/publicacion-de-datos-enlazados-para-el-ambito-de-los-trabajos-de-titulacion-universitarios\/"},"modified":"2016-05-20T21:20:18","modified_gmt":"2016-05-20T19:20:18","slug":"publicacion-de-datos-enlazados-para-el-ambito-de-los-trabajos-de-titulacion-universitarios","status":"publish","type":"page","link":"https:\/\/3ciencias.com\/en\/i-congreso-internacional-online-del-empleo-de-las-tic-en-la-sociedad-la-educacion-y-la-empresa\/i-congreso-internacional-online-del-uso-las-tic-la-sociedad-la-educacion-la-empresa\/comunicaciones\/uso-las-tic-la-educacion\/publicacion-de-datos-enlazados-para-el-ambito-de-los-trabajos-de-titulacion-universitarios\/","title":{"rendered":"Publicaci\u00f3n de datos enlazados para el \u00e1mbito de los trabajos de titulaci\u00f3n universitarios"},"content":{"rendered":"<p style=\"text-align: justify;\">El principio de los datos enlazados (Linked Data) y de ontolog\u00edas para apoyar al proceso de publicaci\u00f3n, b\u00fasqueda de trabajos de investigaci\u00f3n y de titulaci\u00f3n, es el prop\u00f3sito de este art\u00edculo, para ello se implementaron cuatro m\u00f3dulos web que permiten obtener informaci\u00f3n del proceso de publicaci\u00f3n.\u00a0 Se us\u00f3 el lenguaje\u00a0 OWL (Apache Jena) para la construcci\u00f3n de las ontolog\u00edas, la metodolog\u00eda \u201cMethontology\u201d y SPARQL para consultas; los vocabularios (FOAF y Dublin Core), y de virtuoso Open link para generar y almacenar archivos RDF.<\/p>\n<p style=\"text-align: right;\"><strong>Jorge Luis Malla S\u00e1nchez<\/strong><br \/>\nIngeniero en Sistemas. Desarrollador de Software, Universidad Nacional de Loja. Ecuador. E-Mail: jorge.malla@unl.edu.ec<\/p>\n<p style=\"text-align: right;\"><strong>Pablo Fernando Ordo\u00f1ez Ordo\u00f1ez<\/strong><br \/>\nM\u00e1ster Universitario en Ingenier\u00eda del Software para la Web, Docente de la Universidad Nacional de Loja, E-mail: pfordonez@unl.edu.ec<\/p>\n<p style=\"text-align: right;\"><strong>Hern\u00e1n Leonardo Torres Carri\u00f3n<\/strong><br \/>\nIngeniero en Sistemas Inform\u00e1ticos y Computaci\u00f3n, M\u00e1ster en Telem\u00e1tica, Docente, Universidad Nacional de Loja, Ecuador. E-Mail: hltorres@unl.edu.ec<\/p>\n","protected":false},"excerpt":{"rendered":"<p>El principio de los datos enlazados (Linked Data) y de ontolog\u00edas para apoyar al proceso de publicaci\u00f3n, b\u00fasqueda de trabajos de investigaci\u00f3n y de titulaci\u00f3n, es el prop\u00f3sito de este art\u00edculo, para ello se implementaron cuatro m\u00f3dulos web que permiten &hellip; <a href=\"https:\/\/3ciencias.com\/en\/i-congreso-internacional-online-del-empleo-de-las-tic-en-la-sociedad-la-educacion-y-la-empresa\/i-congreso-internacional-online-del-uso-las-tic-la-sociedad-la-educacion-la-empresa\/comunicaciones\/uso-las-tic-la-educacion\/publicacion-de-datos-enlazados-para-el-ambito-de-los-trabajos-de-titulacion-universitarios\/\">leer m\u00e1s <span class=\"meta-nav\">&rarr;<\/span><\/a><\/p>\n","protected":false},"author":2,"featured_media":0,"parent":9603,"menu_order":0,"comment_status":"open","ping_status":"closed","template":"tp-congreso.php","meta":{"_bbp_topic_count":0,"_bbp_reply_count":0,"_bbp_total_topic_count":0,"_bbp_total_reply_count":0,"_bbp_voice_count":0,"_bbp_anonymous_reply_count":0,"_bbp_topic_count_hidden":0,"_bbp_reply_count_hidden":0,"_bbp_forum_subforum_count":0,"_mi_skip_tracking":false,"_monsterinsights_sitenote_active":false,"_monsterinsights_sitenote_note":"","_monsterinsights_sitenote_category":0,"footnotes":""},"acf":[],"_links":{"self":[{"href":"https:\/\/3ciencias.com\/en\/wp-json\/wp\/v2\/pages\/9587"}],"collection":[{"href":"https:\/\/3ciencias.com\/en\/wp-json\/wp\/v2\/pages"}],"about":[{"href":"https:\/\/3ciencias.com\/en\/wp-json\/wp\/v2\/types\/page"}],"author":[{"embeddable":true,"href":"https:\/\/3ciencias.com\/en\/wp-json\/wp\/v2\/users\/2"}],"replies":[{"embeddable":true,"href":"https:\/\/3ciencias.com\/en\/wp-json\/wp\/v2\/comments?post=9587"}],"version-history":[{"count":0,"href":"https:\/\/3ciencias.com\/en\/wp-json\/wp\/v2\/pages\/9587\/revisions"}],"up":[{"embeddable":true,"href":"https:\/\/3ciencias.com\/en\/wp-json\/wp\/v2\/pages\/9603"}],"wp:attachment":[{"href":"https:\/\/3ciencias.com\/en\/wp-json\/wp\/v2\/media?parent=9587"}],"curies":[{"name":"wp","href":"https:\/\/api.w.org\/{rel}","templated":true}]}}