{"id":9586,"date":"2016-05-20T21:20:18","date_gmt":"2016-05-20T19:20:18","guid":{"rendered":"https:\/\/3ciencias.com\/uso-de-material-audiovisual-cinematografico-como-metodo-de-innovacion-docente\/"},"modified":"2016-05-20T21:20:18","modified_gmt":"2016-05-20T19:20:18","slug":"uso-de-material-audiovisual-cinematografico-como-metodo-de-innovacion-docente","status":"publish","type":"page","link":"https:\/\/3ciencias.com\/en\/i-congreso-internacional-online-del-empleo-de-las-tic-en-la-sociedad-la-educacion-y-la-empresa\/i-congreso-internacional-online-del-uso-las-tic-la-sociedad-la-educacion-la-empresa\/comunicaciones\/uso-las-tic-la-educacion\/uso-de-material-audiovisual-cinematografico-como-metodo-de-innovacion-docente\/","title":{"rendered":"Uso de material audiovisual cinematogr\u00e1fico como m\u00e9todo de innovaci\u00f3n docente"},"content":{"rendered":"<p style=\"text-align: justify;\">El presente trabajo pretende dar a conocer un m\u00e9todo basado en el uso de material audiovisual cinematogr\u00e1fico como medio para dinamizar el proceso ense\u00f1anza-aprendizaje. Se estudiara la integraci\u00f3n en el curr\u00edculo de m\u00f3dulos de Formaci\u00f3n Profesional.<br \/>\nLa metodolog\u00eda se basa en el visionado de secuencias de pel\u00edculas con el fin de que el alumno pueda identificar diferentes elementos relacionados con la unidad de trabajo a tratar. Esto propicia una introducci\u00f3n de los contenidos de una manera m\u00e1s din\u00e1mica, distinta y contextualizada.<\/p>\n<p style=\"text-align: right;\"><strong>Francisco Jos\u00e9 Mart\u00ednez Hern\u00e1ndez<\/strong><br \/>\nIngeniero de Edificaci\u00f3n por la <a href=\"http:\/\/www.upct.es\" target=\"_blank\" rel=\"noopener\">Universidad Polit\u00e9cnica de Cartagena<\/a>. M\u00e1ster de Formaci\u00f3n del Profesorado en la <a href=\"http:\/\/www.um.es\" target=\"_blank\" rel=\"noopener\">Universidad de Murcia<\/a>. Familias profesionales de Industriales e Inform\u00e1tica en FP. Itinerario de Construcci\u00f3n. Murcia. Espa\u00f1a. E-Mail: <a href=\"mailto:fmartinez.ide@gmail.com\">fmartinez.ide@gmail.com<\/a><\/p>\n","protected":false},"excerpt":{"rendered":"<p>El presente trabajo pretende dar a conocer un m\u00e9todo basado en el uso de material audiovisual cinematogr\u00e1fico como medio para dinamizar el proceso ense\u00f1anza-aprendizaje. Se estudiara la integraci\u00f3n en el curr\u00edculo de m\u00f3dulos de Formaci\u00f3n Profesional. La metodolog\u00eda se basa &hellip; <a href=\"https:\/\/3ciencias.com\/en\/i-congreso-internacional-online-del-empleo-de-las-tic-en-la-sociedad-la-educacion-y-la-empresa\/i-congreso-internacional-online-del-uso-las-tic-la-sociedad-la-educacion-la-empresa\/comunicaciones\/uso-las-tic-la-educacion\/uso-de-material-audiovisual-cinematografico-como-metodo-de-innovacion-docente\/\">leer m\u00e1s <span class=\"meta-nav\">&rarr;<\/span><\/a><\/p>\n","protected":false},"author":2,"featured_media":0,"parent":9603,"menu_order":0,"comment_status":"open","ping_status":"closed","template":"tp-congreso.php","meta":{"_bbp_topic_count":0,"_bbp_reply_count":0,"_bbp_total_topic_count":0,"_bbp_total_reply_count":0,"_bbp_voice_count":0,"_bbp_anonymous_reply_count":0,"_bbp_topic_count_hidden":0,"_bbp_reply_count_hidden":0,"_bbp_forum_subforum_count":0,"_mi_skip_tracking":false,"_monsterinsights_sitenote_active":false,"_monsterinsights_sitenote_note":"","_monsterinsights_sitenote_category":0,"footnotes":""},"acf":[],"_links":{"self":[{"href":"https:\/\/3ciencias.com\/en\/wp-json\/wp\/v2\/pages\/9586"}],"collection":[{"href":"https:\/\/3ciencias.com\/en\/wp-json\/wp\/v2\/pages"}],"about":[{"href":"https:\/\/3ciencias.com\/en\/wp-json\/wp\/v2\/types\/page"}],"author":[{"embeddable":true,"href":"https:\/\/3ciencias.com\/en\/wp-json\/wp\/v2\/users\/2"}],"replies":[{"embeddable":true,"href":"https:\/\/3ciencias.com\/en\/wp-json\/wp\/v2\/comments?post=9586"}],"version-history":[{"count":0,"href":"https:\/\/3ciencias.com\/en\/wp-json\/wp\/v2\/pages\/9586\/revisions"}],"up":[{"embeddable":true,"href":"https:\/\/3ciencias.com\/en\/wp-json\/wp\/v2\/pages\/9603"}],"wp:attachment":[{"href":"https:\/\/3ciencias.com\/en\/wp-json\/wp\/v2\/media?parent=9586"}],"curies":[{"name":"wp","href":"https:\/\/api.w.org\/{rel}","templated":true}]}}