{"id":9585,"date":"2016-05-20T23:21:27","date_gmt":"2016-05-20T21:21:27","guid":{"rendered":"https:\/\/3ciencias.com\/caracterizacion-tecnologias-saas-medio-la-optimizacion-recursos-ti\/"},"modified":"2016-05-20T23:21:27","modified_gmt":"2016-05-20T21:21:27","slug":"caracterizacion-tecnologias-saas-medio-la-optimizacion-recursos-ti","status":"publish","type":"page","link":"https:\/\/3ciencias.com\/en\/i-congreso-internacional-online-del-empleo-de-las-tic-en-la-sociedad-la-educacion-y-la-empresa\/i-congreso-internacional-online-del-uso-las-tic-la-sociedad-la-educacion-la-empresa\/comunicaciones\/uso-las-tic-la-empresa\/caracterizacion-tecnologias-saas-medio-la-optimizacion-recursos-ti\/","title":{"rendered":"Caracterizaci\u00f3n de tecnolog\u00edas \u201cSAAS\u201d como medio para la optimizaci\u00f3n de recursos TI"},"content":{"rendered":"<p style=\"text-align: justify;\">El presente trabajo tiene como objetivo caracterizar las tecnolog\u00edas &#8220;SaaS&#8221;, como instrumento para optimizar los recursos de TI. Se realiza un an\u00e1lisis sobre la fundamentaci\u00f3n conceptual necesaria para el manejo de la Infraestructura como un servicio, sus modelos de despliegue y sobre el <em>outsourcing<\/em> integral de tecnolog\u00eda. Con base en toda esta fundamentaci\u00f3n se plantea la implementaci\u00f3n de un <em>software<\/em> integral dentro de un importante grupo empresarial del Ecuador, y se determina aquellos atributos peculiares para adoptar estas tecnolog\u00edas.<\/p>\n<p style=\"text-align: right;\"><strong>Galo L\u00f3pez Sevilla<\/strong><br \/>\nIngeniero en Sistemas. Magister en Inform\u00e1tica. Universidad T\u00e9cnica de Ambato, Docente de la Escuela de Ingenier\u00eda en Sistemas, Pontificia Universidad Cat\u00f3lica del Ecuador, Ambato \u2013 Ecuador. Correo: glopez@pucesa.edu.ec<\/p>\n<p style=\"text-align: right;\"><strong>Patricio Medina Chicaiza<\/strong><br \/>\nIngeniero de Sistemas y Computaci\u00f3n. Magister en Tecnolog\u00edas de la Informaci\u00f3n. Pontificia Universidad Cat\u00f3lica del Ecuador, Docente de la Escuela de Ingenier\u00eda en Sistemas. Universidad T\u00e9cnica de Ambato, Docente de la Facultad de Ciencias Administrativas, Ambato \u2013 Ecuador. Correo: pmedina@pucesa.edu.ec; ricardopmedina@uta.edu.ec<\/p>\n<p style=\"text-align: right;\"><strong>Teresa Freire Aill\u00f3n<\/strong><br \/>\nIngeniero en Sistemas. Magister en Gerencia Inform\u00e1tica. Universidad T\u00e9cnica de Ambato, Docente de la Escuela de Ingenier\u00eda en Sistemas, Pontificia Universidad Cat\u00f3lica del Ecuador, Ambato \u2013 Ecuador. Correo: tfreire@pucesa.edu.ec<\/p>\n<p style=\"text-align: right;\"><strong>William Fiallos L\u00f3pez<\/strong><br \/>\nIngeniero de Sistemas y Computaci\u00f3n. Magister en Gerencia Inform\u00e1tica. Pontificia Universidad Cat\u00f3lica del Ecuador. Ambato \u2013 Ecuador. Correo: william_fiallos@msn.com<\/p>\n","protected":false},"excerpt":{"rendered":"<p>El presente trabajo tiene como objetivo caracterizar las tecnolog\u00edas &#8220;SaaS&#8221;, como instrumento para optimizar los recursos de TI. Se realiza un an\u00e1lisis sobre la fundamentaci\u00f3n conceptual necesaria para el manejo de la Infraestructura como un servicio, sus modelos de despliegue &hellip; <a href=\"https:\/\/3ciencias.com\/en\/i-congreso-internacional-online-del-empleo-de-las-tic-en-la-sociedad-la-educacion-y-la-empresa\/i-congreso-internacional-online-del-uso-las-tic-la-sociedad-la-educacion-la-empresa\/comunicaciones\/uso-las-tic-la-empresa\/caracterizacion-tecnologias-saas-medio-la-optimizacion-recursos-ti\/\">leer m\u00e1s <span class=\"meta-nav\">&rarr;<\/span><\/a><\/p>\n","protected":false},"author":2,"featured_media":0,"parent":9602,"menu_order":0,"comment_status":"open","ping_status":"closed","template":"tp-congreso.php","meta":{"_bbp_topic_count":0,"_bbp_reply_count":0,"_bbp_total_topic_count":0,"_bbp_total_reply_count":0,"_bbp_voice_count":0,"_bbp_anonymous_reply_count":0,"_bbp_topic_count_hidden":0,"_bbp_reply_count_hidden":0,"_bbp_forum_subforum_count":0,"_mi_skip_tracking":false,"_monsterinsights_sitenote_active":false,"_monsterinsights_sitenote_note":"","_monsterinsights_sitenote_category":0,"footnotes":""},"acf":[],"_links":{"self":[{"href":"https:\/\/3ciencias.com\/en\/wp-json\/wp\/v2\/pages\/9585"}],"collection":[{"href":"https:\/\/3ciencias.com\/en\/wp-json\/wp\/v2\/pages"}],"about":[{"href":"https:\/\/3ciencias.com\/en\/wp-json\/wp\/v2\/types\/page"}],"author":[{"embeddable":true,"href":"https:\/\/3ciencias.com\/en\/wp-json\/wp\/v2\/users\/2"}],"replies":[{"embeddable":true,"href":"https:\/\/3ciencias.com\/en\/wp-json\/wp\/v2\/comments?post=9585"}],"version-history":[{"count":0,"href":"https:\/\/3ciencias.com\/en\/wp-json\/wp\/v2\/pages\/9585\/revisions"}],"up":[{"embeddable":true,"href":"https:\/\/3ciencias.com\/en\/wp-json\/wp\/v2\/pages\/9602"}],"wp:attachment":[{"href":"https:\/\/3ciencias.com\/en\/wp-json\/wp\/v2\/media?parent=9585"}],"curies":[{"name":"wp","href":"https:\/\/api.w.org\/{rel}","templated":true}]}}