{"id":9584,"date":"2016-05-21T00:09:46","date_gmt":"2016-05-20T22:09:46","guid":{"rendered":"https:\/\/3ciencias.com\/estudio-factibilidad-publicitar-productos-empresariales-codigos-qr\/"},"modified":"2016-05-21T00:09:46","modified_gmt":"2016-05-20T22:09:46","slug":"estudio-factibilidad-publicitar-productos-empresariales-codigos-qr","status":"publish","type":"page","link":"https:\/\/3ciencias.com\/en\/i-congreso-internacional-online-del-empleo-de-las-tic-en-la-sociedad-la-educacion-y-la-empresa\/i-congreso-internacional-online-del-uso-las-tic-la-sociedad-la-educacion-la-empresa\/comunicaciones\/uso-las-tic-la-empresa\/estudio-factibilidad-publicitar-productos-empresariales-codigos-qr\/","title":{"rendered":"Estudio de factibilidad para publicitar productos empresariales con c\u00f3digos QR"},"content":{"rendered":"<p style=\"text-align: justify;\">El presente trabajo tiene como objetivo realizar un estudio de factibilidad para publicitar productos empresariales con c\u00f3digos QR en la ciudad Ambato-Ecuador. Se ejecut\u00f3 un diagn\u00f3stico a trav\u00e9s del sistema de marco l\u00f3gico, posteriormente se realiz\u00f3 un estudio de mercado, t\u00e9cnico-administrativo y econ\u00f3mico-financiero con el prop\u00f3sito de determinar la factibilidad y viabilidad de esta idea de negocio a trav\u00e9s de la evaluaci\u00f3n econ\u00f3mica y financiera. Adem\u00e1s, con el marco l\u00f3gico se defini\u00f3 los problemas e involucrados directos e indirectos. Mediante el an\u00e1lisis de mercado se determin\u00f3 una demanda potencial insatisfecha, insuficiente innovaci\u00f3n en los productos publicitarios de las empresas. En el estudio t\u00e9cnico-administrativo se destaca el marco legal de la empresa y la ingenier\u00eda del proyecto, estableciendo los insumos, servicios b\u00e1sicos, equipos, herramientas y personal de contacto indispensable, adem\u00e1s de la localizaci\u00f3n, tama\u00f1o \u00f3ptimo y los procesos de servicio. En la fase econ\u00f3mica-financiera se centr\u00f3 en hallar la inversi\u00f3n inicial, determinar los ingresos brutos y gastos, reflejados en el estado de resultados y el balance general. Finalmente, la evaluaci\u00f3n econ\u00f3mica y financiera mostr\u00f3 la factibilidad y viabilidad del proyecto mediante los evaluadores en tiempo presente y futuro. Dentro de las conclusiones se evidenci\u00f3 resultados positivos para el valor actual neto, tasa interna de retorno y la relaci\u00f3n costo\/beneficio, por lo que la creaci\u00f3n de una empresa que publicite productos empresariales con c\u00f3digos QR lograr\u00e1 un creciente segmento de mercado. Adem\u00e1s, se da a conocer sitios web gratuitos para crear y leer c\u00f3digos QR.<\/p>\n<p style=\"text-align: right;\"><strong>Fernando Silva Ordo\u00f1ez<\/strong><br \/>\nIngeniero de Empresas. Magister en Gesti\u00f3n Estrat\u00e9gica Empresarial. Magister en Administraci\u00f3n y Marketing. Universidad T\u00e9cnica de Ambato, Docente de la Facultad de Ciencias Administrativas, Ambato \u2013 Ecuador. Correo: ivanfsilva@uta.edu.ec<\/p>\n<p style=\"text-align: right;\"><strong>Patricio Medina Chicaiza<\/strong><br \/>\nIngeniero de Sistemas y Computaci\u00f3n. Magister en Tecnolog\u00edas de la Informaci\u00f3n. Pontificia Universidad Cat\u00f3lica del Ecuador, Docente de la Escuela de Ingenier\u00eda en Sistemas. Universidad T\u00e9cnica de Ambato, Docente de la Facultad de Ciencias Administrativas, Ambato \u2013 Ecuador. Correo: pmedina@pucesa.edu.ec; ricardopmedina@uta.edu.ec<\/p>\n<p style=\"text-align: right;\"><strong>Soledad Sarzosa Rivera<\/strong><br \/>\nAsistente de Investigaci\u00f3n. Universidad T\u00e9cnica de Ambato. Ambato \u2013 Ecuador. Correo: estefaniasarzosa@gmail.com<\/p>\n","protected":false},"excerpt":{"rendered":"<p>El presente trabajo tiene como objetivo realizar un estudio de factibilidad para publicitar productos empresariales con c\u00f3digos QR en la ciudad Ambato-Ecuador. Se ejecut\u00f3 un diagn\u00f3stico a trav\u00e9s del sistema de marco l\u00f3gico, posteriormente se realiz\u00f3 un estudio de mercado, &hellip; <a href=\"https:\/\/3ciencias.com\/en\/i-congreso-internacional-online-del-empleo-de-las-tic-en-la-sociedad-la-educacion-y-la-empresa\/i-congreso-internacional-online-del-uso-las-tic-la-sociedad-la-educacion-la-empresa\/comunicaciones\/uso-las-tic-la-empresa\/estudio-factibilidad-publicitar-productos-empresariales-codigos-qr\/\">leer m\u00e1s <span class=\"meta-nav\">&rarr;<\/span><\/a><\/p>\n","protected":false},"author":2,"featured_media":0,"parent":9602,"menu_order":0,"comment_status":"open","ping_status":"closed","template":"tp-congreso.php","meta":{"_bbp_topic_count":0,"_bbp_reply_count":0,"_bbp_total_topic_count":0,"_bbp_total_reply_count":0,"_bbp_voice_count":0,"_bbp_anonymous_reply_count":0,"_bbp_topic_count_hidden":0,"_bbp_reply_count_hidden":0,"_bbp_forum_subforum_count":0,"_mi_skip_tracking":false,"_monsterinsights_sitenote_active":false,"_monsterinsights_sitenote_note":"","_monsterinsights_sitenote_category":0,"footnotes":""},"acf":[],"_links":{"self":[{"href":"https:\/\/3ciencias.com\/en\/wp-json\/wp\/v2\/pages\/9584"}],"collection":[{"href":"https:\/\/3ciencias.com\/en\/wp-json\/wp\/v2\/pages"}],"about":[{"href":"https:\/\/3ciencias.com\/en\/wp-json\/wp\/v2\/types\/page"}],"author":[{"embeddable":true,"href":"https:\/\/3ciencias.com\/en\/wp-json\/wp\/v2\/users\/2"}],"replies":[{"embeddable":true,"href":"https:\/\/3ciencias.com\/en\/wp-json\/wp\/v2\/comments?post=9584"}],"version-history":[{"count":0,"href":"https:\/\/3ciencias.com\/en\/wp-json\/wp\/v2\/pages\/9584\/revisions"}],"up":[{"embeddable":true,"href":"https:\/\/3ciencias.com\/en\/wp-json\/wp\/v2\/pages\/9602"}],"wp:attachment":[{"href":"https:\/\/3ciencias.com\/en\/wp-json\/wp\/v2\/media?parent=9584"}],"curies":[{"name":"wp","href":"https:\/\/api.w.org\/{rel}","templated":true}]}}