{"id":9582,"date":"2016-05-21T10:01:11","date_gmt":"2016-05-21T08:01:11","guid":{"rendered":"https:\/\/3ciencias.com\/desarrollo-mejoras-bienes-consumo-tecnologia-tic-la-infancia-traves-analisis-riesgos-screenrisk\/"},"modified":"2016-05-21T10:01:11","modified_gmt":"2016-05-21T08:01:11","slug":"desarrollo-mejoras-bienes-consumo-tecnologia-tic-la-infancia-traves-analisis-riesgos-screenrisk","status":"publish","type":"page","link":"https:\/\/3ciencias.com\/en\/i-congreso-internacional-online-del-empleo-de-las-tic-en-la-sociedad-la-educacion-y-la-empresa\/i-congreso-internacional-online-del-uso-las-tic-la-sociedad-la-educacion-la-empresa\/comunicaciones\/uso-las-tic-la-sociedad\/desarrollo-mejoras-bienes-consumo-tecnologia-tic-la-infancia-traves-analisis-riesgos-screenrisk\/","title":{"rendered":"Desarrollo de mejoras en bienes de consumo con tecnolog\u00eda TIC para la infancia a trav\u00e9s de an\u00e1lisis de riesgos-SCREENRISK"},"content":{"rendered":"<p style=\"text-align: justify;\">El objetivo de este trabajo de investigaci\u00f3n fue la evaluaci\u00f3n de riesgos enfocada a los da\u00f1os f\u00edsicos, psicol\u00f3gicos y conductuales que la funci\u00f3n l\u00fadica de los dispositivos TIC puede causar en ni\u00f1os de 2-6 a\u00f1os.<\/p>\n<p style=\"text-align: justify;\">Metodolog\u00eda: revisi\u00f3n bibliogr\u00e1fica psicol\u00f3gica y social en ni\u00f1os debida al uso excesivo de dispositivos TIC. Evaluaci\u00f3n de riesgos f\u00edsicos realizada por cuantificaci\u00f3n con ensayos de laboratorio, de los dispositivos m\u00e1s habituales con las aplicaciones infantiles m\u00e1s usadas, simulando la exposici\u00f3n del ni\u00f1o a la fuente potencial de da\u00f1o o caracter\u00edstica del producto que podr\u00eda causar lesi\u00f3n.<\/p>\n<p style=\"text-align: justify;\">El resultado fue una gu\u00eda de actuaci\u00f3n y recomendaciones sobre el uso responsable y saludable de TIC en ni\u00f1os de 2-6 a\u00f1os. Secciones: una dirigida a empresas y otra dirigida a padres, educadores, cuidadores y profesionales involucrados en el desarrollo de ni\u00f1os.<\/p>\n<p style=\"text-align: justify;\">Este trabajo cient\u00edfico ha sido realizado por AIJU, Instituto Tecnol\u00f3gico de Producto Infantil y Ocio con la financiaci\u00f3n de la Generalitat Valenciana, IVACE, Instituto Valenciano de Competitividad Empresarial.<\/p>\n<p style=\"text-align: right;\"><strong>Ana S\u00e1nchez Reche<\/strong><br \/>\nDoctora en Ciencias Qu\u00edmicas por la Universidad Polit\u00e9cnica de Valencia. Amplia formaci\u00f3n y experiencia en seguridad infantil y en productos infantiles de consumo. Experta en organizaci\u00f3n y coordinaci\u00f3n de actividades de I+D+i, de car\u00e1cter tanto nacional como europeo as\u00ed como la publicaci\u00f3n de diversos art\u00edculos de car\u00e1cter cient\u00edfico y publicaciones de seguridad infantil. Investigaci\u00f3n principal y coordinaci\u00f3n. AIJU, Instituto Tecnol\u00f3gico de producto infantil y ocio. Ibi, Alicante. Espa\u00f1a. E-Mail: <a href=\"mailto:anasanchez@aiju.info\">anasanchez@aiju.info<\/a><\/p>\n<p style=\"text-align: right;\"><strong>Karina Pern\u00edas Peco<\/strong><br \/>\nLicenciada en Ciencias Qu\u00edmicas y M\u00e1ster en Ciencia y Tecnolog\u00eda Qu\u00edmica. Experta en seguridad de juguetes, entornos de juego y art\u00edculos de puericultura desde 1988. Desde 1990 responsable del \u00c1rea F\u00edsica de Seguridad de Productos Infantiles de AIJU. <a href=\"http:\/\/www.aiju.info\/\" target=\"_blank\" rel=\"noopener\">AIJU<\/a>, Instituto Tecnol\u00f3gico de producto infantil y ocio. Ibi, Alicante. Espa\u00f1a. E-Mail: <a href=\"mailto:karinapernias@aiju.info\">karinapernias@aiju.info<\/a><\/p>\n<p style=\"text-align: right;\"><strong>M\u00aa Carmen Hita L\u00f3pez<\/strong><br \/>\nDoctora en Ciencias Qu\u00edmicas por la Universidad de Alicante y estancia postdoctoral de 3 a\u00f1os en la Universidad de Basilea en I+D+i. Involucrada en ocho proyectos de I+D+i de car\u00e1cter nacional y dos de car\u00e1cter internacional.\u00a0 Ha publicado 7 art\u00edculos cient\u00edficos de relevancia internacional. Project Manager Children\u00b4s Products Safety \/Seguridad de Productos Infantiles, <a href=\"http:\/\/www.aiju.info\/\" target=\"_blank\" rel=\"noopener\">AIJU<\/a>, Instituto Tecnol\u00f3gico de producto infantil y ocio. Ibi, Alicante. Espa\u00f1a. E-Mail: <a href=\"mailto:carmenhita@aiju.info\">carmenhita@aiju.info<\/a><\/p>\n<p style=\"text-align: right;\"><strong>M\u00aa Cruz Arenas Montilla<\/strong><br \/>\nLicenciada en Ingenier\u00eda Qu\u00edmica por la Universidad de Alicante. Experta en seguridad de producto infantil y en evaluaci\u00f3n de riesgos en productos y entornos infantiles, unidad t\u00e9cnica de \u201cTecnolog\u00edas y ensayos\u201d. <a href=\"http:\/\/www.aiju.info\/\" target=\"_blank\" rel=\"noopener\">AIJU<\/a>, Instituto Tecnol\u00f3gico de producto infantil y ocio. Ibi, Alicante. Espa\u00f1a. E-Mail: <a href=\"mailto:mcruzarenas@aiju.info\">mcruzarenas@aiju.info<\/a>.<\/p>\n<p style=\"text-align: right;\"><strong>Sonia Pinte\u00f1o Romero<\/strong><br \/>\nIngeniera T\u00e9cnico Industrial, especialidad Qu\u00edmica Industrial por la Escuela Polit\u00e9cnica Superior de Alcoy. T\u00e9cnico especialista en seguridad de art\u00edculos de puericultura. <a href=\"http:\/\/www.aiju.info\/\" target=\"_blank\" rel=\"noopener\">AIJU<\/a>, Instituto Tecnol\u00f3gico de producto infantil y ocio. Ibi, Alicante. E-Mail: <a href=\"mailto:soniapinteno@aiju.info\">soniapinteno@aiju.info<\/a><\/p>\n","protected":false},"excerpt":{"rendered":"<p>El objetivo de este trabajo de investigaci\u00f3n fue la evaluaci\u00f3n de riesgos enfocada a los da\u00f1os f\u00edsicos, psicol\u00f3gicos y conductuales que la funci\u00f3n l\u00fadica de los dispositivos TIC puede causar en ni\u00f1os de 2-6 a\u00f1os. Metodolog\u00eda: revisi\u00f3n bibliogr\u00e1fica psicol\u00f3gica y &hellip; <a href=\"https:\/\/3ciencias.com\/en\/i-congreso-internacional-online-del-empleo-de-las-tic-en-la-sociedad-la-educacion-y-la-empresa\/i-congreso-internacional-online-del-uso-las-tic-la-sociedad-la-educacion-la-empresa\/comunicaciones\/uso-las-tic-la-sociedad\/desarrollo-mejoras-bienes-consumo-tecnologia-tic-la-infancia-traves-analisis-riesgos-screenrisk\/\">leer m\u00e1s <span class=\"meta-nav\">&rarr;<\/span><\/a><\/p>\n","protected":false},"author":2,"featured_media":0,"parent":9601,"menu_order":0,"comment_status":"open","ping_status":"closed","template":"tp-congreso.php","meta":{"_bbp_topic_count":0,"_bbp_reply_count":0,"_bbp_total_topic_count":0,"_bbp_total_reply_count":0,"_bbp_voice_count":0,"_bbp_anonymous_reply_count":0,"_bbp_topic_count_hidden":0,"_bbp_reply_count_hidden":0,"_bbp_forum_subforum_count":0,"_mi_skip_tracking":false,"_monsterinsights_sitenote_active":false,"_monsterinsights_sitenote_note":"","_monsterinsights_sitenote_category":0,"footnotes":""},"acf":[],"_links":{"self":[{"href":"https:\/\/3ciencias.com\/en\/wp-json\/wp\/v2\/pages\/9582"}],"collection":[{"href":"https:\/\/3ciencias.com\/en\/wp-json\/wp\/v2\/pages"}],"about":[{"href":"https:\/\/3ciencias.com\/en\/wp-json\/wp\/v2\/types\/page"}],"author":[{"embeddable":true,"href":"https:\/\/3ciencias.com\/en\/wp-json\/wp\/v2\/users\/2"}],"replies":[{"embeddable":true,"href":"https:\/\/3ciencias.com\/en\/wp-json\/wp\/v2\/comments?post=9582"}],"version-history":[{"count":0,"href":"https:\/\/3ciencias.com\/en\/wp-json\/wp\/v2\/pages\/9582\/revisions"}],"up":[{"embeddable":true,"href":"https:\/\/3ciencias.com\/en\/wp-json\/wp\/v2\/pages\/9601"}],"wp:attachment":[{"href":"https:\/\/3ciencias.com\/en\/wp-json\/wp\/v2\/media?parent=9582"}],"curies":[{"name":"wp","href":"https:\/\/api.w.org\/{rel}","templated":true}]}}